{"id":10917,"date":"2024-11-13T15:18:52","date_gmt":"2024-11-13T07:18:52","guid":{"rendered":"https:\/\/chemneo.com\/product\/10917.html"},"modified":"2024-11-13T15:18:53","modified_gmt":"2024-11-13T07:18:53","slug":"valerian-root-oil-cas-8008-88-6-2","status":"publish","type":"product","link":"https:\/\/chemneo.com\/pt\/product\/10917.html","title":{"rendered":"\u00d3leo de raiz de valeriana CAS 8008-88-6"},"content":{"rendered":"<p>Descri\u00e7\u00e3o<\/p>\n<p>\tValerian root oil Details<br \/>\nChemical Name: Valerian root oil<br \/>\nSynonyms: Valerian oil; Valeriana officinalis oil<br \/>\nCAS No.: 8008-88-6<br \/>\nF\u00f3rmula molecular: C15H26O<br \/>\nMolecular Weight: 222.36634<br \/>\nMolecular\u00a0Structure:<br \/>\nAspeto: L\u00edquido<br \/>\nValerian root oil Typical Properties<\/p>\n<p>Specific rotation<br \/>\n-25 \u00ba<\/p>\n<p>Densidade<br \/>\n0.942-0.984<\/p>\n<p>Apar\u00eancia<br \/>\nL\u00edquido<\/p>\n<p>Colour<br \/>\nLight yellow to brown<\/p>\n<p>\u00cdndice de refra\u00e7\u00e3o<br \/>\n1.4860-1.5025<\/p>\n<p>Ponto de inflama\u00e7\u00e3o<br \/>\n44\u00b0C<\/p>\n<p>\u00a0<br \/>\nValerian root oil Usage<br \/>\nMainly used for blending tobacco, food and wine flavors. Sometimes it is also used in small amounts in cosmetic fragrances.<br \/>\nValerian root oil Packaging and Shipping<br \/>\nPacking: 25KG\/Drum<br \/>\nValerian root oil Storage<br \/>\nVentilated and low temperature drying.<\/p>","protected":false},"excerpt":{"rendered":"<p>Chemical Name: Valerian root oil<br \/>\nSynonyms: Valerian oil; Valeriana officinalis oil<br \/>\nCAS No.: 8008-88-6<br \/>\nF\u00f3rmula molecular: C15H26O<br \/>\nMolecular Weight: 222.36634<br \/>\nAspeto: L\u00edquido<\/p>","protected":false},"featured_media":7719,"comment_status":"open","ping_status":"closed","template":"","meta":[],"product_brand":[],"product_cat":[17],"product_tag":[],"class_list":{"0":"post-10917","1":"product","2":"type-product","3":"status-publish","4":"has-post-thumbnail","6":"product_cat-uncategorized","8":"first","9":"instock","10":"shipping-taxable","11":"product-type-simple"},"_links":{"self":[{"href":"https:\/\/chemneo.com\/pt\/wp-json\/wp\/v2\/product\/10917","targetHints":{"allow":["GET"]}}],"collection":[{"href":"https:\/\/chemneo.com\/pt\/wp-json\/wp\/v2\/product"}],"about":[{"href":"https:\/\/chemneo.com\/pt\/wp-json\/wp\/v2\/types\/product"}],"replies":[{"embeddable":true,"href":"https:\/\/chemneo.com\/pt\/wp-json\/wp\/v2\/comments?post=10917"}],"wp:featuredmedia":[{"embeddable":true,"href":"https:\/\/chemneo.com\/pt\/wp-json\/wp\/v2\/media\/7719"}],"wp:attachment":[{"href":"https:\/\/chemneo.com\/pt\/wp-json\/wp\/v2\/media?parent=10917"}],"wp:term":[{"taxonomy":"product_brand","embeddable":true,"href":"https:\/\/chemneo.com\/pt\/wp-json\/wp\/v2\/product_brand?post=10917"},{"taxonomy":"product_cat","embeddable":true,"href":"https:\/\/chemneo.com\/pt\/wp-json\/wp\/v2\/product_cat?post=10917"},{"taxonomy":"product_tag","embeddable":true,"href":"https:\/\/chemneo.com\/pt\/wp-json\/wp\/v2\/product_tag?post=10917"}],"curies":[{"name":"wp","href":"https:\/\/api.w.org\/{rel}","templated":true}]}}