{"id":10923,"date":"2024-11-13T15:18:53","date_gmt":"2024-11-13T07:18:53","guid":{"rendered":"https:\/\/chemneo.com\/product\/10923.html"},"modified":"2024-11-13T15:18:53","modified_gmt":"2024-11-13T07:18:53","slug":"pentaethylene-glycol-monomethyl-ether-cas-23778-52-1-2","status":"publish","type":"product","link":"https:\/\/chemneo.com\/pt\/product\/10923.html","title":{"rendered":"\u00c9ter monomet\u00edlico de pentaetilenoglicol Cas 23778-52-1"},"content":{"rendered":"<p>Descri\u00e7\u00e3o<\/p>\n<p>\tPentaethylene Glycol Monomethyl Ether Quick Details<br \/>\nChemical Name: Pentaethylene Glycol Monomethyl Ether<br \/>\nSynonyms: 3,6,9,12,15-Pentaoxahexadecanol<br \/>\nCAS No.: 23778-52-1<br \/>\nMolecular Fomula: C11H24O6<br \/>\nChemical Structure:<\/p>\n<p>Molecular weight:\u00a0252.3<br \/>\nAspeto: L\u00edquido incolor a amarelo claro<br \/>\nEnsaio\uff1a\u226598.0%<br \/>\nPentaethylene Glycol Monomethyl Ether Typical Properties<\/p>\n<p>ITEMS<br \/>\nSPECIFICATION<\/p>\n<p>Densidade<br \/>\n1.08<\/p>\n<p>Ponto de ebuli\u00e7\u00e3o<br \/>\n110 \u00b0C<\/p>\n<p>Refractive index<br \/>\n\u00a01.4480 to 1.4520<\/p>\n<p>Pentaethylene Glycol Monomethyl Ether application:<br \/>\nApplication and ligand research, peptide synthesis support, grafting polymer compounds, new materials, polyethylene glycol modified functional coatings, etc.<br \/>\nPentaethylene Glycol Monomethyl Ether Packaging and Shipping<br \/>\nCustomized according to customer needs.<br \/>\nPentaethylene Glycol Monomethyl Ether Storage<br \/>\nVentilation and low-temperature (-20\u00b0C\u00a0) drying<\/p>","protected":false},"excerpt":{"rendered":"<p>Chemical Name: Pentaethylene Glycol Monomethyl Ether<br \/>\nSynonyms: 3,6,9,12,15-Pentaoxahexadecanol<br \/>\nCAS No.: 23778-52-1<br \/>\nMolecular Fomula: C11H24O6<br \/>\nMolecular weight:\u00a0252.3<br \/>\nAspeto: L\u00edquido incolor a amarelo claro<br \/>\nEnsaio\uff1a\u226598.0%<\/p>","protected":false},"featured_media":7731,"comment_status":"open","ping_status":"closed","template":"","meta":[],"product_brand":[],"product_cat":[17],"product_tag":[],"class_list":{"0":"post-10923","1":"product","2":"type-product","3":"status-publish","4":"has-post-thumbnail","6":"product_cat-uncategorized","8":"first","9":"instock","10":"shipping-taxable","11":"product-type-simple"},"_links":{"self":[{"href":"https:\/\/chemneo.com\/pt\/wp-json\/wp\/v2\/product\/10923","targetHints":{"allow":["GET"]}}],"collection":[{"href":"https:\/\/chemneo.com\/pt\/wp-json\/wp\/v2\/product"}],"about":[{"href":"https:\/\/chemneo.com\/pt\/wp-json\/wp\/v2\/types\/product"}],"replies":[{"embeddable":true,"href":"https:\/\/chemneo.com\/pt\/wp-json\/wp\/v2\/comments?post=10923"}],"wp:featuredmedia":[{"embeddable":true,"href":"https:\/\/chemneo.com\/pt\/wp-json\/wp\/v2\/media\/7731"}],"wp:attachment":[{"href":"https:\/\/chemneo.com\/pt\/wp-json\/wp\/v2\/media?parent=10923"}],"wp:term":[{"taxonomy":"product_brand","embeddable":true,"href":"https:\/\/chemneo.com\/pt\/wp-json\/wp\/v2\/product_brand?post=10923"},{"taxonomy":"product_cat","embeddable":true,"href":"https:\/\/chemneo.com\/pt\/wp-json\/wp\/v2\/product_cat?post=10923"},{"taxonomy":"product_tag","embeddable":true,"href":"https:\/\/chemneo.com\/pt\/wp-json\/wp\/v2\/product_tag?post=10923"}],"curies":[{"name":"wp","href":"https:\/\/api.w.org\/{rel}","templated":true}]}}