{"id":10928,"date":"2024-11-13T15:18:54","date_gmt":"2024-11-13T07:18:54","guid":{"rendered":"https:\/\/chemneo.com\/product\/10928.html"},"modified":"2024-11-13T15:18:54","modified_gmt":"2024-11-13T07:18:54","slug":"silicon-monoxide-cas-10097-28-6-2","status":"publish","type":"product","link":"https:\/\/chemneo.com\/pt\/product\/10928.html","title":{"rendered":"Silicon Monoxide CAS 10097-28-6"},"content":{"rendered":"<p>Descri\u00e7\u00e3o<\/p>\n<p>\tSilicon Monoxide Details<br \/>\nChemical Name: Silicon Monoxide<br \/>\nCAS No.: 10097-28-6<br \/>\nMolecular Formula: SiO<br \/>\nMolecular Weight: 44.09<br \/>\nMolecular\u00a0Structure:<br \/>\nAspeto: P\u00f3 preto<br \/>\nSilicon Monoxide Typical Properties<\/p>\n<p>Ponto de fus\u00e3o<br \/>\n1870 \u00b0C<\/p>\n<p>Pointing Point<br \/>\n1880\u00b0C<\/p>\n<p>Densidade<br \/>\n2.13 g\/mL at 25 \u00b0C (lit.)<\/p>\n<p>\u00cdndice de refra\u00e7\u00e3o<br \/>\n1.9800<\/p>\n<p>Solubilidade<br \/>\nInsoluble in water<\/p>\n<p>Ponto de inflama\u00e7\u00e3o<br \/>\n1880\u00b0C<\/p>\n<p>Apar\u00eancia<br \/>\nP\u00f3<\/p>\n<p>Colour<br \/>\nBlack<\/p>\n<p>Estabilidade<br \/>\nStable<\/p>\n<p>\u00a0<br \/>\nSilicon Monoxide Usage<br \/>\nMainly used for making optical glass and semiconductor materials.<br \/>\nSilicon Monoxide Packaging and Shipping<br \/>\nPacking: 25KG\/Drum<br \/>\nSilicon Monoxide Storage<br \/>\nKeep in a well-closed,light-resistant, dry and cool place.<\/p>","protected":false},"excerpt":{"rendered":"<p>Chemical Name: Silicon Monoxide<br \/>\nCAS No.: 10097-28-6<br \/>\nMolecular Formula: SiO<br \/>\nMolecular Weight: 44.09<br \/>\nAspeto: P\u00f3 preto<\/p>","protected":false},"featured_media":7741,"comment_status":"open","ping_status":"closed","template":"","meta":[],"product_brand":[],"product_cat":[17],"product_tag":[],"class_list":{"0":"post-10928","1":"product","2":"type-product","3":"status-publish","4":"has-post-thumbnail","6":"product_cat-uncategorized","8":"first","9":"instock","10":"shipping-taxable","11":"product-type-simple"},"_links":{"self":[{"href":"https:\/\/chemneo.com\/pt\/wp-json\/wp\/v2\/product\/10928","targetHints":{"allow":["GET"]}}],"collection":[{"href":"https:\/\/chemneo.com\/pt\/wp-json\/wp\/v2\/product"}],"about":[{"href":"https:\/\/chemneo.com\/pt\/wp-json\/wp\/v2\/types\/product"}],"replies":[{"embeddable":true,"href":"https:\/\/chemneo.com\/pt\/wp-json\/wp\/v2\/comments?post=10928"}],"wp:featuredmedia":[{"embeddable":true,"href":"https:\/\/chemneo.com\/pt\/wp-json\/wp\/v2\/media\/7741"}],"wp:attachment":[{"href":"https:\/\/chemneo.com\/pt\/wp-json\/wp\/v2\/media?parent=10928"}],"wp:term":[{"taxonomy":"product_brand","embeddable":true,"href":"https:\/\/chemneo.com\/pt\/wp-json\/wp\/v2\/product_brand?post=10928"},{"taxonomy":"product_cat","embeddable":true,"href":"https:\/\/chemneo.com\/pt\/wp-json\/wp\/v2\/product_cat?post=10928"},{"taxonomy":"product_tag","embeddable":true,"href":"https:\/\/chemneo.com\/pt\/wp-json\/wp\/v2\/product_tag?post=10928"}],"curies":[{"name":"wp","href":"https:\/\/api.w.org\/{rel}","templated":true}]}}