{"id":10929,"date":"2024-11-13T15:18:54","date_gmt":"2024-11-13T07:18:54","guid":{"rendered":"https:\/\/chemneo.com\/product\/10929.html"},"modified":"2024-11-13T15:18:54","modified_gmt":"2024-11-13T07:18:54","slug":"silicon-nitride-cas-12033-89-5-2","status":"publish","type":"product","link":"https:\/\/chemneo.com\/pt\/product\/10929.html","title":{"rendered":"Silicon Nitride CAS 12033-89-5"},"content":{"rendered":"<p>Descri\u00e7\u00e3o<\/p>\n<p>\tSilicon Nitride Details<br \/>\nChemical Name: Silicon Nitride<br \/>\nSynonyms: Trisilicon Tetranitride; Denka Silicon Nitride SN-F 2<br \/>\nCAS No.: 12033-89-5<br \/>\nMolecular Formula: Si3N4<br \/>\nMolecular Weight: 140.2833<br \/>\nMolecular\u00a0Structure:<br \/>\nAspeto: P\u00f3<br \/>\nSilicon Nitride Typical Properties<\/p>\n<p>Ponto de fus\u00e3o<br \/>\n1900 \u00b0C<\/p>\n<p>Densidade<br \/>\n3.44 g\/mL at 25 \u00b0C (lit.)<\/p>\n<p>\u00cdndice de refra\u00e7\u00e3o<br \/>\n2.8<\/p>\n<p>Solubilidade<br \/>\nInsoluble in water<\/p>\n<p>Apar\u00eancia<br \/>\nP\u00f3<\/p>\n<p>Colour<br \/>\nLight Grey<\/p>\n<p>Estabilidade<br \/>\nStable<\/p>\n<p>\u00a0<br \/>\nSilicon Nitride Usage<br \/>\nMainly used as raw material for ceramic materials and also as high temperature insulation material.<br \/>\nSilicon Nitride Packaging and Shipping<br \/>\nPacking: 25KG\/Drum<br \/>\nSilicon Nitride Storage<br \/>\nKeep in a well-closed,light-resistant, dry and cool place.<\/p>","protected":false},"excerpt":{"rendered":"<p>Chemical Name: Silicon Nitride<br \/>\nSynonyms: Trisilicon Tetranitride; Denka Silicon Nitride SN-F 2<br \/>\nCAS No.: 12033-89-5<br \/>\nMolecular Formula: Si3N4<br \/>\nMolecular Weight: 140.2833<br \/>\nAspeto: P\u00f3<\/p>","protected":false},"featured_media":7743,"comment_status":"open","ping_status":"closed","template":"","meta":[],"product_brand":[],"product_cat":[17],"product_tag":[],"class_list":{"0":"post-10929","1":"product","2":"type-product","3":"status-publish","4":"has-post-thumbnail","6":"product_cat-uncategorized","8":"first","9":"instock","10":"shipping-taxable","11":"product-type-simple"},"_links":{"self":[{"href":"https:\/\/chemneo.com\/pt\/wp-json\/wp\/v2\/product\/10929","targetHints":{"allow":["GET"]}}],"collection":[{"href":"https:\/\/chemneo.com\/pt\/wp-json\/wp\/v2\/product"}],"about":[{"href":"https:\/\/chemneo.com\/pt\/wp-json\/wp\/v2\/types\/product"}],"replies":[{"embeddable":true,"href":"https:\/\/chemneo.com\/pt\/wp-json\/wp\/v2\/comments?post=10929"}],"wp:featuredmedia":[{"embeddable":true,"href":"https:\/\/chemneo.com\/pt\/wp-json\/wp\/v2\/media\/7743"}],"wp:attachment":[{"href":"https:\/\/chemneo.com\/pt\/wp-json\/wp\/v2\/media?parent=10929"}],"wp:term":[{"taxonomy":"product_brand","embeddable":true,"href":"https:\/\/chemneo.com\/pt\/wp-json\/wp\/v2\/product_brand?post=10929"},{"taxonomy":"product_cat","embeddable":true,"href":"https:\/\/chemneo.com\/pt\/wp-json\/wp\/v2\/product_cat?post=10929"},{"taxonomy":"product_tag","embeddable":true,"href":"https:\/\/chemneo.com\/pt\/wp-json\/wp\/v2\/product_tag?post=10929"}],"curies":[{"name":"wp","href":"https:\/\/api.w.org\/{rel}","templated":true}]}}