{"id":10939,"date":"2024-11-13T15:18:56","date_gmt":"2024-11-13T07:18:56","guid":{"rendered":"https:\/\/chemneo.com\/product\/10939.html"},"modified":"2024-11-13T15:18:56","modified_gmt":"2024-11-13T07:18:56","slug":"evening-primrose-oil-cas-90028-66-3-2","status":"publish","type":"product","link":"https:\/\/chemneo.com\/pt\/product\/10939.html","title":{"rendered":"\u00d3leo de onagra CAS 90028-66-3"},"content":{"rendered":"<p>Descri\u00e7\u00e3o<\/p>\n<p>\tEvening Primrose Oil Quick Details<br \/>\nChemical Name: Evening Primrose Oil<br \/>\nCAS No.: 90028-66-3<br \/>\nAppearance:\u00a0Pale yellow to yellow clear liquid<br \/>\nEnsaio: \u226599.0%<br \/>\nEvening Primrose Oil Typical Properties<\/p>\n<p>ITEMS<br \/>\nSPECIFICATION<\/p>\n<p>Apar\u00eancia<br \/>\nTransparent Light Yellow Liquid<\/p>\n<p>Type<br \/>\nPure Essential Oil<\/p>\n<p>Raw Material<br \/>\nFlowers<\/p>\n<p>Main content<br \/>\nr-linolenic acid<\/p>\n<p>\u00a0<br \/>\nEvening Primrose Oil Application:<br \/>\nEvening primrose oil is extracted from the seeds of evening primrose and is most commonly used as an oral supplement.<br \/>\nSome of its other common uses include: \u2013 Reducing acne outbreaks. \u2013 Relieving many symptoms of psoriasis \u2013 Reducing neuropathy in diabetics.\u00a0<br \/>\nEvening Primrose Oil Packaging and Shipping<br \/>\n25kg\/drum<br \/>\nEvening Primrose Oil Storage<br \/>\nIt should be stored in a clean, dry and cool place, preventing from sunlight, rain.<\/p>","protected":false},"excerpt":{"rendered":"<p>Chemical Name: Evening primrose oil<br \/>\nCAS No.: 90028-66-3<br \/>\nAppearance:\u00a0Pale yellow to yellow clear liquid<br \/>\nEnsaio: \u226599.0%<\/p>","protected":false},"featured_media":7763,"comment_status":"open","ping_status":"closed","template":"","meta":[],"product_brand":[],"product_cat":[17],"product_tag":[],"class_list":{"0":"post-10939","1":"product","2":"type-product","3":"status-publish","4":"has-post-thumbnail","6":"product_cat-uncategorized","8":"first","9":"instock","10":"shipping-taxable","11":"product-type-simple"},"_links":{"self":[{"href":"https:\/\/chemneo.com\/pt\/wp-json\/wp\/v2\/product\/10939","targetHints":{"allow":["GET"]}}],"collection":[{"href":"https:\/\/chemneo.com\/pt\/wp-json\/wp\/v2\/product"}],"about":[{"href":"https:\/\/chemneo.com\/pt\/wp-json\/wp\/v2\/types\/product"}],"replies":[{"embeddable":true,"href":"https:\/\/chemneo.com\/pt\/wp-json\/wp\/v2\/comments?post=10939"}],"wp:featuredmedia":[{"embeddable":true,"href":"https:\/\/chemneo.com\/pt\/wp-json\/wp\/v2\/media\/7763"}],"wp:attachment":[{"href":"https:\/\/chemneo.com\/pt\/wp-json\/wp\/v2\/media?parent=10939"}],"wp:term":[{"taxonomy":"product_brand","embeddable":true,"href":"https:\/\/chemneo.com\/pt\/wp-json\/wp\/v2\/product_brand?post=10939"},{"taxonomy":"product_cat","embeddable":true,"href":"https:\/\/chemneo.com\/pt\/wp-json\/wp\/v2\/product_cat?post=10939"},{"taxonomy":"product_tag","embeddable":true,"href":"https:\/\/chemneo.com\/pt\/wp-json\/wp\/v2\/product_tag?post=10939"}],"curies":[{"name":"wp","href":"https:\/\/api.w.org\/{rel}","templated":true}]}}