{"id":10943,"date":"2024-11-13T15:18:57","date_gmt":"2024-11-13T07:18:57","guid":{"rendered":"https:\/\/chemneo.com\/product\/10943.html"},"modified":"2024-11-13T15:18:57","modified_gmt":"2024-11-13T07:18:57","slug":"sodium-myristoyl-sarcosinate-cas-30364-51-3-2","status":"publish","type":"product","link":"https:\/\/chemneo.com\/pt\/product\/10943.html","title":{"rendered":"Sarcosinato de miristoilo e s\u00f3dio CAS 30364-51-3"},"content":{"rendered":"<p>Descri\u00e7\u00e3o<\/p>\n<p>\tSodium Myristoyl Sarcosinate\u00a0Quick Details<br \/>\nChemical Name: Sodium Myristoyl Sarcosinate<br \/>\nSynonyms: Sodium N-Methyl-N-(1-Oxotetradecyl)Aminoacetate<br \/>\nCAS No.: 30364-51-3<br \/>\nMolecular Fomula: C17H34NNaO3<br \/>\nChemical Structure:<br \/>\nMolecular weight:\u00a0323.45<br \/>\nAspeto: P\u00f3 branco<br \/>\nEnsaio: 95%<br \/>\nSodium Myristoyl Sarcosinate\u00a0Typical Properties<\/p>\n<p>ITEMS<br \/>\nSPECIFICATION<\/p>\n<p>Apar\u00eancia<br \/>\nwhite powder<\/p>\n<p>Pureza<br \/>\n95%<\/p>\n<p>water solubility<br \/>\n360g\/L at 25\u2103<\/p>\n<p>\u00a0<br \/>\nSodium Myristoyl Sarcosinate\u00a0application:<br \/>\nSodium Myristoyl Sarcosinate\u00a0is an anionic surfactant with good foaming properties, good decontamination and antistatic capabilities, and has a good softening effect on skin and hair.<br \/>\nSodium Myristoyl Sarcosinate\u00a0Packaging and Shipping\u00a0<br \/>\ncustomized according to customer needs.<br \/>\nSodium Myristoyl Sarcosinate\u00a0Storage<br \/>\nIt should be stored in a clean, dry and cool place, preventing from sunlight, rain.<\/p>","protected":false},"excerpt":{"rendered":"<p>Chemical Name: Sodium Myristoyl Sarcosinate<br \/>\nSynonyms: Sodium N-Methyl-N-(1-Oxotetradecyl)Aminoacetate<br \/>\nCAS No.: 30364-51-3<br \/>\nMolecular Fomula: C17H34NNaO3<br \/>\nMolecular weight:\u00a0323.45<br \/>\nAspeto: P\u00f3 branco<br \/>\nEnsaio: 95%<\/p>","protected":false},"featured_media":7771,"comment_status":"open","ping_status":"closed","template":"","meta":[],"product_brand":[],"product_cat":[17],"product_tag":[],"class_list":{"0":"post-10943","1":"product","2":"type-product","3":"status-publish","4":"has-post-thumbnail","6":"product_cat-uncategorized","8":"first","9":"instock","10":"shipping-taxable","11":"product-type-simple"},"_links":{"self":[{"href":"https:\/\/chemneo.com\/pt\/wp-json\/wp\/v2\/product\/10943","targetHints":{"allow":["GET"]}}],"collection":[{"href":"https:\/\/chemneo.com\/pt\/wp-json\/wp\/v2\/product"}],"about":[{"href":"https:\/\/chemneo.com\/pt\/wp-json\/wp\/v2\/types\/product"}],"replies":[{"embeddable":true,"href":"https:\/\/chemneo.com\/pt\/wp-json\/wp\/v2\/comments?post=10943"}],"wp:featuredmedia":[{"embeddable":true,"href":"https:\/\/chemneo.com\/pt\/wp-json\/wp\/v2\/media\/7771"}],"wp:attachment":[{"href":"https:\/\/chemneo.com\/pt\/wp-json\/wp\/v2\/media?parent=10943"}],"wp:term":[{"taxonomy":"product_brand","embeddable":true,"href":"https:\/\/chemneo.com\/pt\/wp-json\/wp\/v2\/product_brand?post=10943"},{"taxonomy":"product_cat","embeddable":true,"href":"https:\/\/chemneo.com\/pt\/wp-json\/wp\/v2\/product_cat?post=10943"},{"taxonomy":"product_tag","embeddable":true,"href":"https:\/\/chemneo.com\/pt\/wp-json\/wp\/v2\/product_tag?post=10943"}],"curies":[{"name":"wp","href":"https:\/\/api.w.org\/{rel}","templated":true}]}}