{"id":10948,"date":"2024-11-13T15:18:58","date_gmt":"2024-11-13T07:18:58","guid":{"rendered":"https:\/\/chemneo.com\/product\/10948.html"},"modified":"2024-11-13T15:18:58","modified_gmt":"2024-11-13T07:18:58","slug":"levulinic-acid-calcium-salt-dihydrate-cas-5743-49-7-2","status":"publish","type":"product","link":"https:\/\/chemneo.com\/pt\/product\/10948.html","title":{"rendered":"SAL DE C\u00c1LCIO DI-HIDRATADO DO \u00c1CIDO LEVUL\u00cdNICO CAS 5743-49-7"},"content":{"rendered":"<p>Descri\u00e7\u00e3o<\/p>\n<p>\tLEVULINIC ACID CALCIUM SALT DIHYDRATE Quick Details<br \/>\nChemical Name: LEVULINIC ACID CALCIUM SALT DIHYDRATE<br \/>\nCAS No.: 5743-49-7<br \/>\nMolecular Fomula: C10H18CaO8<br \/>\nChemical Structure:<\/p>\n<p>Molecular weight:\u00a0306.32<br \/>\nAppearance: White to off-white Solid<br \/>\nTypical Properties<\/p>\n<p>ITEMS<br \/>\nSPECIFICATION<\/p>\n<p>Melting point<br \/>\n121.0 to 125.0 \u00b0C<\/p>\n<p>Water Solubility<br \/>\nSoluble in water (50 mg\/ml).<\/p>\n<p>\u00a0<br \/>\nLEVULINIC ACID CALCIUM SALT DIHYDRATE application:<br \/>\nCan be used as a catalyst for organic synthesis, especially in oxidation reactions.<br \/>\nPackaging and Shipping\u00a0<br \/>\ncustomized according to customer needs.<br \/>\nLEVULINIC ACID CALCIUM SALT DIHYDRATE Storage<br \/>\nIt should be stored in a clean, dry and cool place, preventing from sunlight, rain.<\/p>","protected":false},"excerpt":{"rendered":"<p>Chemical Name: LEVULINIC ACID CALCIUM SALT DIHYDRATE<br \/>\nCAS No.: 5743-49-7<br \/>\nMolecular Fomula: C10H18CaO8<br \/>\nMolecular weight:\u00a0306.32<br \/>\nAppearance: White to off-white Solid<\/p>","protected":false},"featured_media":7781,"comment_status":"open","ping_status":"closed","template":"","meta":[],"product_brand":[],"product_cat":[17],"product_tag":[],"class_list":{"0":"post-10948","1":"product","2":"type-product","3":"status-publish","4":"has-post-thumbnail","6":"product_cat-uncategorized","8":"first","9":"instock","10":"shipping-taxable","11":"product-type-simple"},"_links":{"self":[{"href":"https:\/\/chemneo.com\/pt\/wp-json\/wp\/v2\/product\/10948","targetHints":{"allow":["GET"]}}],"collection":[{"href":"https:\/\/chemneo.com\/pt\/wp-json\/wp\/v2\/product"}],"about":[{"href":"https:\/\/chemneo.com\/pt\/wp-json\/wp\/v2\/types\/product"}],"replies":[{"embeddable":true,"href":"https:\/\/chemneo.com\/pt\/wp-json\/wp\/v2\/comments?post=10948"}],"wp:featuredmedia":[{"embeddable":true,"href":"https:\/\/chemneo.com\/pt\/wp-json\/wp\/v2\/media\/7781"}],"wp:attachment":[{"href":"https:\/\/chemneo.com\/pt\/wp-json\/wp\/v2\/media?parent=10948"}],"wp:term":[{"taxonomy":"product_brand","embeddable":true,"href":"https:\/\/chemneo.com\/pt\/wp-json\/wp\/v2\/product_brand?post=10948"},{"taxonomy":"product_cat","embeddable":true,"href":"https:\/\/chemneo.com\/pt\/wp-json\/wp\/v2\/product_cat?post=10948"},{"taxonomy":"product_tag","embeddable":true,"href":"https:\/\/chemneo.com\/pt\/wp-json\/wp\/v2\/product_tag?post=10948"}],"curies":[{"name":"wp","href":"https:\/\/api.w.org\/{rel}","templated":true}]}}