{"id":10950,"date":"2024-11-13T15:18:58","date_gmt":"2024-11-13T07:18:58","guid":{"rendered":"https:\/\/chemneo.com\/product\/10950.html"},"modified":"2024-11-13T15:18:58","modified_gmt":"2024-11-13T07:18:58","slug":"glycolithocholic-acid-sodium-salt-cas-24404-83-9-2","status":"publish","type":"product","link":"https:\/\/chemneo.com\/pt\/product\/10950.html","title":{"rendered":"\u00c1CIDO GLICOLITO-C\u00d3LICO, SAL DE S\u00d3DIO CAS 24404-83-9"},"content":{"rendered":"<p>Descri\u00e7\u00e3o<\/p>\n<p>\tGLYCOLITHOCHOLIC ACID, SODIUM SALT Quick Details<br \/>\nChemical Name: GLYCOLITHOCHOLIC ACID, SODIUM SALT<br \/>\nCAS No.: 24404-83-9<br \/>\nMolecular Fomula: C26H43NO4<br \/>\nChemical Structure:<\/p>\n<p>Molecular weight:\u00a0455.61<br \/>\nAppearance: White to off-white Solid<br \/>\nTypical Properties<\/p>\n<p>ITEMS<br \/>\nSPECIFICATION<\/p>\n<p>Melting point<br \/>\n210-220 \u00b0C<\/p>\n<p>Solubilidade<br \/>\nEthanol (slightly soluble), methanol (slightly soluble)<\/p>\n<p>\u00a0<br \/>\nGLYCOLITHOCHOLIC ACID, SODIUM SALT application:<br \/>\nGlycholic acid is an endogenous metabolite and is a glycine-conjugated secondary bile acid<br \/>\nPackaging and Shipping\u00a0<br \/>\ncustomized according to customer needs.<br \/>\nGLYCOLITHOCHOLIC ACID, SODIUM SALT Storage<br \/>\nIt should be stored in a clean, dry and cool place, preventing from sunlight, rain.<\/p>","protected":false},"excerpt":{"rendered":"<p>Chemical Name: GLYCOLITHOCHOLIC ACID, SODIUM SALT<br \/>\nCAS No.: 24404-83-9<br \/>\nMolecular Fomula: C26H43NO4<br \/>\nMolecular weight:\u00a0455.61<br \/>\nAppearance: White to off-white Solid<\/p>","protected":false},"featured_media":7785,"comment_status":"open","ping_status":"closed","template":"","meta":[],"product_brand":[],"product_cat":[17],"product_tag":[],"class_list":{"0":"post-10950","1":"product","2":"type-product","3":"status-publish","4":"has-post-thumbnail","6":"product_cat-uncategorized","8":"first","9":"instock","10":"shipping-taxable","11":"product-type-simple"},"_links":{"self":[{"href":"https:\/\/chemneo.com\/pt\/wp-json\/wp\/v2\/product\/10950","targetHints":{"allow":["GET"]}}],"collection":[{"href":"https:\/\/chemneo.com\/pt\/wp-json\/wp\/v2\/product"}],"about":[{"href":"https:\/\/chemneo.com\/pt\/wp-json\/wp\/v2\/types\/product"}],"replies":[{"embeddable":true,"href":"https:\/\/chemneo.com\/pt\/wp-json\/wp\/v2\/comments?post=10950"}],"wp:featuredmedia":[{"embeddable":true,"href":"https:\/\/chemneo.com\/pt\/wp-json\/wp\/v2\/media\/7785"}],"wp:attachment":[{"href":"https:\/\/chemneo.com\/pt\/wp-json\/wp\/v2\/media?parent=10950"}],"wp:term":[{"taxonomy":"product_brand","embeddable":true,"href":"https:\/\/chemneo.com\/pt\/wp-json\/wp\/v2\/product_brand?post=10950"},{"taxonomy":"product_cat","embeddable":true,"href":"https:\/\/chemneo.com\/pt\/wp-json\/wp\/v2\/product_cat?post=10950"},{"taxonomy":"product_tag","embeddable":true,"href":"https:\/\/chemneo.com\/pt\/wp-json\/wp\/v2\/product_tag?post=10950"}],"curies":[{"name":"wp","href":"https:\/\/api.w.org\/{rel}","templated":true}]}}