{"id":10954,"date":"2024-11-13T15:18:59","date_gmt":"2024-11-13T07:18:59","guid":{"rendered":"https:\/\/chemneo.com\/product\/10954.html"},"modified":"2024-11-13T15:18:59","modified_gmt":"2024-11-13T07:18:59","slug":"1-hydroxyethanediphosphonic-acid-potassium-salt-cas-67953-76-8-2","status":"publish","type":"product","link":"https:\/\/chemneo.com\/pt\/product\/10954.html","title":{"rendered":"Sal de pot\u00e1ssio do \u00e1cido 1-hidroxietanodifosf\u00f3nico CAS 67953-76-8"},"content":{"rendered":"<p>Descri\u00e7\u00e3o<\/p>\n<p>\t1-Hydroxyethanediphosphonic acid potassium salt Quick Details<br \/>\nNome qu\u00edmico: Sal de pot\u00e1ssio do \u00e1cido 1-hidroxietanodifosf\u00f3nico<br \/>\nN.\u00ba CAS: 67953-76-8<br \/>\nF\u00f3rmula molecular: C2H4K4O7P2<br \/>\nChemical Structure:<\/p>\n<p>Peso molecular: 358,39<br \/>\nAspeto: L\u00edquido transparente incolor a ligeiramente amarelo<br \/>\nEnsaio: \u226597.0%<br \/>\nTypical Properties<\/p>\n<p>ITEMS<br \/>\nSPECIFICATION<\/p>\n<p>Active ingredient (based on HEDP), %<br \/>\n26.0-30.0<\/p>\n<p>Total phosphorus (calculated as PO4) content, %<br \/>\n24.7-26.7<\/p>\n<p>Fe (as Fe) content ppm \u2264<br \/>\n20<\/p>\n<p>Density (20\u2103)g\/cm<br \/>\n1.30-1.40<\/p>\n<p>pH (original solution)<br \/>\n6.0-8.0<\/p>\n<p>\u00a0<br \/>\n1-Hydroxyethanediphosphonic acid potassium salt\u00a0application:<br \/>\nHEDP\u00b7Kx is the potassium salt of HEDP. Compared with the sodium salt of HEDP, HEDP\u00b7Kx has higher solubility under neutral conditions and is an excellent calcium carbonate scale inhibitor Chemicalbook. HEDP\u00b7Kx is mainly used for metal corrosion inhibition, Swimming pool antifouling, metal cleaning, container cleaning, iron fouling control, metal pretreatment, low pressure boiler water treatment, circulating water treatment.<br \/>\nPackaging and Shipping\u00a0<br \/>\ncustomized according to customer needs.<br \/>\n1-Hydroxyethanediphosphonic acid potassium salt\u00a0Storage<br \/>\nIt should be stored in a clean, dry and cool place, preventing from sunlight, rain.<\/p>","protected":false},"excerpt":{"rendered":"<p>Nome qu\u00edmico: Sal de pot\u00e1ssio do \u00e1cido 1-hidroxietanodifosf\u00f3nico<br \/>\nN.\u00ba CAS: 67953-76-8<br \/>\nF\u00f3rmula molecular: C2H4K4O7P2<br \/>\nPeso molecular: 358,39<br \/>\nAspeto: L\u00edquido transparente incolor a ligeiramente amarelo<br \/>\nEnsaio: \u226597.0%<\/p>","protected":false},"featured_media":7793,"comment_status":"open","ping_status":"closed","template":"","meta":[],"product_brand":[],"product_cat":[17],"product_tag":[],"class_list":{"0":"post-10954","1":"product","2":"type-product","3":"status-publish","4":"has-post-thumbnail","6":"product_cat-uncategorized","8":"first","9":"instock","10":"shipping-taxable","11":"product-type-simple"},"_links":{"self":[{"href":"https:\/\/chemneo.com\/pt\/wp-json\/wp\/v2\/product\/10954","targetHints":{"allow":["GET"]}}],"collection":[{"href":"https:\/\/chemneo.com\/pt\/wp-json\/wp\/v2\/product"}],"about":[{"href":"https:\/\/chemneo.com\/pt\/wp-json\/wp\/v2\/types\/product"}],"replies":[{"embeddable":true,"href":"https:\/\/chemneo.com\/pt\/wp-json\/wp\/v2\/comments?post=10954"}],"wp:featuredmedia":[{"embeddable":true,"href":"https:\/\/chemneo.com\/pt\/wp-json\/wp\/v2\/media\/7793"}],"wp:attachment":[{"href":"https:\/\/chemneo.com\/pt\/wp-json\/wp\/v2\/media?parent=10954"}],"wp:term":[{"taxonomy":"product_brand","embeddable":true,"href":"https:\/\/chemneo.com\/pt\/wp-json\/wp\/v2\/product_brand?post=10954"},{"taxonomy":"product_cat","embeddable":true,"href":"https:\/\/chemneo.com\/pt\/wp-json\/wp\/v2\/product_cat?post=10954"},{"taxonomy":"product_tag","embeddable":true,"href":"https:\/\/chemneo.com\/pt\/wp-json\/wp\/v2\/product_tag?post=10954"}],"curies":[{"name":"wp","href":"https:\/\/api.w.org\/{rel}","templated":true}]}}