{"id":10958,"date":"2024-11-13T15:18:59","date_gmt":"2024-11-13T07:18:59","guid":{"rendered":"https:\/\/chemneo.com\/product\/10958.html"},"modified":"2024-11-13T15:18:59","modified_gmt":"2024-11-13T07:18:59","slug":"methotrexate-disodium-salt-cas-7413-34-5-2","status":"publish","type":"product","link":"https:\/\/chemneo.com\/pt\/product\/10958.html","title":{"rendered":"Sal diss\u00f3dico de metotrexato CAS 7413-34-5"},"content":{"rendered":"<p>Descri\u00e7\u00e3o<\/p>\n<p>\tMethotrexate Disodium Salt Quick Details<br \/>\nChemical Name: Methotrexate Disodium Salt<br \/>\nSynonyms: Sodium methotrexate<br \/>\nCAS No.7413-34-5<br \/>\nMolecular Fomula: C20H23N8NaO5<br \/>\nChemical Structure:<br \/>\nMolecular weight: 478.44<br \/>\nMethotrexate Disodium Salt Typical Properties<\/p>\n<p>ITEMS<br \/>\nSPECIFICATION<\/p>\n<p>Apar\u00eancia<br \/>\nYellow or light yellow crystalline powder<\/p>\n<p>Ensaio<br \/>\n\u226598%<\/p>\n<p>Ponto de ebuli\u00e7\u00e3o<br \/>\n823\u2103<\/p>\n<p>Methotrexate Disodium Salt Application:<br \/>\nUsed in rheumatoid arthritis and research into various cancers.<br \/>\nMethotrexate Disodium Salt Packaging and Shipping\u00a0<br \/>\nCustomized according to customer needs.<br \/>\nMethotrexate Disodium Salt Storage<br \/>\nSealed in a cool, dry environment at 0-6\u00baC.<\/p>","protected":false},"excerpt":{"rendered":"<p>Chemical Name: Methotrexate Disodium Salt<br \/>\nSynonyms: Sodium methotrexate<br \/>\nCAS No.7413-34-5<br \/>\nMolecular Fomula: C20H23N8NaO5<br \/>\nMolecular weight: 478.44<\/p>","protected":false},"featured_media":7801,"comment_status":"open","ping_status":"closed","template":"","meta":[],"product_brand":[],"product_cat":[17],"product_tag":[],"class_list":{"0":"post-10958","1":"product","2":"type-product","3":"status-publish","4":"has-post-thumbnail","6":"product_cat-uncategorized","8":"first","9":"instock","10":"shipping-taxable","11":"product-type-simple"},"_links":{"self":[{"href":"https:\/\/chemneo.com\/pt\/wp-json\/wp\/v2\/product\/10958","targetHints":{"allow":["GET"]}}],"collection":[{"href":"https:\/\/chemneo.com\/pt\/wp-json\/wp\/v2\/product"}],"about":[{"href":"https:\/\/chemneo.com\/pt\/wp-json\/wp\/v2\/types\/product"}],"replies":[{"embeddable":true,"href":"https:\/\/chemneo.com\/pt\/wp-json\/wp\/v2\/comments?post=10958"}],"wp:featuredmedia":[{"embeddable":true,"href":"https:\/\/chemneo.com\/pt\/wp-json\/wp\/v2\/media\/7801"}],"wp:attachment":[{"href":"https:\/\/chemneo.com\/pt\/wp-json\/wp\/v2\/media?parent=10958"}],"wp:term":[{"taxonomy":"product_brand","embeddable":true,"href":"https:\/\/chemneo.com\/pt\/wp-json\/wp\/v2\/product_brand?post=10958"},{"taxonomy":"product_cat","embeddable":true,"href":"https:\/\/chemneo.com\/pt\/wp-json\/wp\/v2\/product_cat?post=10958"},{"taxonomy":"product_tag","embeddable":true,"href":"https:\/\/chemneo.com\/pt\/wp-json\/wp\/v2\/product_tag?post=10958"}],"curies":[{"name":"wp","href":"https:\/\/api.w.org\/{rel}","templated":true}]}}