{"id":10969,"date":"2024-11-13T15:19:03","date_gmt":"2024-11-13T07:19:03","guid":{"rendered":"https:\/\/chemneo.com\/product\/10969.html"},"modified":"2024-11-13T15:19:03","modified_gmt":"2024-11-13T07:19:03","slug":"9-phenanthrenamine-n-99-dimethyl-9h-fluoren-2-yl-cas-1372778-26-1-2","status":"publish","type":"product","link":"https:\/\/chemneo.com\/pt\/product\/10969.html","title":{"rendered":"9-Fenantrenamina, N-(9,9-dimetil-9H-fluoren-2-il) Cas 1372778-26-1"},"content":{"rendered":"<p>Descri\u00e7\u00e3o<\/p>\n<p>\t9-Phenanthrenamine, N-(9,9-dimethyl-9H-fluoren-2-yl)- Quick Details<br \/>\nDenomina\u00e7\u00e3o qu\u00edmica: 9-Fenantrenamina, N-(9,9-dimetil-9H-fluoren-2-il)<br \/>\nN.\u00ba CAS: 1372778-26-1<br \/>\nF\u00f3rmula molecular: C29H23N<br \/>\nChemical Structure:<\/p>\n<p>Peso molecular: 385,5<br \/>\nAspeto: l\u00edquido<br \/>\nEnsaio\uff1a\u226597.0%<br \/>\n9-Phenanthrenamine, N-(9,9-dimethyl-9H-fluoren-2-yl)\u00a0Typical Properties<\/p>\n<p>ITEMS<br \/>\nSPECIFICATION<\/p>\n<p>Apar\u00eancia<br \/>\nliquid<\/p>\n<p>Embalagem<br \/>\n25kg\/drum<\/p>\n<p>Armazenamento<br \/>\ndry and cool place<\/p>\n<p>Molecular \u00a0Fomula<br \/>\nC29H23N<\/p>\n<p>\u00a0<br \/>\n9-Phenanthrenamine, N-(9,9-dimethyl-9H-fluoren-2-yl)\u00a0application:<br \/>\nUniversal reagents<br \/>\nPhenanthrenamine, N-(9,9-dimethyl-9H-fluoren-2-yl) Packaging and Shipping<br \/>\ncustomized according to customer needs.<br \/>\n9-Phenanthrenamine, N-(9,9-dimethyl-9H-fluoren-2-yl)\u00a0Storage<br \/>\nIt should be stored in a clean, dry and cool place, preventing from sunlight, rain.<\/p>","protected":false},"excerpt":{"rendered":"<p>Denomina\u00e7\u00e3o qu\u00edmica: 9-Fenantrenamina, N-(9,9-dimetil-9H-fluoren-2-il)<br \/>\nN.\u00ba CAS: 1372778-26-1<br \/>\nF\u00f3rmula molecular: C29H23N<br \/>\nPeso molecular: 385,5<br \/>\nAspeto: l\u00edquido<br \/>\nEnsaio\uff1a\u226597.0%<\/p>","protected":false},"featured_media":7823,"comment_status":"open","ping_status":"closed","template":"","meta":[],"product_brand":[],"product_cat":[17],"product_tag":[],"class_list":{"0":"post-10969","1":"product","2":"type-product","3":"status-publish","4":"has-post-thumbnail","6":"product_cat-uncategorized","8":"first","9":"instock","10":"shipping-taxable","11":"product-type-simple"},"_links":{"self":[{"href":"https:\/\/chemneo.com\/pt\/wp-json\/wp\/v2\/product\/10969","targetHints":{"allow":["GET"]}}],"collection":[{"href":"https:\/\/chemneo.com\/pt\/wp-json\/wp\/v2\/product"}],"about":[{"href":"https:\/\/chemneo.com\/pt\/wp-json\/wp\/v2\/types\/product"}],"replies":[{"embeddable":true,"href":"https:\/\/chemneo.com\/pt\/wp-json\/wp\/v2\/comments?post=10969"}],"wp:featuredmedia":[{"embeddable":true,"href":"https:\/\/chemneo.com\/pt\/wp-json\/wp\/v2\/media\/7823"}],"wp:attachment":[{"href":"https:\/\/chemneo.com\/pt\/wp-json\/wp\/v2\/media?parent=10969"}],"wp:term":[{"taxonomy":"product_brand","embeddable":true,"href":"https:\/\/chemneo.com\/pt\/wp-json\/wp\/v2\/product_brand?post=10969"},{"taxonomy":"product_cat","embeddable":true,"href":"https:\/\/chemneo.com\/pt\/wp-json\/wp\/v2\/product_cat?post=10969"},{"taxonomy":"product_tag","embeddable":true,"href":"https:\/\/chemneo.com\/pt\/wp-json\/wp\/v2\/product_tag?post=10969"}],"curies":[{"name":"wp","href":"https:\/\/api.w.org\/{rel}","templated":true}]}}