{"id":10970,"date":"2024-11-13T15:19:03","date_gmt":"2024-11-13T07:19:03","guid":{"rendered":"https:\/\/chemneo.com\/product\/10970.html"},"modified":"2024-11-13T15:19:03","modified_gmt":"2024-11-13T07:19:03","slug":"sodium-hydroxymethylglycinate-cas-70161-44-3-2","status":"publish","type":"product","link":"https:\/\/chemneo.com\/pt\/product\/10970.html","title":{"rendered":"Hidroximetilglicinato de s\u00f3dio CAS 70161-44-3"},"content":{"rendered":"<p>Descri\u00e7\u00e3o<\/p>\n<p>\tSodium hydroxymethylglycinate Quick Details<br \/>\nChemical Name: Sodium hydroxymethylglycinate<br \/>\nCAS No.: 70161-44-3<br \/>\nMolecular Fomula: C3H8NNaO3<br \/>\nChemical Structure:<\/p>\n<p>Molecular weight: 129.09<br \/>\nAspeto: L\u00edquido incolor ou amarelo claro<br \/>\nAssay: (50\u00b12)%<br \/>\nTypical Properties<\/p>\n<p>ITEMS<br \/>\nSPECIFICATION<\/p>\n<p>total solids<br \/>\n\uff0850\u00b12\uff09%<\/p>\n<p>PH value (10% aqueous solution)<br \/>\n9-12<\/p>\n<p>boiling point<br \/>\n90-100 \u00b0C<\/p>\n<p>densidade<br \/>\n1.30\u00b10.1 g\/cm3<\/p>\n<p>Ensaio<br \/>\n\u226598.0<\/p>\n<p>\u00a0<br \/>\nSodium hydroxymethylglycinate\u00a0application:<br \/>\nIt can be used as organic synthesis intermediates and pharmaceutical intermediates, mainly used in laboratory research and development processes and chemical production processes.<br \/>\nPackaging and Shipping\u00a0<br \/>\n25kg\/drum; customized according to customer needs.<br \/>\nSodium hydroxymethylglycinate\u00a0Storage<br \/>\nIt should be stored in a clean, dry and cool place, preventing from sunlight, rain.<\/p>","protected":false},"excerpt":{"rendered":"<p>Chemical Name: Sodium hydroxymethylglycinate<br \/>\nCAS No.: 70161-44-3<br \/>\nMolecular Fomula: C3H8NNaO3<br \/>\nMolecular weight: 129.09<br \/>\nAspeto: L\u00edquido incolor ou amarelo claro<br \/>\nAssay: (50\u00b12)%<\/p>","protected":false},"featured_media":7825,"comment_status":"open","ping_status":"closed","template":"","meta":[],"product_brand":[],"product_cat":[17],"product_tag":[],"class_list":{"0":"post-10970","1":"product","2":"type-product","3":"status-publish","4":"has-post-thumbnail","6":"product_cat-uncategorized","8":"first","9":"instock","10":"shipping-taxable","11":"product-type-simple"},"_links":{"self":[{"href":"https:\/\/chemneo.com\/pt\/wp-json\/wp\/v2\/product\/10970","targetHints":{"allow":["GET"]}}],"collection":[{"href":"https:\/\/chemneo.com\/pt\/wp-json\/wp\/v2\/product"}],"about":[{"href":"https:\/\/chemneo.com\/pt\/wp-json\/wp\/v2\/types\/product"}],"replies":[{"embeddable":true,"href":"https:\/\/chemneo.com\/pt\/wp-json\/wp\/v2\/comments?post=10970"}],"wp:featuredmedia":[{"embeddable":true,"href":"https:\/\/chemneo.com\/pt\/wp-json\/wp\/v2\/media\/7825"}],"wp:attachment":[{"href":"https:\/\/chemneo.com\/pt\/wp-json\/wp\/v2\/media?parent=10970"}],"wp:term":[{"taxonomy":"product_brand","embeddable":true,"href":"https:\/\/chemneo.com\/pt\/wp-json\/wp\/v2\/product_brand?post=10970"},{"taxonomy":"product_cat","embeddable":true,"href":"https:\/\/chemneo.com\/pt\/wp-json\/wp\/v2\/product_cat?post=10970"},{"taxonomy":"product_tag","embeddable":true,"href":"https:\/\/chemneo.com\/pt\/wp-json\/wp\/v2\/product_tag?post=10970"}],"curies":[{"name":"wp","href":"https:\/\/api.w.org\/{rel}","templated":true}]}}