{"id":10981,"date":"2024-11-13T15:19:04","date_gmt":"2024-11-13T07:19:04","guid":{"rendered":"https:\/\/chemneo.com\/product\/10981.html"},"modified":"2024-11-13T15:19:05","modified_gmt":"2024-11-13T07:19:05","slug":"sea-buckthorn-seed-oil-cas-90106-68-6-2","status":"publish","type":"product","link":"https:\/\/chemneo.com\/pt\/product\/10981.html","title":{"rendered":"\u00d3leo de semente de espinheiro mar\u00edtimo CAS 90106-68-6"},"content":{"rendered":"<p>Descri\u00e7\u00e3o<\/p>\n<p>\tSea buckthorn seed oil Quick Details<br \/>\nNome qu\u00edmico: \u00d3leo de semente de espinheiro mar\u00edtimo<br \/>\nN.\u00ba CAS: 90106-68-6<br \/>\nMolecular Fomula: Null<br \/>\nChemical Structure: Null<br \/>\nMolecular weight: Null<br \/>\nAspeto: P\u00f3 castanho claro<br \/>\n\u00a0Typical Properties<\/p>\n<p>ITEMS<br \/>\nSPECIFICATION<\/p>\n<p>Apar\u00eancia<br \/>\nLight brown powder<\/p>\n<p>\u00a0<br \/>\nSea buckthorn seed oil application<br \/>\nSuitable for the development of functional foods and green foods<br \/>\nIt has the effects of detoxification, anti-inflammation and prevention of ischemic heart disease.<br \/>\nUsed in food processing and medicine<br \/>\nPackaging and Shipping\u00a0<br \/>\n25kg bag<br \/>\nSea buckthorn seed oil Storage<br \/>\nThis product is stored in a cool and ventilated place. Sealed in dry, room Temperature. Avoid miscellaneous air pollution.<\/p>","protected":false},"excerpt":{"rendered":"<p>Nome qu\u00edmico: \u00d3leo de semente de espinheiro mar\u00edtimo<br \/>\nN.\u00ba CAS: 90106-68-6<br \/>\nAspeto: P\u00f3 castanho claro<\/p>","protected":false},"featured_media":7847,"comment_status":"open","ping_status":"closed","template":"","meta":[],"product_brand":[],"product_cat":[17],"product_tag":[],"class_list":{"0":"post-10981","1":"product","2":"type-product","3":"status-publish","4":"has-post-thumbnail","6":"product_cat-uncategorized","8":"first","9":"instock","10":"shipping-taxable","11":"product-type-simple"},"_links":{"self":[{"href":"https:\/\/chemneo.com\/pt\/wp-json\/wp\/v2\/product\/10981","targetHints":{"allow":["GET"]}}],"collection":[{"href":"https:\/\/chemneo.com\/pt\/wp-json\/wp\/v2\/product"}],"about":[{"href":"https:\/\/chemneo.com\/pt\/wp-json\/wp\/v2\/types\/product"}],"replies":[{"embeddable":true,"href":"https:\/\/chemneo.com\/pt\/wp-json\/wp\/v2\/comments?post=10981"}],"wp:featuredmedia":[{"embeddable":true,"href":"https:\/\/chemneo.com\/pt\/wp-json\/wp\/v2\/media\/7847"}],"wp:attachment":[{"href":"https:\/\/chemneo.com\/pt\/wp-json\/wp\/v2\/media?parent=10981"}],"wp:term":[{"taxonomy":"product_brand","embeddable":true,"href":"https:\/\/chemneo.com\/pt\/wp-json\/wp\/v2\/product_brand?post=10981"},{"taxonomy":"product_cat","embeddable":true,"href":"https:\/\/chemneo.com\/pt\/wp-json\/wp\/v2\/product_cat?post=10981"},{"taxonomy":"product_tag","embeddable":true,"href":"https:\/\/chemneo.com\/pt\/wp-json\/wp\/v2\/product_tag?post=10981"}],"curies":[{"name":"wp","href":"https:\/\/api.w.org\/{rel}","templated":true}]}}