{"id":10987,"date":"2024-11-13T15:19:05","date_gmt":"2024-11-13T07:19:05","guid":{"rendered":"https:\/\/chemneo.com\/product\/10987.html"},"modified":"2024-11-13T15:19:05","modified_gmt":"2024-11-13T07:19:05","slug":"heptanoyl-chloride-cas-2528-61-2-2","status":"publish","type":"product","link":"https:\/\/chemneo.com\/pt\/product\/10987.html","title":{"rendered":"Heptanoyl Chloride CAS 2528-61-2"},"content":{"rendered":"<p>Descri\u00e7\u00e3o<\/p>\n<p>\tHeptanoyl Chloride Details<br \/>\nChemical Name: Heptanoyl Chloride<br \/>\nSynonyms: Enanthic chloride; Oenanthic chloride; HeptanoyL<br \/>\nCAS No.: 2528-61-2<br \/>\nMolecular Formula: C7H13ClO<br \/>\nMolecular Weight: 148.63<br \/>\nMolecular\u00a0Structure:<br \/>\nAppearance: Transparent colorless to light yellow liquid<br \/>\nHeptanoyl Chloride Typical Properties<\/p>\n<p>Ponto de ebuli\u00e7\u00e3o<br \/>\n173 \u00b0C (lit.)<\/p>\n<p>Ponto de fus\u00e3o<br \/>\n-84 \u00b0C<\/p>\n<p>Densidade<br \/>\n0.96 g\/mL at 25 \u00b0C (lit.)<\/p>\n<p>\u00cdndice de refra\u00e7\u00e3o<br \/>\nn20\/D 1.43(lit.)<\/p>\n<p>Ponto de inflama\u00e7\u00e3o<br \/>\n137\u00a0\u00b0F<\/p>\n<p>Armazenamento<br \/>\nInert atmosphere,Room Temperature<\/p>\n<p>Solubilidade<br \/>\nSoluble\u00a0in water<\/p>\n<p>Apar\u00eancia<br \/>\nL\u00edquido<\/p>\n<p>Colour<br \/>\nTransparent colorless to light yellow<\/p>\n<p>Vapor Pressure<br \/>\n1.18hPa at 20\u2103<\/p>\n<p>\u00a0<br \/>\nHeptanoyl Chloride Usage<br \/>\nMainly used in organic synthesis. Can also be used as liquid crystal intermediate.<br \/>\nHeptanoyl Chloride Packaging and Shipping<br \/>\nPacking: 25KG\/Drum<br \/>\nHeptanoyl Chloride Storage<br \/>\nKeep in a sealed,light-resistant, dry and cool place. Avoid contact with moisture.<\/p>","protected":false},"excerpt":{"rendered":"<p>Chemical Name: Heptanoyl Chloride<br \/>\nSynonyms: Enanthic chloride; Oenanthic chloride; HeptanoyL<br \/>\nCAS No.: 2528-61-2<br \/>\nMolecular Formula: C7H13ClO<br \/>\nMolecular Weight: 148.63<br \/>\nAppearance: Transparent colorless to light yellow liquid<\/p>","protected":false},"featured_media":7859,"comment_status":"open","ping_status":"closed","template":"","meta":[],"product_brand":[],"product_cat":[17],"product_tag":[],"class_list":{"0":"post-10987","1":"product","2":"type-product","3":"status-publish","4":"has-post-thumbnail","6":"product_cat-uncategorized","8":"first","9":"instock","10":"shipping-taxable","11":"product-type-simple"},"_links":{"self":[{"href":"https:\/\/chemneo.com\/pt\/wp-json\/wp\/v2\/product\/10987","targetHints":{"allow":["GET"]}}],"collection":[{"href":"https:\/\/chemneo.com\/pt\/wp-json\/wp\/v2\/product"}],"about":[{"href":"https:\/\/chemneo.com\/pt\/wp-json\/wp\/v2\/types\/product"}],"replies":[{"embeddable":true,"href":"https:\/\/chemneo.com\/pt\/wp-json\/wp\/v2\/comments?post=10987"}],"wp:featuredmedia":[{"embeddable":true,"href":"https:\/\/chemneo.com\/pt\/wp-json\/wp\/v2\/media\/7859"}],"wp:attachment":[{"href":"https:\/\/chemneo.com\/pt\/wp-json\/wp\/v2\/media?parent=10987"}],"wp:term":[{"taxonomy":"product_brand","embeddable":true,"href":"https:\/\/chemneo.com\/pt\/wp-json\/wp\/v2\/product_brand?post=10987"},{"taxonomy":"product_cat","embeddable":true,"href":"https:\/\/chemneo.com\/pt\/wp-json\/wp\/v2\/product_cat?post=10987"},{"taxonomy":"product_tag","embeddable":true,"href":"https:\/\/chemneo.com\/pt\/wp-json\/wp\/v2\/product_tag?post=10987"}],"curies":[{"name":"wp","href":"https:\/\/api.w.org\/{rel}","templated":true}]}}