{"id":10988,"date":"2024-11-13T15:19:05","date_gmt":"2024-11-13T07:19:05","guid":{"rendered":"https:\/\/chemneo.com\/product\/10988.html"},"modified":"2024-11-13T15:19:06","modified_gmt":"2024-11-13T07:19:06","slug":"35-dimethoxybenzaldehyde-cas-7311-34-4-2","status":"publish","type":"product","link":"https:\/\/chemneo.com\/pt\/product\/10988.html","title":{"rendered":"3,5-Dimethoxybenzaldehyde CAS 7311-34-4"},"content":{"rendered":"<p>Descri\u00e7\u00e3o<\/p>\n<p>\t3,5-Dimethoxybenzaldehyde Details<br \/>\nChemical Name: 3,5-Dimethoxybenzaldehyde<br \/>\nCAS No.: 7311-34-4<br \/>\nMolecular Formula: C9H10O3<br \/>\nPeso molecular: 166,17<br \/>\nMolecular\u00a0Structure:<br \/>\nAppearance: White to beige powder<br \/>\n3,5-Dimethoxybenzaldehyde Typical Properties<\/p>\n<p>Ponto de ebuli\u00e7\u00e3o<br \/>\n151 \u00b0C\/16 mmHg (lit.)<\/p>\n<p>Ponto de fus\u00e3o<br \/>\n45-48 \u00b0C (lit.)<\/p>\n<p>Densidade<br \/>\n1.1708 (rough estimate)<\/p>\n<p>\u00cdndice de refra\u00e7\u00e3o<br \/>\n1.5260 (estimate)<\/p>\n<p>Ponto de inflama\u00e7\u00e3o<br \/>\n>230\u00a0\u00b0F<\/p>\n<p>Armazenamento<br \/>\nKeep in dark place,Sealed in dry,Room Temperature<\/p>\n<p>Solubilidade<br \/>\nInsoluble\u00a0in water<\/p>\n<p>Apar\u00eancia<br \/>\nWhite to beige powder<\/p>\n<p>Sensibilidade<br \/>\nAir Sensitive<\/p>\n<p>\u00a0<br \/>\n3,5-Dimethoxybenzaldehyde Usage<br \/>\nMainly used as pharmaceutical intermediates.<br \/>\n3,5-Dimethoxybenzaldehyde Packaging and Shipping<br \/>\nPacking: 25KG\/Drum<br \/>\n3,5-Dimethoxybenzaldehyde Storage<br \/>\nKeep in a well-closed,light-resistant, dry and cool place.<\/p>","protected":false},"excerpt":{"rendered":"<p>Chemical Name: 3,5-Dimethoxybenzaldehyde<br \/>\nCAS No.: 7311-34-4<br \/>\nMolecular Formula: C9H10O3<br \/>\nPeso molecular: 166,17<br \/>\nAppearance: White to beige powder<\/p>","protected":false},"featured_media":7861,"comment_status":"open","ping_status":"closed","template":"","meta":[],"product_brand":[],"product_cat":[17],"product_tag":[],"class_list":{"0":"post-10988","1":"product","2":"type-product","3":"status-publish","4":"has-post-thumbnail","6":"product_cat-uncategorized","8":"first","9":"instock","10":"shipping-taxable","11":"product-type-simple"},"_links":{"self":[{"href":"https:\/\/chemneo.com\/pt\/wp-json\/wp\/v2\/product\/10988","targetHints":{"allow":["GET"]}}],"collection":[{"href":"https:\/\/chemneo.com\/pt\/wp-json\/wp\/v2\/product"}],"about":[{"href":"https:\/\/chemneo.com\/pt\/wp-json\/wp\/v2\/types\/product"}],"replies":[{"embeddable":true,"href":"https:\/\/chemneo.com\/pt\/wp-json\/wp\/v2\/comments?post=10988"}],"wp:featuredmedia":[{"embeddable":true,"href":"https:\/\/chemneo.com\/pt\/wp-json\/wp\/v2\/media\/7861"}],"wp:attachment":[{"href":"https:\/\/chemneo.com\/pt\/wp-json\/wp\/v2\/media?parent=10988"}],"wp:term":[{"taxonomy":"product_brand","embeddable":true,"href":"https:\/\/chemneo.com\/pt\/wp-json\/wp\/v2\/product_brand?post=10988"},{"taxonomy":"product_cat","embeddable":true,"href":"https:\/\/chemneo.com\/pt\/wp-json\/wp\/v2\/product_cat?post=10988"},{"taxonomy":"product_tag","embeddable":true,"href":"https:\/\/chemneo.com\/pt\/wp-json\/wp\/v2\/product_tag?post=10988"}],"curies":[{"name":"wp","href":"https:\/\/api.w.org\/{rel}","templated":true}]}}