{"id":10996,"date":"2024-11-13T15:19:08","date_gmt":"2024-11-13T07:19:08","guid":{"rendered":"https:\/\/chemneo.com\/product\/10996.html"},"modified":"2024-11-13T15:19:08","modified_gmt":"2024-11-13T07:19:08","slug":"trimethylpropylammonium-bromide-cas-2650-50-2-2","status":"publish","type":"product","link":"https:\/\/chemneo.com\/pt\/product\/10996.html","title":{"rendered":"Brometo de trimetilpropilam\u00f3nio CAS 2650-50-2"},"content":{"rendered":"<p>Descri\u00e7\u00e3o<\/p>\n<p>\tTrimethylpropylammonium Bromide Quick Details<br \/>\nNome qu\u00edmico: Brometo de trimetilpropilam\u00f3nio<br \/>\nN.\u00ba CAS: 2650-50-2<br \/>\nMolecular Fomula: C6H16BrN<br \/>\nChemical Structure:<br \/>\nMolecular weight: 182.10194<br \/>\nAspeto: P\u00f3 branco<br \/>\nEnsaio\uff1a\u226598.0%<br \/>\nTrimethylpropylammonium Bromide Typical Properties<\/p>\n<p>ITEMS<br \/>\nSPECIFICATION<\/p>\n<p>Apar\u00eancia<br \/>\nP\u00f3 branco<\/p>\n<p>Ensaio<br \/>\n\u226598.0%<\/p>\n<p>Trimethylpropylammonium Bromide application:<br \/>\nIt can be used as a study of biomass or organic compounds for life science related research<br \/>\nTrimethylpropylammonium Bromide Packaging and Shipping\u00a0<br \/>\ncustomized according to customer needs.<br \/>\nTrimethylpropylammonium Bromide Storage<br \/>\nIt should be stored in a clean, dry and cool place, preventing from sunlight, rain.<\/p>","protected":false},"excerpt":{"rendered":"<p>Nome qu\u00edmico: Brometo de trimetilpropilam\u00f3nio<br \/>\nN.\u00ba CAS: 2650-50-2<br \/>\nAspeto: P\u00f3 branco<br \/>\nEnsaio\uff1a\u226598.0%<\/p>","protected":false},"featured_media":7877,"comment_status":"open","ping_status":"closed","template":"","meta":[],"product_brand":[],"product_cat":[17],"product_tag":[],"class_list":{"0":"post-10996","1":"product","2":"type-product","3":"status-publish","4":"has-post-thumbnail","6":"product_cat-uncategorized","8":"first","9":"instock","10":"shipping-taxable","11":"product-type-simple"},"_links":{"self":[{"href":"https:\/\/chemneo.com\/pt\/wp-json\/wp\/v2\/product\/10996","targetHints":{"allow":["GET"]}}],"collection":[{"href":"https:\/\/chemneo.com\/pt\/wp-json\/wp\/v2\/product"}],"about":[{"href":"https:\/\/chemneo.com\/pt\/wp-json\/wp\/v2\/types\/product"}],"replies":[{"embeddable":true,"href":"https:\/\/chemneo.com\/pt\/wp-json\/wp\/v2\/comments?post=10996"}],"wp:featuredmedia":[{"embeddable":true,"href":"https:\/\/chemneo.com\/pt\/wp-json\/wp\/v2\/media\/7877"}],"wp:attachment":[{"href":"https:\/\/chemneo.com\/pt\/wp-json\/wp\/v2\/media?parent=10996"}],"wp:term":[{"taxonomy":"product_brand","embeddable":true,"href":"https:\/\/chemneo.com\/pt\/wp-json\/wp\/v2\/product_brand?post=10996"},{"taxonomy":"product_cat","embeddable":true,"href":"https:\/\/chemneo.com\/pt\/wp-json\/wp\/v2\/product_cat?post=10996"},{"taxonomy":"product_tag","embeddable":true,"href":"https:\/\/chemneo.com\/pt\/wp-json\/wp\/v2\/product_tag?post=10996"}],"curies":[{"name":"wp","href":"https:\/\/api.w.org\/{rel}","templated":true}]}}