{"id":10998,"date":"2024-11-13T15:19:08","date_gmt":"2024-11-13T07:19:08","guid":{"rendered":"https:\/\/chemneo.com\/product\/10998.html"},"modified":"2024-11-13T15:19:08","modified_gmt":"2024-11-13T07:19:08","slug":"lithium-oxalate-cas-553-91-3-30903-87-8-2","status":"publish","type":"product","link":"https:\/\/chemneo.com\/pt\/product\/10998.html","title":{"rendered":"Oxalato de l\u00edtio Cas 553-91-3 \/ 30903-87-8"},"content":{"rendered":"<p>Descri\u00e7\u00e3o<\/p>\n<p>\tLithium Oxalate Details<br \/>\nNome qu\u00edmico: Oxalato de l\u00edtio<br \/>\nSin\u00f3nimos: Sal de l\u00edtio do \u00e1cido etanodioico; oxalato de l\u00edtio; oxalato de \u00e1cido de l\u00edtio; oxalato de dil\u00edtio<br \/>\nCAS No.: 553-91-3\/ 30903-87-8<br \/>\nF\u00f3rmula molecular: C2H3LiO4<br \/>\nPeso molecular: 97,98<br \/>\nMolecular\u00a0Structure:<\/p>\n<p>Appearance: crystal<br \/>\nLithium Oxalate Typical Properties<\/p>\n<p>Densidade<br \/>\n2.12<\/p>\n<p>Water Solubility<br \/>\n8g\/100ml, 20\u2103<\/p>\n<p>Armazenamento<br \/>\nStore below +30\u00b0C.<\/p>\n<p>Apar\u00eancia<br \/>\nCrystal<\/p>\n<p>Colour<br \/>\nBranco<\/p>\n<p>Lithium Oxalate Usage<br \/>\nLithium oxalate can be used in the pharmaceutical industry to prepare lithium salt raw materials.<br \/>\nLithium Oxalate Packaging and Shipping<br \/>\nPacking: 25KG\/Drum<br \/>\nLithium Oxalate Storage<br \/>\nKeep in a well-closed, light-resistant, dry and cool place.<\/p>","protected":false},"excerpt":{"rendered":"<p>Nome qu\u00edmico: Oxalato de l\u00edtio<br \/>\nSin\u00f3nimos: Sal de l\u00edtio do \u00e1cido etanodioico; oxalato de l\u00edtio; oxalato de \u00e1cido de l\u00edtio; oxalato de dil\u00edtio<br \/>\nN.\u00ba CAS: 553-91-3 \/ 30903-87-8<br \/>\nF\u00f3rmula molecular: C2H3LiO4<br \/>\nPeso molecular: 97,98<\/p>","protected":false},"featured_media":7881,"comment_status":"open","ping_status":"closed","template":"","meta":[],"product_brand":[],"product_cat":[17],"product_tag":[],"class_list":{"0":"post-10998","1":"product","2":"type-product","3":"status-publish","4":"has-post-thumbnail","6":"product_cat-uncategorized","8":"first","9":"instock","10":"shipping-taxable","11":"product-type-simple"},"_links":{"self":[{"href":"https:\/\/chemneo.com\/pt\/wp-json\/wp\/v2\/product\/10998","targetHints":{"allow":["GET"]}}],"collection":[{"href":"https:\/\/chemneo.com\/pt\/wp-json\/wp\/v2\/product"}],"about":[{"href":"https:\/\/chemneo.com\/pt\/wp-json\/wp\/v2\/types\/product"}],"replies":[{"embeddable":true,"href":"https:\/\/chemneo.com\/pt\/wp-json\/wp\/v2\/comments?post=10998"}],"wp:featuredmedia":[{"embeddable":true,"href":"https:\/\/chemneo.com\/pt\/wp-json\/wp\/v2\/media\/7881"}],"wp:attachment":[{"href":"https:\/\/chemneo.com\/pt\/wp-json\/wp\/v2\/media?parent=10998"}],"wp:term":[{"taxonomy":"product_brand","embeddable":true,"href":"https:\/\/chemneo.com\/pt\/wp-json\/wp\/v2\/product_brand?post=10998"},{"taxonomy":"product_cat","embeddable":true,"href":"https:\/\/chemneo.com\/pt\/wp-json\/wp\/v2\/product_cat?post=10998"},{"taxonomy":"product_tag","embeddable":true,"href":"https:\/\/chemneo.com\/pt\/wp-json\/wp\/v2\/product_tag?post=10998"}],"curies":[{"name":"wp","href":"https:\/\/api.w.org\/{rel}","templated":true}]}}