{"id":11025,"date":"2024-11-13T15:19:12","date_gmt":"2024-11-13T07:19:12","guid":{"rendered":"https:\/\/chemneo.com\/product\/11025.html"},"modified":"2024-11-13T15:19:12","modified_gmt":"2024-11-13T07:19:12","slug":"2-bromodibenzofuran-cas-86-76-0-2","status":"publish","type":"product","link":"https:\/\/chemneo.com\/pt\/product\/11025.html","title":{"rendered":"2-Bromodibenzofuran CAS 86-76-0"},"content":{"rendered":"<p>Descri\u00e7\u00e3o<\/p>\n<p>\t2-Bromodibenzofuran\u00a0Quick Details<br \/>\nChemical Name:2-Bromodibenzofuran<br \/>\nCAS No.: 86-76-0<br \/>\nMolecular Fomula: C12H7BrO<br \/>\nChemical Structure:<br \/>\nMolecular weight: 247.09<br \/>\nAppearance: White to almost white solid<br \/>\nAssay\uff1a99%<br \/>\n2-Bromodibenzofuran\u00a0Typical Properties<\/p>\n<p>ITEMS<br \/>\nSPECIFICATION<\/p>\n<p>Densidade<br \/>\n1.577<\/p>\n<p>Ponto de ebuli\u00e7\u00e3o<br \/>\n344\u2103<\/p>\n<p>Melt point<br \/>\n121-122\u2103<\/p>\n<p>\u00edndice de refra\u00e7\u00e3o<br \/>\n1.5290 (estimate)<\/p>\n<p>2-Bromodibenzofuran\u00a0application:<br \/>\n2-Bromodibenzofuran is used as an intermediate in medicine, organic, and materials.<br \/>\n2-Bromodibenzofuran\u00a0Packaging and Shipping<br \/>\n1kg\/10kg\/100kg aluminum foil to \/ bottle \/ cardboard drum, can be customized according to customer requirements.<br \/>\n2-Bromodibenzofuran Storage<br \/>\nThis product shall be airtight, out of the sun, moisture-proof and away from heat. The storage period is one year.<\/p>","protected":false},"excerpt":{"rendered":"<p>Chemical Name:2-Bromodibenzofuran<br \/>\nCAS No.: 86-76-0<br \/>\nAppearance: White to almost white solid<br \/>\nAssay\uff1a99%<\/p>","protected":false},"featured_media":7935,"comment_status":"open","ping_status":"closed","template":"","meta":[],"product_brand":[],"product_cat":[17],"product_tag":[],"class_list":{"0":"post-11025","1":"product","2":"type-product","3":"status-publish","4":"has-post-thumbnail","6":"product_cat-uncategorized","8":"first","9":"instock","10":"shipping-taxable","11":"product-type-simple"},"_links":{"self":[{"href":"https:\/\/chemneo.com\/pt\/wp-json\/wp\/v2\/product\/11025","targetHints":{"allow":["GET"]}}],"collection":[{"href":"https:\/\/chemneo.com\/pt\/wp-json\/wp\/v2\/product"}],"about":[{"href":"https:\/\/chemneo.com\/pt\/wp-json\/wp\/v2\/types\/product"}],"replies":[{"embeddable":true,"href":"https:\/\/chemneo.com\/pt\/wp-json\/wp\/v2\/comments?post=11025"}],"wp:featuredmedia":[{"embeddable":true,"href":"https:\/\/chemneo.com\/pt\/wp-json\/wp\/v2\/media\/7935"}],"wp:attachment":[{"href":"https:\/\/chemneo.com\/pt\/wp-json\/wp\/v2\/media?parent=11025"}],"wp:term":[{"taxonomy":"product_brand","embeddable":true,"href":"https:\/\/chemneo.com\/pt\/wp-json\/wp\/v2\/product_brand?post=11025"},{"taxonomy":"product_cat","embeddable":true,"href":"https:\/\/chemneo.com\/pt\/wp-json\/wp\/v2\/product_cat?post=11025"},{"taxonomy":"product_tag","embeddable":true,"href":"https:\/\/chemneo.com\/pt\/wp-json\/wp\/v2\/product_tag?post=11025"}],"curies":[{"name":"wp","href":"https:\/\/api.w.org\/{rel}","templated":true}]}}