{"id":11027,"date":"2024-11-13T15:19:12","date_gmt":"2024-11-13T07:19:12","guid":{"rendered":"https:\/\/chemneo.com\/product\/11027.html"},"modified":"2024-11-13T15:19:13","modified_gmt":"2024-11-13T07:19:13","slug":"3456-tetrahydrophthalic-anhydride-cas-2426-02-0-2","status":"publish","type":"product","link":"https:\/\/chemneo.com\/pt\/product\/11027.html","title":{"rendered":"3,4,5,6-Tetrahydrophthalic Anhydride CAS 2426-02-0"},"content":{"rendered":"<p>Descri\u00e7\u00e3o<\/p>\n<p>\t3,4,5,6-Tetrahydrophthalic Anhydride\u00a0Quick Details<br \/>\nChemical Name: 3,4,5,6-Tetrahydrophthalic anhydride<br \/>\nOther Name: Tetrahydrophthalic acid anhydride; Cyclohexene-1,2-dicarboxylic anhydride; 3,4,5,6-THPA<br \/>\nCAS No.: 2426-02-0<br \/>\nMolecular Fomula: C8H8O3<br \/>\nChemical Structure:<br \/>\nMolecular weight: 152.15<br \/>\nAppearance: White to cream crystalline powder<br \/>\nAssay\uff1a\u226796.0%<br \/>\n3,4,5,6-Tetrahydrophthalic anhydride\u00a0Typical Properties<\/p>\n<p>ITEMS<br \/>\nSPECIFICATION<\/p>\n<p>Densidade<br \/>\n1.2000<\/p>\n<p>Ponto de ebuli\u00e7\u00e3o<br \/>\n234.6\u00b0C (rough estimate)<\/p>\n<p>Melt point<br \/>\n69-73\u00a0\u00b0C(lit.)<\/p>\n<p>\u00edndice de refra\u00e7\u00e3o<br \/>\n1.4447 (estimate)<\/p>\n<p>3,4,5,6-Tetrahydrophthalic anhydride\u00a0application:<br \/>\nUsed for light color or air dry alkyd resin, light stabilized unsaturated polyester, epoxy resin curing agent, putty resin, PE resin, solvent-free paint, antistain paint, HF grade insulating paint, room temperature quick drying or anaerobic adhesive and agent, EPS plasticizer, pesticide captan, amine production.<br \/>\n3,4,5,6-Tetrahydrophthalic anhydride\u00a0Packaging and Shipping<br \/>\n25kg\/bag<br \/>\n3,4,5,6-Tetrahydrophthalic anhydride Storage<br \/>\nThis product shall be airtight, out of the sun, moisture-proof and away from heat. The storage period is one year.<\/p>","protected":false},"excerpt":{"rendered":"<p>Chemical Name:3,4,5,6-Tetrahydrophthalic anhydride<br \/>\nCAS No.: 2426-02-0<br \/>\nAppearance: White to cream crystalline powder<br \/>\nAssay\uff1a\u226796.0%<\/p>","protected":false},"featured_media":7939,"comment_status":"open","ping_status":"closed","template":"","meta":[],"product_brand":[],"product_cat":[17],"product_tag":[],"class_list":{"0":"post-11027","1":"product","2":"type-product","3":"status-publish","4":"has-post-thumbnail","6":"product_cat-uncategorized","8":"first","9":"instock","10":"shipping-taxable","11":"product-type-simple"},"_links":{"self":[{"href":"https:\/\/chemneo.com\/pt\/wp-json\/wp\/v2\/product\/11027","targetHints":{"allow":["GET"]}}],"collection":[{"href":"https:\/\/chemneo.com\/pt\/wp-json\/wp\/v2\/product"}],"about":[{"href":"https:\/\/chemneo.com\/pt\/wp-json\/wp\/v2\/types\/product"}],"replies":[{"embeddable":true,"href":"https:\/\/chemneo.com\/pt\/wp-json\/wp\/v2\/comments?post=11027"}],"wp:featuredmedia":[{"embeddable":true,"href":"https:\/\/chemneo.com\/pt\/wp-json\/wp\/v2\/media\/7939"}],"wp:attachment":[{"href":"https:\/\/chemneo.com\/pt\/wp-json\/wp\/v2\/media?parent=11027"}],"wp:term":[{"taxonomy":"product_brand","embeddable":true,"href":"https:\/\/chemneo.com\/pt\/wp-json\/wp\/v2\/product_brand?post=11027"},{"taxonomy":"product_cat","embeddable":true,"href":"https:\/\/chemneo.com\/pt\/wp-json\/wp\/v2\/product_cat?post=11027"},{"taxonomy":"product_tag","embeddable":true,"href":"https:\/\/chemneo.com\/pt\/wp-json\/wp\/v2\/product_tag?post=11027"}],"curies":[{"name":"wp","href":"https:\/\/api.w.org\/{rel}","templated":true}]}}