{"id":11047,"date":"2024-11-13T15:19:15","date_gmt":"2024-11-13T07:19:15","guid":{"rendered":"https:\/\/chemneo.com\/product\/11047.html"},"modified":"2024-11-13T15:19:16","modified_gmt":"2024-11-13T07:19:16","slug":"5678-tetrahydroquinoxaline-cas-34413-35-9-2","status":"publish","type":"product","link":"https:\/\/chemneo.com\/pt\/product\/11047.html","title":{"rendered":"5,6,7,8-Tetrahydroquinoxaline CAS 34413-35-9"},"content":{"rendered":"<p>Descri\u00e7\u00e3o<\/p>\n<p>\t5,6,7,8-Tetrahydroquinoxaline Details<br \/>\nChemical Name: 5,6,7,8-Tetrahydroquinoxaline<br \/>\nSynonyms: Cyclohexapyrazine<br \/>\nCAS No.: 34413-35-9<br \/>\nMolecular Formula: C8H10N2<br \/>\nMolecular Weight: 134.18<br \/>\nMolecular\u00a0Structure:<br \/>\nAspeto: L\u00edquido<br \/>\n5,6,7,8-Tetrahydroquinoxaline Typical Properties<\/p>\n<p>Ponto de ebuli\u00e7\u00e3o<br \/>\n85\u00a0\u00b0C3\u00a0mm Hg(lit.)<\/p>\n<p>Densidade<br \/>\n1.061\u00a0g\/mL\u00a0at 25\u00a0\u00b0C(lit.)<\/p>\n<p>Ponto de inflama\u00e7\u00e3o<br \/>\n195\u00a0\u00b0F<\/p>\n<p>Storage conditions<br \/>\nSealed in dry,Room Temperature<\/p>\n<p>Solubilidade<br \/>\nSoluble in water<\/p>\n<p>Cor<br \/>\nColorless to light yellow<\/p>\n<p>Apar\u00eancia<br \/>\nL\u00edquido<\/p>\n<p>\u00cdndice de refra\u00e7\u00e3o<br \/>\nn20\/D 1.542(lit.)<\/p>\n<p>\u00a0<br \/>\n5,6,7,8-Tetrahydroquinoxaline Usage<br \/>\nMainly used as daily fragrance.<br \/>\n5,6,7,8-Tetrahydroquinoxaline Packaging and Shipping<br \/>\nPacking: 25KG\/Drum<br \/>\n5,6,7,8-Tetrahydroquinoxaline Storage<br \/>\nKeep in a well-closed,light-resistant, dry and cool place.<\/p>","protected":false},"excerpt":{"rendered":"<p>Chemical Name: 5,6,7,8-Tetrahydroquinoxaline<br \/>\nSynonyms: Cyclohexapyrazine<br \/>\nCAS No.: 34413-35-9<br \/>\nMolecular Formula: C8H10N2<br \/>\nMolecular Weight: 134.18<br \/>\nAspeto: L\u00edquido<\/p>","protected":false},"featured_media":7979,"comment_status":"open","ping_status":"closed","template":"","meta":[],"product_brand":[],"product_cat":[17],"product_tag":[],"class_list":{"0":"post-11047","1":"product","2":"type-product","3":"status-publish","4":"has-post-thumbnail","6":"product_cat-uncategorized","8":"first","9":"instock","10":"shipping-taxable","11":"product-type-simple"},"_links":{"self":[{"href":"https:\/\/chemneo.com\/pt\/wp-json\/wp\/v2\/product\/11047","targetHints":{"allow":["GET"]}}],"collection":[{"href":"https:\/\/chemneo.com\/pt\/wp-json\/wp\/v2\/product"}],"about":[{"href":"https:\/\/chemneo.com\/pt\/wp-json\/wp\/v2\/types\/product"}],"replies":[{"embeddable":true,"href":"https:\/\/chemneo.com\/pt\/wp-json\/wp\/v2\/comments?post=11047"}],"wp:featuredmedia":[{"embeddable":true,"href":"https:\/\/chemneo.com\/pt\/wp-json\/wp\/v2\/media\/7979"}],"wp:attachment":[{"href":"https:\/\/chemneo.com\/pt\/wp-json\/wp\/v2\/media?parent=11047"}],"wp:term":[{"taxonomy":"product_brand","embeddable":true,"href":"https:\/\/chemneo.com\/pt\/wp-json\/wp\/v2\/product_brand?post=11047"},{"taxonomy":"product_cat","embeddable":true,"href":"https:\/\/chemneo.com\/pt\/wp-json\/wp\/v2\/product_cat?post=11047"},{"taxonomy":"product_tag","embeddable":true,"href":"https:\/\/chemneo.com\/pt\/wp-json\/wp\/v2\/product_tag?post=11047"}],"curies":[{"name":"wp","href":"https:\/\/api.w.org\/{rel}","templated":true}]}}