{"id":11067,"date":"2024-11-13T15:19:19","date_gmt":"2024-11-13T07:19:19","guid":{"rendered":"https:\/\/chemneo.com\/product\/11067.html"},"modified":"2024-11-13T15:19:19","modified_gmt":"2024-11-13T07:19:19","slug":"2-bromopropane-2-d1-cas-4067-80-5-2","status":"publish","type":"product","link":"https:\/\/chemneo.com\/pt\/product\/11067.html","title":{"rendered":"2-Bromopropano-2-D1 Cas 4067-80-5"},"content":{"rendered":"<p>Descri\u00e7\u00e3o<\/p>\n<p>\t2-BROMOPROPANE-2-D1 Quick Details<br \/>\nNome qu\u00edmico: 2-BROMOPROPANO-2-D1<br \/>\nN.\u00ba CAS: 4067-80-5<br \/>\nF\u00f3rmula molecular:C3H7Br<br \/>\nChemical Structure:<\/p>\n<p>Peso molecular: 122,99<br \/>\nAspeto: l\u00edquido l\u00edmpido<br \/>\n2-BROMOPROPANE-2-D1\u00a0Typical Properties<\/p>\n<p>Item<br \/>\nStandard<\/p>\n<p>densidade<br \/>\n1.321\u00a0g\/mL\u00a0at 25\u00a0\u00b0C<\/p>\n<p>Ponto de inflama\u00e7\u00e3o<br \/>\n67\u00a0\u00b0F<\/p>\n<p>\u00edndice de refra\u00e7\u00e3o<br \/>\nn20\/D 1.4252(lit.)<\/p>\n<p>Ponto de fus\u00e3o<br \/>\n\u221289\u00a0\u00b0C(lit.)<\/p>\n<p>2-BROMOPROPANE-2-D1 application:<br \/>\norganic chemistry intermediates<br \/>\n2-BROMOPROPANE-2-D1 Packaging<br \/>\n25kg\/drum<br \/>\n2-BROMOPROPANE-2-D1 Storage<br \/>\nIt should be stored in a clean, dry and cool place, preventing from sunlight, rain.<\/p>","protected":false},"excerpt":{"rendered":"<p>Nome qu\u00edmico: 2-BROMOPROPANO-2-D1<br \/>\nN.\u00ba CAS: 4067-80-5<br \/>\nF\u00f3rmula molecular:C3H7Br<br \/>\nPeso molecular: 122,99<br \/>\nAspeto: l\u00edquido l\u00edmpido<\/p>","protected":false},"featured_media":8019,"comment_status":"open","ping_status":"closed","template":"","meta":[],"product_brand":[],"product_cat":[17],"product_tag":[],"class_list":{"0":"post-11067","1":"product","2":"type-product","3":"status-publish","4":"has-post-thumbnail","6":"product_cat-uncategorized","8":"first","9":"instock","10":"shipping-taxable","11":"product-type-simple"},"_links":{"self":[{"href":"https:\/\/chemneo.com\/pt\/wp-json\/wp\/v2\/product\/11067","targetHints":{"allow":["GET"]}}],"collection":[{"href":"https:\/\/chemneo.com\/pt\/wp-json\/wp\/v2\/product"}],"about":[{"href":"https:\/\/chemneo.com\/pt\/wp-json\/wp\/v2\/types\/product"}],"replies":[{"embeddable":true,"href":"https:\/\/chemneo.com\/pt\/wp-json\/wp\/v2\/comments?post=11067"}],"wp:featuredmedia":[{"embeddable":true,"href":"https:\/\/chemneo.com\/pt\/wp-json\/wp\/v2\/media\/8019"}],"wp:attachment":[{"href":"https:\/\/chemneo.com\/pt\/wp-json\/wp\/v2\/media?parent=11067"}],"wp:term":[{"taxonomy":"product_brand","embeddable":true,"href":"https:\/\/chemneo.com\/pt\/wp-json\/wp\/v2\/product_brand?post=11067"},{"taxonomy":"product_cat","embeddable":true,"href":"https:\/\/chemneo.com\/pt\/wp-json\/wp\/v2\/product_cat?post=11067"},{"taxonomy":"product_tag","embeddable":true,"href":"https:\/\/chemneo.com\/pt\/wp-json\/wp\/v2\/product_tag?post=11067"}],"curies":[{"name":"wp","href":"https:\/\/api.w.org\/{rel}","templated":true}]}}