{"id":11068,"date":"2024-11-13T15:19:19","date_gmt":"2024-11-13T07:19:19","guid":{"rendered":"https:\/\/chemneo.com\/product\/11068.html"},"modified":"2024-11-13T15:19:19","modified_gmt":"2024-11-13T07:19:19","slug":"pigment-yellow-83-cas-5567-15-7-2","status":"publish","type":"product","link":"https:\/\/chemneo.com\/pt\/product\/11068.html","title":{"rendered":"Pigmento Amarelo 83 Cas 5567-15-7"},"content":{"rendered":"<p>Descri\u00e7\u00e3o<\/p>\n<p>\tPigment Yellow 83 Quick Details<br \/>\nDenomina\u00e7\u00e3o qu\u00edmica: Pigmento Amarelo 83; Amarelo Permanente HR<br \/>\nN.\u00ba CAS: 5567-15-7<br \/>\nF\u00f3rmula molecular:C36H32Cl4N6O8<br \/>\nChemical Structure:<\/p>\n<p>Peso molecular: 818,49<br \/>\nAspeto: amarelo Granulado<br \/>\nAssay\uff1a99% Min<br \/>\nPigment Yellow 83\u00a0Typical Properties<\/p>\n<p>Item<br \/>\nStandard<\/p>\n<p>densidade<br \/>\n1.43<\/p>\n<p>Apar\u00eancia<br \/>\nyellow Granular<\/p>\n<p>Ponto de fus\u00e3o<br \/>\n> 300\u00b0C (dec.)<\/p>\n<p>Acidity coefficient (pKa)<br \/>\n0.76\u00b10.59(Predicted)<\/p>\n<p>Pigment Yellow 83 application:<br \/>\nMainly used for coloring inks, plastic products and coatings<br \/>\nPigment Yellow 83Packaging and Shipping\u00a0<br \/>\n25kg\/bag<br \/>\nPigment Yellow 83 Storage<br \/>\nIt should be stored in a clean, dry and cool place, preventing from sunlight, rain.<\/p>","protected":false},"excerpt":{"rendered":"<p>Denomina\u00e7\u00e3o qu\u00edmica: Pigmento Amarelo 83; Amarelo Permanente HR<br \/>\nN.\u00ba CAS: 5567-15-7<br \/>\nF\u00f3rmula molecular:C36H32Cl4N6O8<br \/>\nPeso molecular: 818,49<br \/>\nAspeto: amarelo Granulado<\/p>","protected":false},"featured_media":8021,"comment_status":"open","ping_status":"closed","template":"","meta":[],"product_brand":[],"product_cat":[17],"product_tag":[],"class_list":{"0":"post-11068","1":"product","2":"type-product","3":"status-publish","4":"has-post-thumbnail","6":"product_cat-uncategorized","8":"first","9":"instock","10":"shipping-taxable","11":"product-type-simple"},"_links":{"self":[{"href":"https:\/\/chemneo.com\/pt\/wp-json\/wp\/v2\/product\/11068","targetHints":{"allow":["GET"]}}],"collection":[{"href":"https:\/\/chemneo.com\/pt\/wp-json\/wp\/v2\/product"}],"about":[{"href":"https:\/\/chemneo.com\/pt\/wp-json\/wp\/v2\/types\/product"}],"replies":[{"embeddable":true,"href":"https:\/\/chemneo.com\/pt\/wp-json\/wp\/v2\/comments?post=11068"}],"wp:featuredmedia":[{"embeddable":true,"href":"https:\/\/chemneo.com\/pt\/wp-json\/wp\/v2\/media\/8021"}],"wp:attachment":[{"href":"https:\/\/chemneo.com\/pt\/wp-json\/wp\/v2\/media?parent=11068"}],"wp:term":[{"taxonomy":"product_brand","embeddable":true,"href":"https:\/\/chemneo.com\/pt\/wp-json\/wp\/v2\/product_brand?post=11068"},{"taxonomy":"product_cat","embeddable":true,"href":"https:\/\/chemneo.com\/pt\/wp-json\/wp\/v2\/product_cat?post=11068"},{"taxonomy":"product_tag","embeddable":true,"href":"https:\/\/chemneo.com\/pt\/wp-json\/wp\/v2\/product_tag?post=11068"}],"curies":[{"name":"wp","href":"https:\/\/api.w.org\/{rel}","templated":true}]}}