{"id":11070,"date":"2024-11-13T15:19:20","date_gmt":"2024-11-13T07:19:20","guid":{"rendered":"https:\/\/chemneo.com\/product\/11070.html"},"modified":"2024-11-13T15:19:20","modified_gmt":"2024-11-13T07:19:20","slug":"1-bromo-2-methoxyethane-cas-6482-24-2-2","status":"publish","type":"product","link":"https:\/\/chemneo.com\/pt\/product\/11070.html","title":{"rendered":"1-Bromo-2-metoxietano Cas 6482-24-2"},"content":{"rendered":"<p>Descri\u00e7\u00e3o<\/p>\n<p>\t1-Bromo-2-methoxyethane Quick Details<br \/>\nNome qu\u00edmico: 1-Bromo-2-metoxietano<br \/>\nSin\u00f3nimos: \u00c9ter met\u00edlico do 2-bromoetilo<br \/>\nN.\u00ba CAS: 6482-24-2<br \/>\nF\u00f3rmula molecular: C3H7BrO<br \/>\nChemical Structure:<\/p>\n<p>Peso molecular: 138,99<br \/>\nAspeto: L\u00edquido incolor a amarelo claro<br \/>\nEnsaio\uff1a\u226599.0%<br \/>\n1-Bromo-2-methoxyethane\u00a0Typical Properties<\/p>\n<p>ITEMS<br \/>\nSPECIFICATION<\/p>\n<p>Densidade<br \/>\n1.479\u00a0g\/cm3<\/p>\n<p>Ponto de ebuli\u00e7\u00e3o<br \/>\n40-41 \u00b0C\/66 mmHg (lit.)<\/p>\n<p>Melt point<br \/>\n34-36\u00a0\u00b0C<\/p>\n<p>Ponto de inflama\u00e7\u00e3o<br \/>\n28.3\u00b0C<\/p>\n<p>1-Bromo-2-methoxyethane\u00a0application:<\/p>\n<p>It can be used to prepare alkyl ethers of alkylcholine salts.<br \/>\nIt can be used as an intermediate in organic synthesis<\/p>\n<p>1-Bromo-2-methoxyethane\u00a0Packaging and Shipping<br \/>\ncustomized according to customer needs.<br \/>\n1-Bromo-2-methoxyethane\u00a0Storage<br \/>\nIt should be stored in a clean, dry and cool place, preventing from sunlight, rain.<\/p>","protected":false},"excerpt":{"rendered":"<p>Nome qu\u00edmico: 1-Bromo-2-metoxietano<br \/>\nSin\u00f3nimos: \u00c9ter met\u00edlico do 2-bromoetilo<br \/>\nN.\u00ba CAS: 6482-24-2<br \/>\nF\u00f3rmula molecular: C3H7BrO<br \/>\nPeso molecular: 138,99<br \/>\nAspeto: L\u00edquido incolor a amarelo claro<br \/>\nEnsaio\uff1a\u226599.0%<\/p>","protected":false},"featured_media":8025,"comment_status":"open","ping_status":"closed","template":"","meta":[],"product_brand":[],"product_cat":[17],"product_tag":[],"class_list":{"0":"post-11070","1":"product","2":"type-product","3":"status-publish","4":"has-post-thumbnail","6":"product_cat-uncategorized","8":"first","9":"instock","10":"shipping-taxable","11":"product-type-simple"},"_links":{"self":[{"href":"https:\/\/chemneo.com\/pt\/wp-json\/wp\/v2\/product\/11070","targetHints":{"allow":["GET"]}}],"collection":[{"href":"https:\/\/chemneo.com\/pt\/wp-json\/wp\/v2\/product"}],"about":[{"href":"https:\/\/chemneo.com\/pt\/wp-json\/wp\/v2\/types\/product"}],"replies":[{"embeddable":true,"href":"https:\/\/chemneo.com\/pt\/wp-json\/wp\/v2\/comments?post=11070"}],"wp:featuredmedia":[{"embeddable":true,"href":"https:\/\/chemneo.com\/pt\/wp-json\/wp\/v2\/media\/8025"}],"wp:attachment":[{"href":"https:\/\/chemneo.com\/pt\/wp-json\/wp\/v2\/media?parent=11070"}],"wp:term":[{"taxonomy":"product_brand","embeddable":true,"href":"https:\/\/chemneo.com\/pt\/wp-json\/wp\/v2\/product_brand?post=11070"},{"taxonomy":"product_cat","embeddable":true,"href":"https:\/\/chemneo.com\/pt\/wp-json\/wp\/v2\/product_cat?post=11070"},{"taxonomy":"product_tag","embeddable":true,"href":"https:\/\/chemneo.com\/pt\/wp-json\/wp\/v2\/product_tag?post=11070"}],"curies":[{"name":"wp","href":"https:\/\/api.w.org\/{rel}","templated":true}]}}