{"id":11075,"date":"2024-11-13T15:19:20","date_gmt":"2024-11-13T07:19:20","guid":{"rendered":"https:\/\/chemneo.com\/product\/11075.html"},"modified":"2024-11-13T15:19:20","modified_gmt":"2024-11-13T07:19:20","slug":"13-diphenyl-2-thiourea-cas-102-08-9-2","status":"publish","type":"product","link":"https:\/\/chemneo.com\/pt\/product\/11075.html","title":{"rendered":"1,3-Difenil-2-tioureia CAS 102-08-9"},"content":{"rendered":"<p>Descri\u00e7\u00e3o<\/p>\n<p>\t1,3-Diphenyl-2-thiourea Quick Details<br \/>\nNome qu\u00edmico: 1,3-Difenil-2-tioureia<br \/>\nSin\u00f3nimos: Tiocarbanilida; N,N'-Difeniltioureia; sym-Difeniltioureia<br \/>\nN.\u00ba CAS: 102-08-9<br \/>\nF\u00f3rmula molecular: C13H12N2S<br \/>\nChemical Structure:<br \/>\nMassa molecular: 228,31<br \/>\nAspeto: Cristal pulverulento branco cinzento<br \/>\nEnsaio: \u226599.0%<br \/>\n1,3-Diphenyl-2-thiourea\u00a0Typical Properties<\/p>\n<p>ITEMS<br \/>\nSPECIFICATION<\/p>\n<p>Ensaio<br \/>\n\u226598.0%<\/p>\n<p>densidade<br \/>\n1.32<\/p>\n<p>\u00edndice de refra\u00e7\u00e3o<br \/>\n1.5700<\/p>\n<p>Moisture<br \/>\n\u22640.5<\/p>\n<p>\u00a0<br \/>\n1,3-Diphenyl-2-thiourea Application<br \/>\nUsed as reagents for the determination of osmium and ruthenium, sulfur slurry accelerator, and also used in the dye industry.<br \/>\n1,3-Diphenyl-2-thiourea\u00a0Packaging and Shipping\u00a0<br \/>\ncustomized according to customer needs.<br \/>\n1,3-Diphenyl-2-thiourea\u00a0Storage<br \/>\nIt should be stored in a clean, dry and cool place, preventing from sunlight, rain.<\/p>","protected":false},"excerpt":{"rendered":"<p>Nome qu\u00edmico: 1,3-Difenil-2-tioureia<br \/>\nSin\u00f3nimos: Tiocarbanilida; N,N'-Difeniltioureia; sym-Difeniltioureia<br \/>\nN.\u00ba CAS: 102-08-9<br \/>\nF\u00f3rmula molecular: C13H12N2S<br \/>\nMassa molecular: 228,31<br \/>\nAspeto: Cristal pulverulento branco cinzento<br \/>\nEnsaio: \u226599.0%<\/p>","protected":false},"featured_media":8035,"comment_status":"open","ping_status":"closed","template":"","meta":[],"product_brand":[],"product_cat":[17],"product_tag":[],"class_list":{"0":"post-11075","1":"product","2":"type-product","3":"status-publish","4":"has-post-thumbnail","6":"product_cat-uncategorized","8":"first","9":"instock","10":"shipping-taxable","11":"product-type-simple"},"_links":{"self":[{"href":"https:\/\/chemneo.com\/pt\/wp-json\/wp\/v2\/product\/11075","targetHints":{"allow":["GET"]}}],"collection":[{"href":"https:\/\/chemneo.com\/pt\/wp-json\/wp\/v2\/product"}],"about":[{"href":"https:\/\/chemneo.com\/pt\/wp-json\/wp\/v2\/types\/product"}],"replies":[{"embeddable":true,"href":"https:\/\/chemneo.com\/pt\/wp-json\/wp\/v2\/comments?post=11075"}],"wp:featuredmedia":[{"embeddable":true,"href":"https:\/\/chemneo.com\/pt\/wp-json\/wp\/v2\/media\/8035"}],"wp:attachment":[{"href":"https:\/\/chemneo.com\/pt\/wp-json\/wp\/v2\/media?parent=11075"}],"wp:term":[{"taxonomy":"product_brand","embeddable":true,"href":"https:\/\/chemneo.com\/pt\/wp-json\/wp\/v2\/product_brand?post=11075"},{"taxonomy":"product_cat","embeddable":true,"href":"https:\/\/chemneo.com\/pt\/wp-json\/wp\/v2\/product_cat?post=11075"},{"taxonomy":"product_tag","embeddable":true,"href":"https:\/\/chemneo.com\/pt\/wp-json\/wp\/v2\/product_tag?post=11075"}],"curies":[{"name":"wp","href":"https:\/\/api.w.org\/{rel}","templated":true}]}}