{"id":11080,"date":"2024-11-13T15:19:21","date_gmt":"2024-11-13T07:19:21","guid":{"rendered":"https:\/\/chemneo.com\/product\/11080.html"},"modified":"2024-11-13T15:19:21","modified_gmt":"2024-11-13T07:19:21","slug":"lead-stearate-cas-1072-35-1-2","status":"publish","type":"product","link":"https:\/\/chemneo.com\/pt\/product\/11080.html","title":{"rendered":"Estearato de chumbo CAS 1072-35-1"},"content":{"rendered":"<p>Descri\u00e7\u00e3o<\/p>\n<p>\tLead Stearate\u00a0Quick Details<br \/>\nNome qu\u00edmico: Estearato de chumbo<br \/>\nSin\u00f3nimos Este\u00e1rico: sal \u00e1cido de chumbo(2+); diestearato de chumbo<br \/>\nN.\u00ba CAS: 1072-35-1<br \/>\nF\u00f3rmula molecular: C36H70O4Pb<br \/>\nChemical Structure:<br \/>\nPeso molecular: 774,14<br \/>\nAspeto: P\u00f3 branco<br \/>\nLead Stearate Typical Properties<\/p>\n<p>ITEMS<br \/>\nSPECIFICATION<\/p>\n<p>Apar\u00eancia<br \/>\nP\u00f3 branco<\/p>\n<p>Lead content<br \/>\n27.5\u00b11.5%<\/p>\n<p>Free Acid(stearic acid)<br \/>\n\u22641.5%<\/p>\n<p>Melting point<br \/>\n98-100\u00b0C<\/p>\n<p>\u00a0<br \/>\nLead Stearate application<br \/>\nTranslucent heat-resistant stabilizer for polyvinyl chloride plastic and lubricating oil thickener<br \/>\nLead Stearate Packaging and Shipping\u00a0<br \/>\nCustomized according to customer needs.<br \/>\nLead Stearate\u00a0Storage<br \/>\nIt should be stored in a clean, dry and cool place, preventing from sunlight, rain.<\/p>","protected":false},"excerpt":{"rendered":"<p>Nome qu\u00edmico: Estearato de chumbo<br \/>\nSin\u00f3nimos Este\u00e1rico: sal \u00e1cido de chumbo(2+); diestearato de chumbo<br \/>\nN.\u00ba CAS: 1072-35-1<br \/>\nF\u00f3rmula molecular: C36H70O4Pb<br \/>\nPeso molecular: 774,14<br \/>\nAspeto: P\u00f3 branco<\/p>","protected":false},"featured_media":8045,"comment_status":"open","ping_status":"closed","template":"","meta":[],"product_brand":[],"product_cat":[17],"product_tag":[],"class_list":{"0":"post-11080","1":"product","2":"type-product","3":"status-publish","4":"has-post-thumbnail","6":"product_cat-uncategorized","8":"first","9":"instock","10":"shipping-taxable","11":"product-type-simple"},"_links":{"self":[{"href":"https:\/\/chemneo.com\/pt\/wp-json\/wp\/v2\/product\/11080","targetHints":{"allow":["GET"]}}],"collection":[{"href":"https:\/\/chemneo.com\/pt\/wp-json\/wp\/v2\/product"}],"about":[{"href":"https:\/\/chemneo.com\/pt\/wp-json\/wp\/v2\/types\/product"}],"replies":[{"embeddable":true,"href":"https:\/\/chemneo.com\/pt\/wp-json\/wp\/v2\/comments?post=11080"}],"wp:featuredmedia":[{"embeddable":true,"href":"https:\/\/chemneo.com\/pt\/wp-json\/wp\/v2\/media\/8045"}],"wp:attachment":[{"href":"https:\/\/chemneo.com\/pt\/wp-json\/wp\/v2\/media?parent=11080"}],"wp:term":[{"taxonomy":"product_brand","embeddable":true,"href":"https:\/\/chemneo.com\/pt\/wp-json\/wp\/v2\/product_brand?post=11080"},{"taxonomy":"product_cat","embeddable":true,"href":"https:\/\/chemneo.com\/pt\/wp-json\/wp\/v2\/product_cat?post=11080"},{"taxonomy":"product_tag","embeddable":true,"href":"https:\/\/chemneo.com\/pt\/wp-json\/wp\/v2\/product_tag?post=11080"}],"curies":[{"name":"wp","href":"https:\/\/api.w.org\/{rel}","templated":true}]}}