{"id":11094,"date":"2024-11-13T15:19:24","date_gmt":"2024-11-13T07:19:24","guid":{"rendered":"https:\/\/chemneo.com\/product\/11094.html"},"modified":"2024-11-13T15:19:24","modified_gmt":"2024-11-13T07:19:24","slug":"diethyl-oxalacetate-sodium-salt-cas-40876-98-0-2","status":"publish","type":"product","link":"https:\/\/chemneo.com\/pt\/product\/11094.html","title":{"rendered":"Sal de s\u00f3dio do oxalacetato de dietilo CAS 40876-98-0"},"content":{"rendered":"<p>Descri\u00e7\u00e3o<\/p>\n<p>\tDiethyl oxalacetate sodium salt\u00a0Quick Details<br \/>\nChemical Name: Diethyl oxalacetate sodium salt<br \/>\nCAS No.: 40876-98-0<br \/>\nMolecular Fomula: \u00a0C8H11NaO5<br \/>\nChemical Structure:<\/p>\n<p>Molecular weight: 210.16<br \/>\nAspeto: P\u00f3 cristalino branco<br \/>\nEnsaio: \u226599.0%<br \/>\nTypical Properties<\/p>\n<p>ITEMS<br \/>\nSPECIFICATION<\/p>\n<p>Apar\u00eancia<br \/>\n\u00a0\u00a0P\u00f3 cristalino branco<\/p>\n<p>Ensaio<br \/>\n\u00a0\u226599.0%<\/p>\n<p>\u00a0<br \/>\nDiethyl oxalacetate sodium salt application:<br \/>\nPharmaceutical intermediates<br \/>\nPackaging and Shipping\u00a0<br \/>\n25kg\/drum<br \/>\nDiethyl oxalacetate sodium salt\u00a0Storage<br \/>\nIt should be stored in a clean, dry, and cool place, preventing from sunlight and rain.<\/p>","protected":false},"excerpt":{"rendered":"<p>Chemical Name: Diethyl oxalacetate sodium salt<br \/>\nCAS No.: 40876-98-0<br \/>\nMolecular Fomula: \u00a0C8H11NaO5<br \/>\nMolecular weight: 210.16<br \/>\nAspeto: P\u00f3 cristalino branco<br \/>\nEnsaio: \u226599.0%<\/p>","protected":false},"featured_media":8072,"comment_status":"open","ping_status":"closed","template":"","meta":[],"product_brand":[],"product_cat":[17],"product_tag":[],"class_list":{"0":"post-11094","1":"product","2":"type-product","3":"status-publish","4":"has-post-thumbnail","6":"product_cat-uncategorized","8":"first","9":"instock","10":"shipping-taxable","11":"product-type-simple"},"_links":{"self":[{"href":"https:\/\/chemneo.com\/pt\/wp-json\/wp\/v2\/product\/11094","targetHints":{"allow":["GET"]}}],"collection":[{"href":"https:\/\/chemneo.com\/pt\/wp-json\/wp\/v2\/product"}],"about":[{"href":"https:\/\/chemneo.com\/pt\/wp-json\/wp\/v2\/types\/product"}],"replies":[{"embeddable":true,"href":"https:\/\/chemneo.com\/pt\/wp-json\/wp\/v2\/comments?post=11094"}],"wp:featuredmedia":[{"embeddable":true,"href":"https:\/\/chemneo.com\/pt\/wp-json\/wp\/v2\/media\/8072"}],"wp:attachment":[{"href":"https:\/\/chemneo.com\/pt\/wp-json\/wp\/v2\/media?parent=11094"}],"wp:term":[{"taxonomy":"product_brand","embeddable":true,"href":"https:\/\/chemneo.com\/pt\/wp-json\/wp\/v2\/product_brand?post=11094"},{"taxonomy":"product_cat","embeddable":true,"href":"https:\/\/chemneo.com\/pt\/wp-json\/wp\/v2\/product_cat?post=11094"},{"taxonomy":"product_tag","embeddable":true,"href":"https:\/\/chemneo.com\/pt\/wp-json\/wp\/v2\/product_tag?post=11094"}],"curies":[{"name":"wp","href":"https:\/\/api.w.org\/{rel}","templated":true}]}}