{"id":11118,"date":"2024-11-13T15:19:29","date_gmt":"2024-11-13T07:19:29","guid":{"rendered":"https:\/\/chemneo.com\/product\/11118.html"},"modified":"2024-11-13T15:19:29","modified_gmt":"2024-11-13T07:19:29","slug":"mercaptoacetic-acid-benzyl-ester-cas-7383-63-3-2","status":"publish","type":"product","link":"https:\/\/chemneo.com\/pt\/product\/11118.html","title":{"rendered":"\u00c9ster benz\u00edlico do \u00e1cido mercaptoac\u00e9tico CAS 7383-63-3"},"content":{"rendered":"<p>Descri\u00e7\u00e3o<\/p>\n<p>\tMercaptoacetic Acid Benzyl Ester Quick Details<br \/>\nChemical Name: Mercaptoacetic Acid Benzyl Ester<br \/>\nCAS No.: 7383-63-3<br \/>\nMolecular Fomula: C9H10O2S<br \/>\nChemical Structure:<br \/>\nMolecular weight: 182.24<br \/>\nAspeto: L\u00edquido transparente incolor<br \/>\nEnsaio: \u226598.5%<br \/>\nMercaptoacetic Acid Benzyl Ester Typical Properties<\/p>\n<p>ITEMS<br \/>\nSPECIFICATION<\/p>\n<p>Densidade<br \/>\n1.160~1.190 g\/cm3<\/p>\n<p>Odor<br \/>\nSlight garlic smell<\/p>\n<p>\u00a0<br \/>\nMercaptoacetic Acid Benzyl Ester Application<br \/>\nOrganic synthetic chemical raw materials<br \/>\nMercaptoacetic Acid Benzyl Ester Packaging and Shipping\u00a0<br \/>\nCustomized according to customer needs.<br \/>\nMercaptoacetic Acid Benzyl Ester Storage<br \/>\nUnstable in air, should be stored away from light.<\/p>","protected":false},"excerpt":{"rendered":"<p>Chemical Name: Mercaptoacetic Acid Benzyl Ester<br \/>\nCAS No.: 7383-63-3<br \/>\nMolecular Fomula: C9H10O2S<br \/>\nMolecular weight: 182.24<br \/>\nAspeto: L\u00edquido transparente incolor<br \/>\nEnsaio: \u226598.5%<\/p>","protected":false},"featured_media":8120,"comment_status":"open","ping_status":"closed","template":"","meta":[],"product_brand":[],"product_cat":[17],"product_tag":[],"class_list":{"0":"post-11118","1":"product","2":"type-product","3":"status-publish","4":"has-post-thumbnail","6":"product_cat-uncategorized","8":"first","9":"instock","10":"shipping-taxable","11":"product-type-simple"},"_links":{"self":[{"href":"https:\/\/chemneo.com\/pt\/wp-json\/wp\/v2\/product\/11118","targetHints":{"allow":["GET"]}}],"collection":[{"href":"https:\/\/chemneo.com\/pt\/wp-json\/wp\/v2\/product"}],"about":[{"href":"https:\/\/chemneo.com\/pt\/wp-json\/wp\/v2\/types\/product"}],"replies":[{"embeddable":true,"href":"https:\/\/chemneo.com\/pt\/wp-json\/wp\/v2\/comments?post=11118"}],"wp:featuredmedia":[{"embeddable":true,"href":"https:\/\/chemneo.com\/pt\/wp-json\/wp\/v2\/media\/8120"}],"wp:attachment":[{"href":"https:\/\/chemneo.com\/pt\/wp-json\/wp\/v2\/media?parent=11118"}],"wp:term":[{"taxonomy":"product_brand","embeddable":true,"href":"https:\/\/chemneo.com\/pt\/wp-json\/wp\/v2\/product_brand?post=11118"},{"taxonomy":"product_cat","embeddable":true,"href":"https:\/\/chemneo.com\/pt\/wp-json\/wp\/v2\/product_cat?post=11118"},{"taxonomy":"product_tag","embeddable":true,"href":"https:\/\/chemneo.com\/pt\/wp-json\/wp\/v2\/product_tag?post=11118"}],"curies":[{"name":"wp","href":"https:\/\/api.w.org\/{rel}","templated":true}]}}