{"id":11125,"date":"2024-11-13T15:19:30","date_gmt":"2024-11-13T07:19:30","guid":{"rendered":"https:\/\/chemneo.com\/product\/11125.html"},"modified":"2024-11-13T15:19:30","modified_gmt":"2024-11-13T07:19:30","slug":"5-methylquinoxaline-cas-13708-12-8-2","status":"publish","type":"product","link":"https:\/\/chemneo.com\/pt\/product\/11125.html","title":{"rendered":"5-Metilquinoxalina CAS 13708-12-8"},"content":{"rendered":"<p>Descri\u00e7\u00e3o<\/p>\n<p>\t5-Methylquinoxaline Details<br \/>\nDenomina\u00e7\u00e3o qu\u00edmica: 5-Metilquinoxalina<br \/>\nN.\u00ba CAS: 13708-12-8<br \/>\nF\u00f3rmula molecular: C9H8N2<br \/>\nPeso molecular: 144,17<br \/>\nMolecular\u00a0Structure:<br \/>\nAspeto: L\u00edquido<br \/>\n5-Methylquinoxaline Typical Properties<\/p>\n<p>Ponto de fus\u00e3o<br \/>\n20-21 \u00b0C (lit.)<\/p>\n<p>Ponto de ebuli\u00e7\u00e3o<br \/>\n120 \u00b0C\/15 mmHg (lit.)<\/p>\n<p>Refractive index<br \/>\nn20\/D 1.62(lit.)<\/p>\n<p>Densidade<br \/>\n1.125 g\/mL at 25 \u00b0C<\/p>\n<p>Ponto de inflama\u00e7\u00e3o<br \/>\n>230\u00a0\u00b0F<\/p>\n<p>Storage conditions<br \/>\nSealed in dry,Room Temperature<\/p>\n<p>Acidity coefficient (pKa)<br \/>\n1.40\u00b10.30(Predicted)<\/p>\n<p>Cor<br \/>\nPale yellow to yellow to orange<\/p>\n<p>Proportion<br \/>\n1.112<\/p>\n<p>Odor<br \/>\n0.10% dipropylene glycol solution. Burning smell<\/p>\n<p>\u00a0<br \/>\n5-Methylquinoxaline Usage<br \/>\nUsed to prepare flavors<br \/>\n5-Methylquinoxaline Packaging and Shipping<br \/>\nPacking: 180kg\/drum<br \/>\nDelivery: within 7-10 working days.<br \/>\n5-Methylquinoxaline Storage<br \/>\nStore in cool place. Keep container tightly closed in a dry and well-ventilated place.<\/p>","protected":false},"excerpt":{"rendered":"<p>Denomina\u00e7\u00e3o qu\u00edmica: 5-Metilquinoxalina<br \/>\nN.\u00ba CAS: 13708-12-8<br \/>\nF\u00f3rmula molecular: C9H8N2<br \/>\nPeso molecular: 144,17<br \/>\nAspeto: L\u00edquido<\/p>","protected":false},"featured_media":8134,"comment_status":"open","ping_status":"closed","template":"","meta":[],"product_brand":[],"product_cat":[17],"product_tag":[],"class_list":{"0":"post-11125","1":"product","2":"type-product","3":"status-publish","4":"has-post-thumbnail","6":"product_cat-uncategorized","8":"first","9":"instock","10":"shipping-taxable","11":"product-type-simple"},"_links":{"self":[{"href":"https:\/\/chemneo.com\/pt\/wp-json\/wp\/v2\/product\/11125","targetHints":{"allow":["GET"]}}],"collection":[{"href":"https:\/\/chemneo.com\/pt\/wp-json\/wp\/v2\/product"}],"about":[{"href":"https:\/\/chemneo.com\/pt\/wp-json\/wp\/v2\/types\/product"}],"replies":[{"embeddable":true,"href":"https:\/\/chemneo.com\/pt\/wp-json\/wp\/v2\/comments?post=11125"}],"wp:featuredmedia":[{"embeddable":true,"href":"https:\/\/chemneo.com\/pt\/wp-json\/wp\/v2\/media\/8134"}],"wp:attachment":[{"href":"https:\/\/chemneo.com\/pt\/wp-json\/wp\/v2\/media?parent=11125"}],"wp:term":[{"taxonomy":"product_brand","embeddable":true,"href":"https:\/\/chemneo.com\/pt\/wp-json\/wp\/v2\/product_brand?post=11125"},{"taxonomy":"product_cat","embeddable":true,"href":"https:\/\/chemneo.com\/pt\/wp-json\/wp\/v2\/product_cat?post=11125"},{"taxonomy":"product_tag","embeddable":true,"href":"https:\/\/chemneo.com\/pt\/wp-json\/wp\/v2\/product_tag?post=11125"}],"curies":[{"name":"wp","href":"https:\/\/api.w.org\/{rel}","templated":true}]}}