{"id":11144,"date":"2024-11-13T15:19:33","date_gmt":"2024-11-13T07:19:33","guid":{"rendered":"https:\/\/chemneo.com\/product\/11144.html"},"modified":"2024-11-13T15:19:33","modified_gmt":"2024-11-13T07:19:33","slug":"triptycene-cas-477-75-8-2","status":"publish","type":"product","link":"https:\/\/chemneo.com\/pt\/product\/11144.html","title":{"rendered":"Triptycene CAS 477-75-8"},"content":{"rendered":"<p>Descri\u00e7\u00e3o<\/p>\n<p>\tTriptycene Details<br \/>\nChemical Name: Triptycene<br \/>\nSynonyms: 9,10-o-Benzeno-9,10-dihydroanthracene; RCL S60268<br \/>\nCAS No.: 477-75-8<br \/>\nMolecular Formula: C20H14<br \/>\nMolecular Weight: 254.33<br \/>\nMolecular Structure:\u00a0\u00a0<br \/>\nAppearance: Powder crystal<br \/>\nTriptycene Typical Properties<\/p>\n<p>Ponto de fus\u00e3o<br \/>\n252-254 \u00b0C (lit.)<\/p>\n<p>Ponto de ebuli\u00e7\u00e3o<br \/>\n332.54\u00b0C (rough estimate)<\/p>\n<p>Colour<br \/>\nWhite to orange to green<\/p>\n<p>Apar\u00eancia<br \/>\nPowder crystal<\/p>\n<p>Armazenamento<br \/>\nSealed in dry,Room Temperature<\/p>\n<p>Densidade<br \/>\n1.1180 (estimate)<\/p>\n<p>\u00cdndice de refra\u00e7\u00e3o<br \/>\n1.7040 (estimate)<\/p>\n<p>Solubilidade<br \/>\nInsoluble in water<\/p>\n<p>\u00a0<br \/>\nTriptycene Usage<br \/>\nIt is widely used in the fields of molecular machines, materials chemistry and supramolecular chemistry.<br \/>\nTriptycene Packaging and Shipping<br \/>\nPacking: 25KG\/Bag<br \/>\nTriptycene Storage<br \/>\nKeep in a well-closed,light-resistant, dry and cool place.<\/p>","protected":false},"excerpt":{"rendered":"<p>Chemical Name: Triptycene<br \/>\nSynonyms: 9,10-o-Benzeno-9,10-dihydroanthracene; RCL S60268<br \/>\nCAS No.: 477-75-8<br \/>\nMolecular Formula: C20H14<br \/>\nMolecular Weight: 254.33<br \/>\nAppearance: Powder crystal<\/p>","protected":false},"featured_media":8172,"comment_status":"open","ping_status":"closed","template":"","meta":[],"product_brand":[],"product_cat":[17],"product_tag":[],"class_list":{"0":"post-11144","1":"product","2":"type-product","3":"status-publish","4":"has-post-thumbnail","6":"product_cat-uncategorized","8":"first","9":"instock","10":"shipping-taxable","11":"product-type-simple"},"_links":{"self":[{"href":"https:\/\/chemneo.com\/pt\/wp-json\/wp\/v2\/product\/11144","targetHints":{"allow":["GET"]}}],"collection":[{"href":"https:\/\/chemneo.com\/pt\/wp-json\/wp\/v2\/product"}],"about":[{"href":"https:\/\/chemneo.com\/pt\/wp-json\/wp\/v2\/types\/product"}],"replies":[{"embeddable":true,"href":"https:\/\/chemneo.com\/pt\/wp-json\/wp\/v2\/comments?post=11144"}],"wp:featuredmedia":[{"embeddable":true,"href":"https:\/\/chemneo.com\/pt\/wp-json\/wp\/v2\/media\/8172"}],"wp:attachment":[{"href":"https:\/\/chemneo.com\/pt\/wp-json\/wp\/v2\/media?parent=11144"}],"wp:term":[{"taxonomy":"product_brand","embeddable":true,"href":"https:\/\/chemneo.com\/pt\/wp-json\/wp\/v2\/product_brand?post=11144"},{"taxonomy":"product_cat","embeddable":true,"href":"https:\/\/chemneo.com\/pt\/wp-json\/wp\/v2\/product_cat?post=11144"},{"taxonomy":"product_tag","embeddable":true,"href":"https:\/\/chemneo.com\/pt\/wp-json\/wp\/v2\/product_tag?post=11144"}],"curies":[{"name":"wp","href":"https:\/\/api.w.org\/{rel}","templated":true}]}}