{"id":11148,"date":"2024-11-13T15:19:33","date_gmt":"2024-11-13T07:19:33","guid":{"rendered":"https:\/\/chemneo.com\/product\/11148.html"},"modified":"2024-11-13T15:19:33","modified_gmt":"2024-11-13T07:19:33","slug":"2-ethylhexanoic-acid-cas-25103-52-0-2","status":"publish","type":"product","link":"https:\/\/chemneo.com\/pt\/product\/11148.html","title":{"rendered":"\u00c1cido 2-etil-hexan\u00f3ico CAS 25103-52-0"},"content":{"rendered":"<p>Descri\u00e7\u00e3o<\/p>\n<p>\t2-Ethylhexanoic Acid Details<br \/>\nChemical Name: 2-Ethylhexanoic Acid<br \/>\nSynonyms: Isooctanoic Acid<br \/>\nCAS No.: 25103-52-0<br \/>\nF\u00f3rmula molecular: C8H16O2<br \/>\nPeso molecular: 144,21<br \/>\nMolecular Structure: \u00a0<br \/>\nAspeto: L\u00edquido<br \/>\n2-Ethylhexanoic Acid Typical Properties<\/p>\n<p>Ponto de fus\u00e3o<br \/>\n-59 \u00b0C<\/p>\n<p>Ponto de ebuli\u00e7\u00e3o<br \/>\n228\u00a0\u00b0C(lit.)<\/p>\n<p>Colour<br \/>\nColorless<\/p>\n<p>Apar\u00eancia<br \/>\nL\u00edquido<\/p>\n<p>Armazenamento<br \/>\nStore below +30\u00b0C.<\/p>\n<p>Densidade<br \/>\n0.906<\/p>\n<p>\u00cdndice de refra\u00e7\u00e3o<br \/>\nn20\/D 1.425(lit.)<\/p>\n<p>Ponto de inflama\u00e7\u00e3o<br \/>\n230\u00a0\u00b0F<\/p>\n<p>Solubilidade<br \/>\nSoluble in water<\/p>\n<p>Estabilidade<br \/>\nStable<\/p>\n<p>\u00a0<br \/>\n2-Ethylhexanoic Acid Usage<br \/>\nMainly used in organic synthesis and pharmaceutical industry.<br \/>\n2-Ethylhexanoic Acid Packaging and Shipping<br \/>\nPacking: 25KG\/Drum<br \/>\n2-Ethylhexanoic Acid Storage<br \/>\nKeep in a well-closed,light-resistant, dry and cool place. Store separately from oxidizing agents.<\/p>","protected":false},"excerpt":{"rendered":"<p>Chemical Name: 2-Ethylhexanoic Acid<br \/>\nSynonyms: Isooctanoic Acid<br \/>\nCAS No.: 25103-52-0<br \/>\nF\u00f3rmula molecular: C8H16O2<br \/>\nPeso molecular: 144,21<br \/>\nAspeto: L\u00edquido<\/p>","protected":false},"featured_media":8180,"comment_status":"open","ping_status":"closed","template":"","meta":[],"product_brand":[],"product_cat":[17],"product_tag":[],"class_list":{"0":"post-11148","1":"product","2":"type-product","3":"status-publish","4":"has-post-thumbnail","6":"product_cat-uncategorized","8":"first","9":"instock","10":"shipping-taxable","11":"product-type-simple"},"_links":{"self":[{"href":"https:\/\/chemneo.com\/pt\/wp-json\/wp\/v2\/product\/11148","targetHints":{"allow":["GET"]}}],"collection":[{"href":"https:\/\/chemneo.com\/pt\/wp-json\/wp\/v2\/product"}],"about":[{"href":"https:\/\/chemneo.com\/pt\/wp-json\/wp\/v2\/types\/product"}],"replies":[{"embeddable":true,"href":"https:\/\/chemneo.com\/pt\/wp-json\/wp\/v2\/comments?post=11148"}],"wp:featuredmedia":[{"embeddable":true,"href":"https:\/\/chemneo.com\/pt\/wp-json\/wp\/v2\/media\/8180"}],"wp:attachment":[{"href":"https:\/\/chemneo.com\/pt\/wp-json\/wp\/v2\/media?parent=11148"}],"wp:term":[{"taxonomy":"product_brand","embeddable":true,"href":"https:\/\/chemneo.com\/pt\/wp-json\/wp\/v2\/product_brand?post=11148"},{"taxonomy":"product_cat","embeddable":true,"href":"https:\/\/chemneo.com\/pt\/wp-json\/wp\/v2\/product_cat?post=11148"},{"taxonomy":"product_tag","embeddable":true,"href":"https:\/\/chemneo.com\/pt\/wp-json\/wp\/v2\/product_tag?post=11148"}],"curies":[{"name":"wp","href":"https:\/\/api.w.org\/{rel}","templated":true}]}}