{"id":11157,"date":"2024-11-13T15:19:34","date_gmt":"2024-11-13T07:19:34","guid":{"rendered":"https:\/\/chemneo.com\/product\/11157.html"},"modified":"2024-11-13T15:19:34","modified_gmt":"2024-11-13T07:19:34","slug":"disodium-4-nitrophenylphosphate-cas-4264-83-9-2","status":"publish","type":"product","link":"https:\/\/chemneo.com\/pt\/product\/11157.html","title":{"rendered":"4-Nitrofenilfosfato diss\u00f3dico CAS 4264-83-9"},"content":{"rendered":"<p>Descri\u00e7\u00e3o<\/p>\n<p>\tDisodium 4-Nitrophenylphosphate Details<br \/>\nDenomina\u00e7\u00e3o qu\u00edmica: 4-Nitrofenilfosfato diss\u00f3dico<br \/>\nSin\u00f3nimos: Sal diss\u00f3dico do 4-nitrofenil fosfato; ortofosfato diss\u00f3dico de 4-nitrofenilo; PNPP<br \/>\nN.\u00ba CAS: 4264-83-9<br \/>\nF\u00f3rmula molecular: C6H7NNaO6P<br \/>\nPeso molecular: 243,09<br \/>\nMolecular\u00a0Structure:<br \/>\nAspeto: Escamoso<br \/>\nDisodium 4-Nitrophenylphosphate Typical Properties<\/p>\n<p>Ponto de fus\u00e3o<br \/>\n>300\u00a0\u00b0C(lit.)<\/p>\n<p>Armazenamento<br \/>\n-20\u00b0C<\/p>\n<p>Colour<br \/>\nWhite to light yellow<\/p>\n<p>Apar\u00eancia<br \/>\nFlaky<\/p>\n<p>Solubilidade<br \/>\nSoluble in water.<\/p>\n<p>Densidade<br \/>\n1.751 at 20\u2103<\/p>\n<p>Estabilidade<br \/>\nStable<\/p>\n<p>Vapor Pressure<br \/>\n15Pa at 20-50\u2103<\/p>\n<p>\u00a0<br \/>\nDisodium 4-Nitrophenylphosphate Usage<br \/>\nMainly used for the determination of phosphatase chromogenic substrates.<br \/>\nDisodium 4-Nitrophenylphosphate Packaging and Shipping<br \/>\nPacking: 25KG\/Bag<br \/>\nDisodium 4-Nitrophenylphosphate Storage<br \/>\nKeep in a well-closed,light-resistant, dry and cool place.<\/p>","protected":false},"excerpt":{"rendered":"<p>Denomina\u00e7\u00e3o qu\u00edmica: 4-Nitrofenilfosfato diss\u00f3dico<br \/>\nSin\u00f3nimos: Sal diss\u00f3dico do 4-nitrofenil fosfato; ortofosfato diss\u00f3dico de 4-nitrofenilo; PNPP<br \/>\nN.\u00ba CAS: 4264-83-9<br \/>\nF\u00f3rmula molecular: C6H7NNaO6P<br \/>\nPeso molecular: 243,09<br \/>\nAspeto: Escamoso<\/p>","protected":false},"featured_media":8198,"comment_status":"open","ping_status":"closed","template":"","meta":[],"product_brand":[],"product_cat":[17],"product_tag":[],"class_list":{"0":"post-11157","1":"product","2":"type-product","3":"status-publish","4":"has-post-thumbnail","6":"product_cat-uncategorized","8":"first","9":"instock","10":"shipping-taxable","11":"product-type-simple"},"_links":{"self":[{"href":"https:\/\/chemneo.com\/pt\/wp-json\/wp\/v2\/product\/11157","targetHints":{"allow":["GET"]}}],"collection":[{"href":"https:\/\/chemneo.com\/pt\/wp-json\/wp\/v2\/product"}],"about":[{"href":"https:\/\/chemneo.com\/pt\/wp-json\/wp\/v2\/types\/product"}],"replies":[{"embeddable":true,"href":"https:\/\/chemneo.com\/pt\/wp-json\/wp\/v2\/comments?post=11157"}],"wp:featuredmedia":[{"embeddable":true,"href":"https:\/\/chemneo.com\/pt\/wp-json\/wp\/v2\/media\/8198"}],"wp:attachment":[{"href":"https:\/\/chemneo.com\/pt\/wp-json\/wp\/v2\/media?parent=11157"}],"wp:term":[{"taxonomy":"product_brand","embeddable":true,"href":"https:\/\/chemneo.com\/pt\/wp-json\/wp\/v2\/product_brand?post=11157"},{"taxonomy":"product_cat","embeddable":true,"href":"https:\/\/chemneo.com\/pt\/wp-json\/wp\/v2\/product_cat?post=11157"},{"taxonomy":"product_tag","embeddable":true,"href":"https:\/\/chemneo.com\/pt\/wp-json\/wp\/v2\/product_tag?post=11157"}],"curies":[{"name":"wp","href":"https:\/\/api.w.org\/{rel}","templated":true}]}}