{"id":11161,"date":"2024-11-13T15:19:35","date_gmt":"2024-11-13T07:19:35","guid":{"rendered":"https:\/\/chemneo.com\/product\/11161.html"},"modified":"2024-11-13T15:19:35","modified_gmt":"2024-11-13T07:19:35","slug":"phosphorus-nitride-cas-12136-91-3-2","status":"publish","type":"product","link":"https:\/\/chemneo.com\/pt\/product\/11161.html","title":{"rendered":"Nitreto de f\u00f3sforo CAS 12136-91-3"},"content":{"rendered":"<p>Descri\u00e7\u00e3o<\/p>\n<p>\tPhosphorus Nitride Details<br \/>\nChemical Name: Phosphorus Nitride<br \/>\nSynonyms: Triphosphorus Pentanitride<br \/>\nCAS No.: 12136-91-3<br \/>\nMolecular Formula: H3NP<br \/>\nMolecular Weight: 48<br \/>\nMolecular\u00a0Structure:<br \/>\nAspeto: P\u00f3<br \/>\nPhosphorus Nitride Typical Properties<\/p>\n<p>Colour<br \/>\nTawny<\/p>\n<p>Apar\u00eancia<br \/>\nP\u00f3<\/p>\n<p>Solubilidade<br \/>\nInsoluble in water, soluble in organic solvents<\/p>\n<p>\u00a0<br \/>\nPhosphorus Nitride Usage<br \/>\nMainly used as fuel additives and propellant components.<br \/>\nPhosphorus Nitride Packaging and Shipping<br \/>\nPacking: 25KG\/Bag<br \/>\nPhosphorus Nitride Storage<br \/>\nKeep in a well-closed,light-resistant, dry and cool place.<\/p>","protected":false},"excerpt":{"rendered":"<p>Chemical Name: Phosphorus Nitride<br \/>\nSynonyms: Triphosphorus Pentanitride<br \/>\nCAS No.: 12136-91-3<br \/>\nMolecular Formula: H3NP<br \/>\nMolecular Weight: 48<br \/>\nAspeto: P\u00f3<\/p>","protected":false},"featured_media":8206,"comment_status":"open","ping_status":"closed","template":"","meta":[],"product_brand":[],"product_cat":[17],"product_tag":[],"class_list":{"0":"post-11161","1":"product","2":"type-product","3":"status-publish","4":"has-post-thumbnail","6":"product_cat-uncategorized","8":"first","9":"instock","10":"shipping-taxable","11":"product-type-simple"},"_links":{"self":[{"href":"https:\/\/chemneo.com\/pt\/wp-json\/wp\/v2\/product\/11161","targetHints":{"allow":["GET"]}}],"collection":[{"href":"https:\/\/chemneo.com\/pt\/wp-json\/wp\/v2\/product"}],"about":[{"href":"https:\/\/chemneo.com\/pt\/wp-json\/wp\/v2\/types\/product"}],"replies":[{"embeddable":true,"href":"https:\/\/chemneo.com\/pt\/wp-json\/wp\/v2\/comments?post=11161"}],"wp:featuredmedia":[{"embeddable":true,"href":"https:\/\/chemneo.com\/pt\/wp-json\/wp\/v2\/media\/8206"}],"wp:attachment":[{"href":"https:\/\/chemneo.com\/pt\/wp-json\/wp\/v2\/media?parent=11161"}],"wp:term":[{"taxonomy":"product_brand","embeddable":true,"href":"https:\/\/chemneo.com\/pt\/wp-json\/wp\/v2\/product_brand?post=11161"},{"taxonomy":"product_cat","embeddable":true,"href":"https:\/\/chemneo.com\/pt\/wp-json\/wp\/v2\/product_cat?post=11161"},{"taxonomy":"product_tag","embeddable":true,"href":"https:\/\/chemneo.com\/pt\/wp-json\/wp\/v2\/product_tag?post=11161"}],"curies":[{"name":"wp","href":"https:\/\/api.w.org\/{rel}","templated":true}]}}