{"id":11169,"date":"2024-11-13T15:19:36","date_gmt":"2024-11-13T07:19:36","guid":{"rendered":"https:\/\/chemneo.com\/product\/11169.html"},"modified":"2024-11-13T15:19:36","modified_gmt":"2024-11-13T07:19:36","slug":"potassium-thiosulfate-cas-10294-66-3-2","status":"publish","type":"product","link":"https:\/\/chemneo.com\/pt\/product\/11169.html","title":{"rendered":"Tiossulfato de pot\u00e1ssio Cas 10294-66-3"},"content":{"rendered":"<p>Descri\u00e7\u00e3o<\/p>\n<p>\tPotassium Thiosulfate Details<br \/>\nChemical Name: Potassium thiosulfate<br \/>\nSynonyms: Dipotassium thiosulfate<br \/>\nCAS No.: 10294-66-3<br \/>\nMolecular Formula: K2S2O3<br \/>\nMolecular Weight: 190.31<br \/>\nMolecular\u00a0Structure:<\/p>\n<p>Appearance: Crystal<br \/>\nPotassium Thiosulfate Typical Properties<\/p>\n<p>Densidade<br \/>\n1.484\u00a0g\/mL\u00a0at 25\u00a0\u00b0C<\/p>\n<p>Apar\u00eancia<br \/>\nCrystal<\/p>\n<p>Colour<br \/>\nBranco<\/p>\n<p>Potassium Thiosulfate Usage<br \/>\nPotassium thiosulfate is an inorganic salt compound that can be used to prepare other thiosulfate complexes or as a fertilizer to provide potassium and sulfur;<br \/>\nIt can also be used as reducing agent and Chemicalbook analysis reagent.<br \/>\nIt can also be used as a photographic fixative, a metal cleaner, a silver plating solution, a dechlorinating agent after bleaching cotton fabrics, and a printing and dyeing auxiliary.<br \/>\nPotassium Thiosulfate Packaging and Shipping<br \/>\nPacking: 25KG\/Bag<br \/>\nArmazenamento<br \/>\nKeep in a well-closed,\u00a0light-resistant, dry and cool place.<\/p>","protected":false},"excerpt":{"rendered":"<p>Chemical Name: Potassium thiosulfate<br \/>\nSynonyms: Dipotassium thiosulfate<br \/>\nCAS No.: 10294-66-3<br \/>\nMolecular Formula: K2S2O3<br \/>\nMolecular Weight: 190.31<\/p>","protected":false},"featured_media":8222,"comment_status":"open","ping_status":"closed","template":"","meta":[],"product_brand":[],"product_cat":[17],"product_tag":[],"class_list":{"0":"post-11169","1":"product","2":"type-product","3":"status-publish","4":"has-post-thumbnail","6":"product_cat-uncategorized","8":"first","9":"instock","10":"shipping-taxable","11":"product-type-simple"},"_links":{"self":[{"href":"https:\/\/chemneo.com\/pt\/wp-json\/wp\/v2\/product\/11169","targetHints":{"allow":["GET"]}}],"collection":[{"href":"https:\/\/chemneo.com\/pt\/wp-json\/wp\/v2\/product"}],"about":[{"href":"https:\/\/chemneo.com\/pt\/wp-json\/wp\/v2\/types\/product"}],"replies":[{"embeddable":true,"href":"https:\/\/chemneo.com\/pt\/wp-json\/wp\/v2\/comments?post=11169"}],"wp:featuredmedia":[{"embeddable":true,"href":"https:\/\/chemneo.com\/pt\/wp-json\/wp\/v2\/media\/8222"}],"wp:attachment":[{"href":"https:\/\/chemneo.com\/pt\/wp-json\/wp\/v2\/media?parent=11169"}],"wp:term":[{"taxonomy":"product_brand","embeddable":true,"href":"https:\/\/chemneo.com\/pt\/wp-json\/wp\/v2\/product_brand?post=11169"},{"taxonomy":"product_cat","embeddable":true,"href":"https:\/\/chemneo.com\/pt\/wp-json\/wp\/v2\/product_cat?post=11169"},{"taxonomy":"product_tag","embeddable":true,"href":"https:\/\/chemneo.com\/pt\/wp-json\/wp\/v2\/product_tag?post=11169"}],"curies":[{"name":"wp","href":"https:\/\/api.w.org\/{rel}","templated":true}]}}