{"id":11201,"date":"2024-11-13T15:19:41","date_gmt":"2024-11-13T07:19:41","guid":{"rendered":"https:\/\/chemneo.com\/product\/11201.html"},"modified":"2024-11-13T15:19:41","modified_gmt":"2024-11-13T07:19:41","slug":"nitrofurantoin-cas-67-20-9-2","status":"publish","type":"product","link":"https:\/\/chemneo.com\/pt\/product\/11201.html","title":{"rendered":"Nitrofurantoin CAS 67-20-9"},"content":{"rendered":"<p>Descri\u00e7\u00e3o<\/p>\n<p>\tNitrofurantoin Details<br \/>\nChemical Name: Nitrofurantoin<br \/>\nSynonyms: 1-[(5-Nitrofurfurylidene)amino]hydantoin; 1-(((5-Nitro-2-furanyl)methylene)amino)-2,4-imidazolidinedione<br \/>\nCAS No.: 67-20-9<br \/>\nMolecular Formula: C8H6N4O5<br \/>\nMolecular Weight: 238.16<br \/>\nMolecular\u00a0Structure:<br \/>\nAppearance: Crystal<br \/>\nNitrofurantoin Typical Properties<\/p>\n<p>Ponto de fus\u00e3o<br \/>\n268\u00b0C<\/p>\n<p>Ponto de ebuli\u00e7\u00e3o<br \/>\n380.75\u00b0C (rough estimate)<\/p>\n<p>Densidade<br \/>\n1.5824 (rough estimate)<\/p>\n<p>Apar\u00eancia<br \/>\nCrystal<\/p>\n<p>Colour<br \/>\nYellow<\/p>\n<p>Estabilidade<br \/>\nStable<\/p>\n<p>Armazenamento<br \/>\nKeep in dark place<\/p>\n<p>Solubilidade<br \/>\nSoluble in water<\/p>\n<p>\u00cdndice de refra\u00e7\u00e3o<br \/>\n1.6700 (estimate)<\/p>\n<p>\u00a0<br \/>\nNitrofurantoin Usage<br \/>\nIt is an excellent antibacterial drug.<br \/>\nNitrofurantoin Packaging and Shipping<br \/>\nPacking: 25KG\/Bag<br \/>\nNitrofurantoin Storage<br \/>\nKeep in a well-closed,light-resistant, dry and cool place.<\/p>","protected":false},"excerpt":{"rendered":"<p>Chemical Name: Nitrofurantoin<br \/>\nSynonyms: 1-[(5-Nitrofurfurylidene)amino]hydantoin; 1-(((5-Nitro-2-furanyl)methylene)amino)-2,4-imidazolidinedione<br \/>\nCAS No.: 67-20-9<br \/>\nMolecular Formula: C8H6N4O5<br \/>\nMolecular Weight: 238.16<br \/>\nAppearance: Crystal<\/p>","protected":false},"featured_media":8286,"comment_status":"open","ping_status":"closed","template":"","meta":[],"product_brand":[],"product_cat":[17],"product_tag":[],"class_list":{"0":"post-11201","1":"product","2":"type-product","3":"status-publish","4":"has-post-thumbnail","6":"product_cat-uncategorized","8":"first","9":"instock","10":"shipping-taxable","11":"product-type-simple"},"_links":{"self":[{"href":"https:\/\/chemneo.com\/pt\/wp-json\/wp\/v2\/product\/11201","targetHints":{"allow":["GET"]}}],"collection":[{"href":"https:\/\/chemneo.com\/pt\/wp-json\/wp\/v2\/product"}],"about":[{"href":"https:\/\/chemneo.com\/pt\/wp-json\/wp\/v2\/types\/product"}],"replies":[{"embeddable":true,"href":"https:\/\/chemneo.com\/pt\/wp-json\/wp\/v2\/comments?post=11201"}],"wp:featuredmedia":[{"embeddable":true,"href":"https:\/\/chemneo.com\/pt\/wp-json\/wp\/v2\/media\/8286"}],"wp:attachment":[{"href":"https:\/\/chemneo.com\/pt\/wp-json\/wp\/v2\/media?parent=11201"}],"wp:term":[{"taxonomy":"product_brand","embeddable":true,"href":"https:\/\/chemneo.com\/pt\/wp-json\/wp\/v2\/product_brand?post=11201"},{"taxonomy":"product_cat","embeddable":true,"href":"https:\/\/chemneo.com\/pt\/wp-json\/wp\/v2\/product_cat?post=11201"},{"taxonomy":"product_tag","embeddable":true,"href":"https:\/\/chemneo.com\/pt\/wp-json\/wp\/v2\/product_tag?post=11201"}],"curies":[{"name":"wp","href":"https:\/\/api.w.org\/{rel}","templated":true}]}}