{"id":11215,"date":"2024-11-13T15:19:43","date_gmt":"2024-11-13T07:19:43","guid":{"rendered":"https:\/\/chemneo.com\/product\/11215.html"},"modified":"2024-11-13T15:19:43","modified_gmt":"2024-11-13T07:19:43","slug":"3-methylthiopropionaldehyde-cas-3268-49-3-2","status":"publish","type":"product","link":"https:\/\/chemneo.com\/pt\/product\/11215.html","title":{"rendered":"3-(Methylthio)propionaldehyde CAS 3268-49-3"},"content":{"rendered":"<p>Descri\u00e7\u00e3o<\/p>\n<p>\t3-(Methylthio)propionaldehyde Details<br \/>\nChemical Name: 3-(Methylthio)propionaldehyde<br \/>\nSynonyms: Methional; 3-Methylthiopropoanaldehyde; Methylmercaptopropionaldehyde<br \/>\nCAS No.: 3268-49-3<br \/>\nMolecular Formula: C4H8OS<br \/>\nMolecular Weight: 104.17<br \/>\nMolecular Structure:<br \/>\nAspeto: L\u00edquido<br \/>\n3-(Methylthio)propionaldehyde Typical Properties<\/p>\n<p>Ponto de ebuli\u00e7\u00e3o<br \/>\n165-166\u00a0\u00b0C(lit.)<\/p>\n<p>Melting point<br \/>\n-68\u00b0C<\/p>\n<p>Apar\u00eancia<br \/>\nL\u00edquido<\/p>\n<p>Colour<br \/>\nLight yellow<\/p>\n<p>Armazenamento<br \/>\n2-8\u00b0C<\/p>\n<p>Solubilidade<br \/>\nInsoluble in water<\/p>\n<p>Vapor Pressure<br \/>\n760 mm Hg ( 165 \u00b0C)<\/p>\n<p>Densidade<br \/>\n1.043\u00a0g\/mL\u00a0at 25\u00a0\u00b0C(lit.)<\/p>\n<p>\u00cdndice de refra\u00e7\u00e3o<br \/>\nn20\/D 1.483(lit.)<\/p>\n<p>Ponto de inflama\u00e7\u00e3o<br \/>\n142\u00a0\u00b0F<\/p>\n<p>3-(Methylthio)propionaldehyde Usage<br \/>\nMainly used as food flavor.<br \/>\n3-(Methylthio)propionaldehyde Packaging and Shipping<br \/>\nPacking: 25KG\/Drum<br \/>\n3-(Methylthio)propionaldehyde Storage<br \/>\nKeep the container tightly closed and store in a cool, dry and ventilated place. Avoid direct sunlight and high temperature.<\/p>","protected":false},"excerpt":{"rendered":"<p>Chemical Name: 3-(Methylthio)propionaldehyde<br \/>\nSynonyms: Methional; 3-Methylthiopropoanaldehyde; Methylmercaptopropionaldehyde<br \/>\nCAS No.: 3268-49-3<br \/>\nMolecular Formula: C4H8OS<br \/>\nMolecular Weight: 104.17<br \/>\nAspeto: L\u00edquido<\/p>","protected":false},"featured_media":8314,"comment_status":"open","ping_status":"closed","template":"","meta":[],"product_brand":[],"product_cat":[17],"product_tag":[],"class_list":{"0":"post-11215","1":"product","2":"type-product","3":"status-publish","4":"has-post-thumbnail","6":"product_cat-uncategorized","8":"first","9":"instock","10":"shipping-taxable","11":"product-type-simple"},"_links":{"self":[{"href":"https:\/\/chemneo.com\/pt\/wp-json\/wp\/v2\/product\/11215","targetHints":{"allow":["GET"]}}],"collection":[{"href":"https:\/\/chemneo.com\/pt\/wp-json\/wp\/v2\/product"}],"about":[{"href":"https:\/\/chemneo.com\/pt\/wp-json\/wp\/v2\/types\/product"}],"replies":[{"embeddable":true,"href":"https:\/\/chemneo.com\/pt\/wp-json\/wp\/v2\/comments?post=11215"}],"wp:featuredmedia":[{"embeddable":true,"href":"https:\/\/chemneo.com\/pt\/wp-json\/wp\/v2\/media\/8314"}],"wp:attachment":[{"href":"https:\/\/chemneo.com\/pt\/wp-json\/wp\/v2\/media?parent=11215"}],"wp:term":[{"taxonomy":"product_brand","embeddable":true,"href":"https:\/\/chemneo.com\/pt\/wp-json\/wp\/v2\/product_brand?post=11215"},{"taxonomy":"product_cat","embeddable":true,"href":"https:\/\/chemneo.com\/pt\/wp-json\/wp\/v2\/product_cat?post=11215"},{"taxonomy":"product_tag","embeddable":true,"href":"https:\/\/chemneo.com\/pt\/wp-json\/wp\/v2\/product_tag?post=11215"}],"curies":[{"name":"wp","href":"https:\/\/api.w.org\/{rel}","templated":true}]}}