{"id":11233,"date":"2024-11-13T15:19:46","date_gmt":"2024-11-13T07:19:46","guid":{"rendered":"https:\/\/chemneo.com\/product\/11233.html"},"modified":"2024-11-13T15:19:46","modified_gmt":"2024-11-13T07:19:46","slug":"p-tolualdehyde-cas-104-87-0-2","status":"publish","type":"product","link":"https:\/\/chemneo.com\/pt\/product\/11233.html","title":{"rendered":"p-Tolualdehyde CAS 104-87-0"},"content":{"rendered":"<p>Descri\u00e7\u00e3o<\/p>\n<p>\tp-Tolualdehyde Details<br \/>\nChemical Name: p-Tolualdehyde<br \/>\nSynonyms: 4-Methylbenzaldehyde<br \/>\nCAS No.: 104-87-0<br \/>\nMolecular Formula: C8H8O<br \/>\nMolecular Weight: 120.15<br \/>\nMolecular Structure:<br \/>\nAspeto: L\u00edquido<br \/>\np-Tolualdehyde Typical Properties<\/p>\n<p>Melting point<br \/>\n-6 \u00b0C<\/p>\n<p>Ponto de ebuli\u00e7\u00e3o<br \/>\n204-205 \u00b0C (lit.) 82-85 \u00b0C\/11 mmHg (lit.)<\/p>\n<p>Densidade<br \/>\n1.019 g\/mL at 25 \u00b0C (lit.)<\/p>\n<p>Vapor Pressure<br \/>\n0.33 hPa (25 \u00b0C)<\/p>\n<p>\u00cdndice de refra\u00e7\u00e3o<br \/>\nn20\/D 1.545(lit.)<\/p>\n<p>Ponto de inflama\u00e7\u00e3o<br \/>\n176\u00a0\u00b0F<\/p>\n<p>Armazenamento<br \/>\nStore below +30\u00b0C.<\/p>\n<p>Solubilidade<br \/>\nSoluble in water<\/p>\n<p>Apar\u00eancia<br \/>\nL\u00edquido<\/p>\n<p>Colour<br \/>\nTransparent colorless to yellow<\/p>\n<p>Odor<br \/>\nFruity cherry<\/p>\n<p>\u00a0<br \/>\np-Tolualdehyde Usage<br \/>\nMainly used as intermediates for drugs and dyes, spices and flavoring agents.<br \/>\np-Tolualdehyde Packaging and Shipping<br \/>\nPacking: 25KG\/Drum<br \/>\np-Tolualdehyde Storage<br \/>\nKeep in a well-closed,light-resistant, dry and cool place.<\/p>","protected":false},"excerpt":{"rendered":"<p>Chemical Name: p-Tolualdehyde<br \/>\nSynonyms: 4-Methylbenzaldehyde<br \/>\nCAS No.: 104-87-0<br \/>\nMolecular Formula: C8H8O<br \/>\nMolecular Weight: 120.15<br \/>\nAspeto: L\u00edquido<\/p>","protected":false},"featured_media":8350,"comment_status":"open","ping_status":"closed","template":"","meta":[],"product_brand":[],"product_cat":[17],"product_tag":[],"class_list":{"0":"post-11233","1":"product","2":"type-product","3":"status-publish","4":"has-post-thumbnail","6":"product_cat-uncategorized","8":"first","9":"instock","10":"shipping-taxable","11":"product-type-simple"},"_links":{"self":[{"href":"https:\/\/chemneo.com\/pt\/wp-json\/wp\/v2\/product\/11233","targetHints":{"allow":["GET"]}}],"collection":[{"href":"https:\/\/chemneo.com\/pt\/wp-json\/wp\/v2\/product"}],"about":[{"href":"https:\/\/chemneo.com\/pt\/wp-json\/wp\/v2\/types\/product"}],"replies":[{"embeddable":true,"href":"https:\/\/chemneo.com\/pt\/wp-json\/wp\/v2\/comments?post=11233"}],"wp:featuredmedia":[{"embeddable":true,"href":"https:\/\/chemneo.com\/pt\/wp-json\/wp\/v2\/media\/8350"}],"wp:attachment":[{"href":"https:\/\/chemneo.com\/pt\/wp-json\/wp\/v2\/media?parent=11233"}],"wp:term":[{"taxonomy":"product_brand","embeddable":true,"href":"https:\/\/chemneo.com\/pt\/wp-json\/wp\/v2\/product_brand?post=11233"},{"taxonomy":"product_cat","embeddable":true,"href":"https:\/\/chemneo.com\/pt\/wp-json\/wp\/v2\/product_cat?post=11233"},{"taxonomy":"product_tag","embeddable":true,"href":"https:\/\/chemneo.com\/pt\/wp-json\/wp\/v2\/product_tag?post=11233"}],"curies":[{"name":"wp","href":"https:\/\/api.w.org\/{rel}","templated":true}]}}