{"id":11355,"date":"2024-11-13T15:20:08","date_gmt":"2024-11-13T07:20:08","guid":{"rendered":"https:\/\/chemneo.com\/product\/11355.html"},"modified":"2024-11-13T15:20:08","modified_gmt":"2024-11-13T07:20:08","slug":"madecassoside-cas-34540-22-2-2","status":"publish","type":"product","link":"https:\/\/chemneo.com\/pt\/product\/11355.html","title":{"rendered":"Madecassos\u00eddeo CAS 34540-22-2"},"content":{"rendered":"<p>Descri\u00e7\u00e3o<\/p>\n<p>\tMadecassoside Details<br \/>\nChemical Name: Madecassoside<br \/>\nSynonyms: O-6-Deoxy-alpha-L-mannopyranosyl-(1.4)-O-beta-D-glucopyranosyl-(1.6)-beta-D-glucopyranosyl (2alpha,3beta,4alpha,6beta)-2,3,6,23-tetrahydroxyurs-12-en-28-oate<br \/>\nCAS No.: 34540-22-2<br \/>\nMolecular Formula: C48H78O20<br \/>\nMolecular Weight: 975.12<br \/>\nMolecular\u00a0Structure:<\/p>\n<p>Aspeto: p\u00f3<br \/>\nTypical Properties<\/p>\n<p>Melting point<br \/>\n220-223 \u00b0C<\/p>\n<p>Ponto de ebuli\u00e7\u00e3o<br \/>\n1043.6\u00b165.0 \u00b0C(Predicted)<\/p>\n<p>Densidade<br \/>\n1.47\u00b10.1 g\/cm3(Predicted)<\/p>\n<p>Water Solubility<br \/>\n1mg\/mL<\/p>\n<p>Armazenamento<br \/>\n2-8\u00b0C<\/p>\n<p>Apar\u00eancia<br \/>\nCrystalline powder<\/p>\n<p>Colour<br \/>\nwhite<\/p>\n<p>Acidity coefficient (pKa)<br \/>\n12.50\u00b10.70(Predicted)<\/p>\n<p>\u00a0<br \/>\nUtiliza\u00e7\u00e3o<br \/>\nInd\u00fastria farmac\u00eautica<br \/>\nPackaging and Shipping<br \/>\nPacking: 25KG\/Drum<br \/>\nArmazenamento<br \/>\nKeep container tightly closed in a dry and well-ventilated place. Store in cool place.<\/p>","protected":false},"excerpt":{"rendered":"<p>Chemical Name: Madecassoside<br \/>\nCAS No.: 34540-22-2<br \/>\nMolecular Formula: C48H78O20<br \/>\nMolecular Weight: 975.12<\/p>","protected":false},"featured_media":8594,"comment_status":"open","ping_status":"closed","template":"","meta":[],"product_brand":[],"product_cat":[17],"product_tag":[],"class_list":{"0":"post-11355","1":"product","2":"type-product","3":"status-publish","4":"has-post-thumbnail","6":"product_cat-uncategorized","8":"first","9":"instock","10":"shipping-taxable","11":"product-type-simple"},"_links":{"self":[{"href":"https:\/\/chemneo.com\/pt\/wp-json\/wp\/v2\/product\/11355","targetHints":{"allow":["GET"]}}],"collection":[{"href":"https:\/\/chemneo.com\/pt\/wp-json\/wp\/v2\/product"}],"about":[{"href":"https:\/\/chemneo.com\/pt\/wp-json\/wp\/v2\/types\/product"}],"replies":[{"embeddable":true,"href":"https:\/\/chemneo.com\/pt\/wp-json\/wp\/v2\/comments?post=11355"}],"wp:featuredmedia":[{"embeddable":true,"href":"https:\/\/chemneo.com\/pt\/wp-json\/wp\/v2\/media\/8594"}],"wp:attachment":[{"href":"https:\/\/chemneo.com\/pt\/wp-json\/wp\/v2\/media?parent=11355"}],"wp:term":[{"taxonomy":"product_brand","embeddable":true,"href":"https:\/\/chemneo.com\/pt\/wp-json\/wp\/v2\/product_brand?post=11355"},{"taxonomy":"product_cat","embeddable":true,"href":"https:\/\/chemneo.com\/pt\/wp-json\/wp\/v2\/product_cat?post=11355"},{"taxonomy":"product_tag","embeddable":true,"href":"https:\/\/chemneo.com\/pt\/wp-json\/wp\/v2\/product_tag?post=11355"}],"curies":[{"name":"wp","href":"https:\/\/api.w.org\/{rel}","templated":true}]}}