{"id":11356,"date":"2024-11-13T15:20:08","date_gmt":"2024-11-13T07:20:08","guid":{"rendered":"https:\/\/chemneo.com\/product\/11356.html"},"modified":"2024-11-13T15:20:08","modified_gmt":"2024-11-13T07:20:08","slug":"decanoic-acid-cas-334-48-5-2","status":"publish","type":"product","link":"https:\/\/chemneo.com\/pt\/product\/11356.html","title":{"rendered":"\u00c1cido decan\u00f3ico Cas 334-48-5"},"content":{"rendered":"<p>Descri\u00e7\u00e3o<\/p>\n<p>\tDecanoic acid Details<br \/>\nChemical Name: Decanoic acid; Capric acid<br \/>\nCAS No.: 334-48-5<br \/>\nMolecular Formula: C10H20O2<br \/>\nPeso molecular: 172,26<br \/>\nMolecular\u00a0Structure:<\/p>\n<p>Aspeto: cristal branco<br \/>\nTypical Properties<\/p>\n<p>Melting point<br \/>\n27-32\u00a0\u00b0C(lit.)<\/p>\n<p>Ponto de ebuli\u00e7\u00e3o<br \/>\n268-270\u00a0\u00b0C(lit.)<\/p>\n<p>Densidade<br \/>\n0.893\u00a0g\/mL\u00a0at 25\u00a0\u00b0C(lit.)<\/p>\n<p>Refractive index<br \/>\n1.4169<\/p>\n<p>Water Solubility<br \/>\n0.15 g\/L (20 \u00ba C)<\/p>\n<p>Armazenamento<br \/>\nroom temp<\/p>\n<p>Apar\u00eancia<br \/>\ncrystal<\/p>\n<p>Colour<br \/>\nwhite<\/p>\n<p>Acidity coefficient (pKa)<br \/>\n4.79\u00b10.10(Predicted)<\/p>\n<p>Ponto de inflama\u00e7\u00e3o<br \/>\n>230\u00a0\u00b0F<\/p>\n<p>Vapor Pressure<br \/>\n15 mm Hg ( 160 \u00b0C)<\/p>\n<p>\u00a0<br \/>\nUtiliza\u00e7\u00e3o<br \/>\nUsed in the synthesis of flavors, fragrances and drugs<br \/>\nUsed to prepare capric acid ester products, whose esters are used as spices, wetting agents, plasticizers and food additives<br \/>\nPackaging and Shipping<br \/>\nPacking: 25KG\/Drum<br \/>\nArmazenamento<br \/>\nKeep container tightly closed in a dry and well-ventilated place. Store in cool place.<\/p>","protected":false},"excerpt":{"rendered":"<p>Chemical Name: Decanoic acid<br \/>\nCAS No.: 334-48-5<br \/>\nMolecular Formula: C10H20O2<br \/>\nPeso molecular: 172,26<\/p>","protected":false},"featured_media":8596,"comment_status":"open","ping_status":"closed","template":"","meta":[],"product_brand":[],"product_cat":[17],"product_tag":[],"class_list":{"0":"post-11356","1":"product","2":"type-product","3":"status-publish","4":"has-post-thumbnail","6":"product_cat-uncategorized","8":"first","9":"instock","10":"shipping-taxable","11":"product-type-simple"},"_links":{"self":[{"href":"https:\/\/chemneo.com\/pt\/wp-json\/wp\/v2\/product\/11356","targetHints":{"allow":["GET"]}}],"collection":[{"href":"https:\/\/chemneo.com\/pt\/wp-json\/wp\/v2\/product"}],"about":[{"href":"https:\/\/chemneo.com\/pt\/wp-json\/wp\/v2\/types\/product"}],"replies":[{"embeddable":true,"href":"https:\/\/chemneo.com\/pt\/wp-json\/wp\/v2\/comments?post=11356"}],"wp:featuredmedia":[{"embeddable":true,"href":"https:\/\/chemneo.com\/pt\/wp-json\/wp\/v2\/media\/8596"}],"wp:attachment":[{"href":"https:\/\/chemneo.com\/pt\/wp-json\/wp\/v2\/media?parent=11356"}],"wp:term":[{"taxonomy":"product_brand","embeddable":true,"href":"https:\/\/chemneo.com\/pt\/wp-json\/wp\/v2\/product_brand?post=11356"},{"taxonomy":"product_cat","embeddable":true,"href":"https:\/\/chemneo.com\/pt\/wp-json\/wp\/v2\/product_cat?post=11356"},{"taxonomy":"product_tag","embeddable":true,"href":"https:\/\/chemneo.com\/pt\/wp-json\/wp\/v2\/product_tag?post=11356"}],"curies":[{"name":"wp","href":"https:\/\/api.w.org\/{rel}","templated":true}]}}