{"id":11357,"date":"2024-11-13T15:20:08","date_gmt":"2024-11-13T07:20:08","guid":{"rendered":"https:\/\/chemneo.com\/product\/11357.html"},"modified":"2024-11-13T15:20:08","modified_gmt":"2024-11-13T07:20:08","slug":"thyme-oil-cas-8007-46-3-2","status":"publish","type":"product","link":"https:\/\/chemneo.com\/pt\/product\/11357.html","title":{"rendered":"\u00d3leo de tomilho Cas 8007-46-3"},"content":{"rendered":"<p>Descri\u00e7\u00e3o<\/p>\n<p>\tThyme Oil Details<br \/>\nNome qu\u00edmico: \u00d3leo de tomilho<br \/>\nN.\u00ba CAS: 8007-46-3<br \/>\nAspeto: L\u00edquido<br \/>\nTypical Properties<\/p>\n<p>Ponto de ebuli\u00e7\u00e3o<br \/>\n195\u00a0\u00b0C<\/p>\n<p>Densidade<br \/>\n0.917\u00a0g\/mL\u00a0at 25\u00a0\u00b0C<\/p>\n<p>Refractive index<br \/>\nn20\/D 1.502<\/p>\n<p>Colour<br \/>\nColorless to light yellow<\/p>\n<p>Apar\u00eancia<br \/>\nliquid<\/p>\n<p>Ponto de inflama\u00e7\u00e3o<br \/>\n145\u00a0\u00b0F<\/p>\n<p>\u00a0<br \/>\nUtiliza\u00e7\u00e3o<br \/>\n\u00a0Thyme oil has a rich aroma and can be used as a natural condiment; in addition, the essential oil contained in it has strong antioxidant and antibacterial properties. It is an excellent natural preservative, antioxidant and food stabilizer, so it is widely used in medicine, In cosmetics, food and other industries.<br \/>\nPackaging and Shipping<br \/>\nPacking: 25KG\/Drum<br \/>\nArmazenamento<br \/>\nKeep container tightly closed in a dry and well-ventilated place. Store in cool place.<\/p>","protected":false},"excerpt":{"rendered":"<p>Nome qu\u00edmico: \u00d3leo de tomilho<br \/>\nN.\u00ba CAS: 8007-46-3<br \/>\nAspeto: L\u00edquido<\/p>","protected":false},"featured_media":8598,"comment_status":"open","ping_status":"closed","template":"","meta":[],"product_brand":[],"product_cat":[17],"product_tag":[],"class_list":{"0":"post-11357","1":"product","2":"type-product","3":"status-publish","4":"has-post-thumbnail","6":"product_cat-uncategorized","8":"first","9":"instock","10":"shipping-taxable","11":"product-type-simple"},"_links":{"self":[{"href":"https:\/\/chemneo.com\/pt\/wp-json\/wp\/v2\/product\/11357","targetHints":{"allow":["GET"]}}],"collection":[{"href":"https:\/\/chemneo.com\/pt\/wp-json\/wp\/v2\/product"}],"about":[{"href":"https:\/\/chemneo.com\/pt\/wp-json\/wp\/v2\/types\/product"}],"replies":[{"embeddable":true,"href":"https:\/\/chemneo.com\/pt\/wp-json\/wp\/v2\/comments?post=11357"}],"wp:featuredmedia":[{"embeddable":true,"href":"https:\/\/chemneo.com\/pt\/wp-json\/wp\/v2\/media\/8598"}],"wp:attachment":[{"href":"https:\/\/chemneo.com\/pt\/wp-json\/wp\/v2\/media?parent=11357"}],"wp:term":[{"taxonomy":"product_brand","embeddable":true,"href":"https:\/\/chemneo.com\/pt\/wp-json\/wp\/v2\/product_brand?post=11357"},{"taxonomy":"product_cat","embeddable":true,"href":"https:\/\/chemneo.com\/pt\/wp-json\/wp\/v2\/product_cat?post=11357"},{"taxonomy":"product_tag","embeddable":true,"href":"https:\/\/chemneo.com\/pt\/wp-json\/wp\/v2\/product_tag?post=11357"}],"curies":[{"name":"wp","href":"https:\/\/api.w.org\/{rel}","templated":true}]}}