{"id":117,"date":"2024-08-06T01:56:28","date_gmt":"2024-08-06T01:56:28","guid":{"rendered":"https:\/\/chemneo.com\/?post_type=product&#038;p=117"},"modified":"2024-08-06T01:56:53","modified_gmt":"2024-08-06T01:56:53","slug":"butylated-hydroxytoluene-cas128-37-0","status":"publish","type":"product","link":"https:\/\/chemneo.com\/pt\/product\/117.html","title":{"rendered":"Hidroxitolueno butilado CAS#128-37-0"},"content":{"rendered":"<p>Hidroxitolueno butilado CAS#128-37-0<\/p>\n<div id=\"ContentPlaceHolder1_ProductChemPropertyA\">\n<table border=\"0\" width=\"100%\" cellspacing=\"0\" cellpadding=\"0\" align=\"center\">\n<tbody>\n<tr>\n<td class=\"td6\" bgcolor=\"DEEEF4\" width=\"611\" height=\"23\">Butylated Hydroxytoluene Chemical Properties<\/td>\n<\/tr>\n<\/tbody>\n<\/table>\n<table border=\"0\" width=\"100%\" cellspacing=\"1\" cellpadding=\"2\" bgcolor=\"d5d5d5\">\n<tbody>\n<tr class=\"ProdSupplierGN_ProductA_1\">\n<td class=\"td12\">Melting point<\/td>\n<td bgcolor=\"#fafafa\"><span style=\"color: #0066cc;\">69-73\u00a0\u00b0C(lit.)<\/span><\/td>\n<\/tr>\n<tr class=\"ProdSupplierGN_ProductA_2\">\n<td bgcolor=\"#FFFFFF\">Ponto de ebuli\u00e7\u00e3o<\/td>\n<td bgcolor=\"#FFFFFF\"><span style=\"color: #0066cc;\">265\u00a0\u00b0C(lit.)<\/span><\/td>\n<\/tr>\n<tr class=\"ProdSupplierGN_ProductA_1\">\n<td class=\"td12\">densidade<\/td>\n<td bgcolor=\"#fafafa\"><span style=\"color: #0066cc;\">1.048<\/span><\/td>\n<\/tr>\n<tr class=\"ProdSupplierGN_ProductA_2\">\n<td bgcolor=\"#FFFFFF\">vapor density<\/td>\n<td bgcolor=\"#FFFFFF\"><span style=\"color: #0066cc;\">7.6 (vs air)<\/span><\/td>\n<\/tr>\n<tr class=\"ProdSupplierGN_ProductA_1\">\n<td class=\"td12\">vapor pressure<\/td>\n<td bgcolor=\"#fafafa\"><span style=\"color: #0066cc;\">&lt;0.01 mm Hg ( 20 \u00b0C)<\/span><\/td>\n<\/tr>\n<tr class=\"ProdSupplierGN_ProductA_2\">\n<td bgcolor=\"#FFFFFF\">\u00edndice de refra\u00e7\u00e3o<\/td>\n<td bgcolor=\"#FFFFFF\"><span style=\"color: #0066cc;\">1.4859<\/span><\/td>\n<\/tr>\n<tr class=\"ProdSupplierGN_ProductA_1\">\n<td class=\"td12\">FEMA<\/td>\n<td bgcolor=\"#fafafa\"><span style=\"color: #0066cc;\"><a href=\"https:\/\/www.femaflavor.org\/flavor-library\/butylated-hydroxytoluene\" rel=\"nofollow noopener\" target=\"_blank\">2184 | BUTYLATED HYDROXYTOLUENE<\/a><\/span><\/td>\n<\/tr>\n<tr class=\"ProdSupplierGN_ProductA_2\">\n<td bgcolor=\"#FFFFFF\">Fp<\/td>\n<td bgcolor=\"#FFFFFF\"><span style=\"color: #0066cc;\">127 \u00b0C<\/span><\/td>\n<\/tr>\n<tr class=\"ProdSupplierGN_ProductA_1\">\n<td class=\"td12\">storage temp.<\/td>\n<td bgcolor=\"#fafafa\"><span style=\"color: #0066cc;\">2-8\u00b0C<\/span><\/td>\n<\/tr>\n<tr class=\"ProdSupplierGN_ProductA_2\">\n<td bgcolor=\"#FFFFFF\">solubility<\/td>\n<td bgcolor=\"#FFFFFF\"><span style=\"color: #0066cc;\">methanol: 0.1\u00a0g\/mL, clear, colorless<\/span><\/td>\n<\/tr>\n<tr class=\"ProdSupplierGN_ProductA_1\">\n<td class=\"td12\">forma<\/td>\n<td bgcolor=\"#fafafa\"><span style=\"color: #0066cc;\">Crystals<\/span><\/td>\n<\/tr>\n<tr class=\"ProdSupplierGN_ProductA_2\">\n<td bgcolor=\"#FFFFFF\">pka<\/td>\n<td bgcolor=\"#FFFFFF\"><span style=\"color: #0066cc;\">pKa 14(H2O t = 25 c = 0.002 to 0.01) (Uncertain)<\/span><\/td>\n<\/tr>\n<tr class=\"ProdSupplierGN_ProductA_1\">\n<td class=\"td12\">color<\/td>\n<td bgcolor=\"#fafafa\"><span style=\"color: #0066cc;\">white<\/span><\/td>\n<\/tr>\n<tr class=\"ProdSupplierGN_ProductA_2\">\n<td bgcolor=\"#FFFFFF\">Odor<\/td>\n<td bgcolor=\"#FFFFFF\"><span style=\"color: #0066cc;\">faint characteristic odor<\/span><\/td>\n<\/tr>\n<tr class=\"ProdSupplierGN_ProductA_1\">\n<td class=\"td12\">Odor Type<\/td>\n<td bgcolor=\"#fafafa\"><span style=\"color: #0066cc;\">phenolic<\/span><\/td>\n<\/tr>\n<tr class=\"ProdSupplierGN_ProductA_2\">\n<td bgcolor=\"#FFFFFF\">Water Solubility<\/td>\n<td bgcolor=\"#FFFFFF\"><span style=\"color: #0066cc;\">insoluble<\/span><\/td>\n<\/tr>\n<tr class=\"ProdSupplierGN_ProductA_1\">\n<td class=\"td12\">Merck<\/td>\n<td bgcolor=\"#fafafa\"><span style=\"color: #0066cc;\">14,1548<\/span><\/td>\n<\/tr>\n<tr class=\"ProdSupplierGN_ProductA_2\">\n<td bgcolor=\"#FFFFFF\">BRN<\/td>\n<td bgcolor=\"#FFFFFF\"><span style=\"color: #0066cc;\">1911640<\/span><\/td>\n<\/tr>\n<tr class=\"ProdSupplierGN_ProductA_1\">\n<td class=\"td12\">Exposure limits<\/td>\n<td bgcolor=\"#fafafa\"><span style=\"color: #0066cc;\">ACGIH: TWA 2 mg\/m3<br \/>\nNIOSH: TWA 10 mg\/m3<\/span><\/td>\n<\/tr>\n<tr class=\"ProdSupplierGN_ProductA_2\">\n<td bgcolor=\"#FFFFFF\">Estabilidade:<\/td>\n<td bgcolor=\"#FFFFFF\"><span style=\"color: #0066cc;\">Stable, but light-sensitive. Incompatible with acid chlorides, acid anhydrides, brass, copper, copper alloys, steel, bases, oxidizing agents. Combustible.<\/span><\/td>\n<\/tr>\n<tr class=\"ProdSupplierGN_ProductA_1\">\n<td class=\"td12\">InChIKey<\/td>\n<td bgcolor=\"#fafafa\"><span style=\"color: #0066cc;\">NLZUEZXRPGMBCV-UHFFFAOYSA-N<\/span><\/td>\n<\/tr>\n<tr class=\"ProdSupplierGN_ProductA_2\">\n<td bgcolor=\"#FFFFFF\">LogP<\/td>\n<td bgcolor=\"#FFFFFF\"><span style=\"color: #0066cc;\">5.2<\/span><\/td>\n<\/tr>\n<tr class=\"ProdSupplierGN_ProductA_1\">\n<td class=\"td12\">CAS DataBase Reference<\/td>\n<td bgcolor=\"#fafafa\"><span style=\"color: #0066cc;\"><a title=\"128-37-0(CAS DataBase Reference)\" href=\"https:\/\/www.chemicalbook.com\/CAS_128-37-0.htm\" target=\"_blank\" rel=\"noopener\">128-37-0(CAS DataBase Reference)<\/a><\/span><\/td>\n<\/tr>\n<tr class=\"ProdSupplierGN_ProductA_2\">\n<td bgcolor=\"#FFFFFF\">NIST Chemistry Reference<\/td>\n<td bgcolor=\"#FFFFFF\"><span style=\"color: #0066cc;\"><a title=\"Butylated hydroxytoluene(128-37-0)\" href=\"http:\/\/webbook.nist.gov\/cgi\/cbook.cgi?ID=128-37-0&amp;Units=SI\" rel=\"nofollow noopener\" target=\"_blank\">Butylated hydroxytoluene(128-37-0)<\/a><\/span><\/td>\n<\/tr>\n<tr class=\"ProdSupplierGN_ProductA_1\">\n<td class=\"td12\">IARC<\/td>\n<td bgcolor=\"#fafafa\"><span style=\"color: #0066cc;\">3 (Vol. 40, Sup 7) 1987<\/span><\/td>\n<\/tr>\n<tr class=\"ProdSupplierGN_ProductA_2\">\n<td bgcolor=\"#FFFFFF\">Sistema de Registo de Subst\u00e2ncias da EPA<\/td>\n<td bgcolor=\"#FFFFFF\"><span style=\"color: #0066cc;\"><a title=\"2,6-Di-tert-butyl-p-cresol (128-37-0)\" href=\"https:\/\/ofmpub.epa.gov\/sor_internet\/registry\/substreg\/searchandretrieve\/substancesearch\/search.do?details=displayDetails&amp;selectedSubstanceId=46726\" rel=\"nofollow noopener\" target=\"_blank\">2,6-Di-tert-butyl-p-cresol (128-37-0)<\/a><\/span><\/td>\n<\/tr>\n<\/tbody>\n<\/table>\n<\/div>\n<div id=\"ContentPlaceHolder1_ProductChemSafePropertyA\">\n<table border=\"0\" width=\"100%\" cellspacing=\"0\" cellpadding=\"0\" align=\"center\">\n<tbody>\n<tr>\n<td bgcolor=\"64B7D7\" height=\"1\"><\/td>\n<\/tr>\n<tr>\n<td class=\"td6\" bgcolor=\"DEEEF4\" width=\"611\" height=\"23\">Informa\u00e7\u00f5es de seguran\u00e7a<\/td>\n<\/tr>\n<\/tbody>\n<\/table>\n<table border=\"0\" width=\"100%\" cellspacing=\"1\" cellpadding=\"2\" bgcolor=\"d5d5d5\">\n<tbody>\n<tr class=\"ProdSupplierGN_ProductA_1\">\n<td class=\"td12\">Hazard Codes<\/td>\n<td bgcolor=\"#fafafa\"><span style=\"color: #0066cc;\"><a href=\"https:\/\/www.chemicalbook.com\/RiskAndSafety.htm#hazards\" target=\"_blank\" rel=\"noopener\">Xn,N<\/a><\/span><\/td>\n<\/tr>\n<tr class=\"ProdSupplierGN_ProductA_2\">\n<td bgcolor=\"#FFFFFF\">Risk Statements<\/td>\n<td bgcolor=\"#FFFFFF\"><span style=\"color: #0066cc;\"><a href=\"https:\/\/www.chemicalbook.com\/RiskAndSafety.htm#Risk\" target=\"_blank\" rel=\"noopener\">22-36\/37\/38-36\/38-50\/53<\/a><\/span><\/td>\n<\/tr>\n<tr class=\"ProdSupplierGN_ProductA_1\">\n<td class=\"td12\">Safety Statements<\/td>\n<td bgcolor=\"#fafafa\"><span style=\"color: #0066cc;\"><a href=\"https:\/\/www.chemicalbook.com\/RiskAndSafety.htm#Safety\" target=\"_blank\" rel=\"noopener\">26-36-37\/39-61-60<\/a><\/span><\/td>\n<\/tr>\n<tr class=\"ProdSupplierGN_ProductA_2\">\n<td bgcolor=\"#FFFFFF\">RIDADR<\/td>\n<td bgcolor=\"#FFFFFF\"><span style=\"color: #0066cc;\">3077<\/span><\/td>\n<\/tr>\n<tr class=\"ProdSupplierGN_ProductA_1\">\n<td class=\"td12\">OEB<\/td>\n<td bgcolor=\"#fafafa\"><span style=\"color: #0066cc;\">B<\/span><\/td>\n<\/tr>\n<tr class=\"ProdSupplierGN_ProductA_2\">\n<td bgcolor=\"#FFFFFF\">OEL<\/td>\n<td bgcolor=\"#FFFFFF\"><span style=\"color: #0066cc;\">TWA: 10 mg\/m3<\/span><\/td>\n<\/tr>\n<tr class=\"ProdSupplierGN_ProductA_1\">\n<td class=\"td12\">WGK Germany<\/td>\n<td bgcolor=\"#fafafa\"><span style=\"color: #0066cc;\">1<\/span><\/td>\n<\/tr>\n<tr class=\"ProdSupplierGN_ProductA_2\">\n<td bgcolor=\"#FFFFFF\">RTECS<\/td>\n<td bgcolor=\"#FFFFFF\"><span style=\"color: #0066cc;\">GO7875000<\/span><\/td>\n<\/tr>\n<tr class=\"ProdSupplierGN_ProductA_1\">\n<td class=\"td12\">F<\/td>\n<td bgcolor=\"#fafafa\"><span style=\"color: #0066cc;\"><a href=\"https:\/\/www.chemicalbook.com\/RiskAndSafety.htm#hazards\" target=\"_blank\" rel=\"noopener\">8-10-23<\/a><\/span><\/td>\n<\/tr>\n<tr class=\"ProdSupplierGN_ProductA_2\">\n<td bgcolor=\"#FFFFFF\">Autoignition Temperature<\/td>\n<td bgcolor=\"#FFFFFF\"><span style=\"color: #0066cc;\">878 \u00b0F<\/span><\/td>\n<\/tr>\n<tr class=\"ProdSupplierGN_ProductA_1\">\n<td class=\"td12\">TSCA<\/td>\n<td bgcolor=\"#fafafa\"><span style=\"color: #0066cc;\">Yes<\/span><\/td>\n<\/tr>\n<tr class=\"ProdSupplierGN_ProductA_2\">\n<td bgcolor=\"#FFFFFF\">HazardClass<\/td>\n<td bgcolor=\"#FFFFFF\"><span style=\"color: #0066cc;\">9<\/span><\/td>\n<\/tr>\n<tr class=\"ProdSupplierGN_ProductA_1\">\n<td class=\"td12\">PackingGroup<\/td>\n<td bgcolor=\"#fafafa\"><span style=\"color: #0066cc;\">III<\/span><\/td>\n<\/tr>\n<tr class=\"ProdSupplierGN_ProductA_2\">\n<td bgcolor=\"#FFFFFF\">HS Code<\/td>\n<td bgcolor=\"#FFFFFF\"><span style=\"color: #0066cc;\">29071900<\/span><\/td>\n<\/tr>\n<tr class=\"ProdSupplierGN_ProductA_1\">\n<td class=\"td12\">Hazardous Substances Data<\/td>\n<td bgcolor=\"#fafafa\"><span style=\"color: #0066cc;\"><a title=\"128-37-0(Hazardous Substances Data)\" href=\"https:\/\/pubchem.ncbi.nlm.nih.gov\/source\/hsdb\/1147\" rel=\"nofollow noopener\" target=\"_blank\">128-37-0(Hazardous Substances Data)<\/a><\/span><\/td>\n<\/tr>\n<tr class=\"ProdSupplierGN_ProductA_2\">\n<td bgcolor=\"#FFFFFF\">Toxicidade<\/td>\n<td bgcolor=\"#FFFFFF\"><span style=\"color: #0066cc;\">LD50 orally in mice: 1040 mg\/kg (McOmie)<\/span><\/td>\n<\/tr>\n<\/tbody>\n<\/table>\n<\/div>","protected":false},"excerpt":{"rendered":"<p>O hidroxitolueno butilado (BHT) \u00e9 um antioxidante fen\u00f3lico sint\u00e9tico normalmente adicionado a alimentos, cosm\u00e9ticos e embalagens para evitar a oxida\u00e7\u00e3o de gorduras e \u00f3leos, prolongando assim o seu prazo de validade. \u00c9 tamb\u00e9m utilizado como conservante numa variedade de produtos, incluindo borracha, produtos petrol\u00edferos e alimentos para animais. O BHT \u00e9 reconhecido pela sua efic\u00e1cia na manuten\u00e7\u00e3o dos n\u00edveis de nutrientes, cor, sabor e odor nos produtos alimentares. Sabe-se que tem um ponto de fus\u00e3o de 69-71\u00b0C, um ponto de ebuli\u00e7\u00e3o de 265\u00b0C e \u00e9 sol\u00favel em etanol, acetona e benzeno, mas n\u00e3o em \u00e1gua, glicerina ou propilenoglicol. O BHT tamb\u00e9m \u00e9 utilizado em alguns suplementos alimentares devido \u00e0s suas propriedades antioxidantes. No entanto, \u00e9 importante manusear o BHT com cuidado, pois pode causar irrita\u00e7\u00e3o na pele e \u00e9 considerado prejudicial se ingerido.<\/p>","protected":false},"featured_media":165,"comment_status":"closed","ping_status":"closed","template":"","meta":[],"product_brand":[],"product_cat":[18],"product_tag":[19],"class_list":{"0":"post-117","1":"product","2":"type-product","3":"status-publish","4":"has-post-thumbnail","6":"product_cat-petroleum-additives","7":"product_tag-petroleum-additives","9":"first","10":"instock","11":"shipping-taxable","12":"product-type-simple"},"_links":{"self":[{"href":"https:\/\/chemneo.com\/pt\/wp-json\/wp\/v2\/product\/117","targetHints":{"allow":["GET"]}}],"collection":[{"href":"https:\/\/chemneo.com\/pt\/wp-json\/wp\/v2\/product"}],"about":[{"href":"https:\/\/chemneo.com\/pt\/wp-json\/wp\/v2\/types\/product"}],"replies":[{"embeddable":true,"href":"https:\/\/chemneo.com\/pt\/wp-json\/wp\/v2\/comments?post=117"}],"wp:featuredmedia":[{"embeddable":true,"href":"https:\/\/chemneo.com\/pt\/wp-json\/wp\/v2\/media\/165"}],"wp:attachment":[{"href":"https:\/\/chemneo.com\/pt\/wp-json\/wp\/v2\/media?parent=117"}],"wp:term":[{"taxonomy":"product_brand","embeddable":true,"href":"https:\/\/chemneo.com\/pt\/wp-json\/wp\/v2\/product_brand?post=117"},{"taxonomy":"product_cat","embeddable":true,"href":"https:\/\/chemneo.com\/pt\/wp-json\/wp\/v2\/product_cat?post=117"},{"taxonomy":"product_tag","embeddable":true,"href":"https:\/\/chemneo.com\/pt\/wp-json\/wp\/v2\/product_tag?post=117"}],"curies":[{"name":"wp","href":"https:\/\/api.w.org\/{rel}","templated":true}]}}