{"id":134,"date":"2024-08-06T01:56:31","date_gmt":"2024-08-06T01:56:31","guid":{"rendered":"https:\/\/chemneo.com\/?post_type=product&#038;p=134"},"modified":"2024-08-06T01:57:10","modified_gmt":"2024-08-06T01:57:10","slug":"sodium-ethyl-2-sulfolaurate-cas7381-01-3","status":"publish","type":"product","link":"https:\/\/chemneo.com\/pt\/product\/134.html","title":{"rendered":"2-SULFOLAURATO DE S\u00d3DIO ETILO CAS#7381-01-3"},"content":{"rendered":"<p>2-SULFOLAURATO DE S\u00d3DIO ETILO CAS#7381-01-3<\/p>\n<div id=\"ContentPlaceHolder1_ProductProperty\">\n<table border=\"0\" width=\"100%\" cellspacing=\"0\" cellpadding=\"0\" align=\"center\">\n<tbody>\n<tr>\n<td class=\"td6\" bgcolor=\"DEEEF4\" width=\"611\" height=\"23\">SODIUM ETHYL 2-SULFOLAURATE Basic information<\/td>\n<\/tr>\n<\/tbody>\n<\/table>\n<table border=\"0\" width=\"100%\" cellspacing=\"1\" cellpadding=\"2\" bgcolor=\"d5d5d5\">\n<tbody>\n<tr class=\"ProdSupplierGN_ProductA_2\">\n<td class=\"td1\">Product Name:<\/td>\n<td bgcolor=\"#fafafa\"><a href=\"https:\/\/www.chemicalbook.com\/ChemicalProductProperty_EN_CB3964664.htm\" target=\"_blank\" rel=\"noopener\">SODIUM ETHYL 2-SULFOLAURATE<\/a><\/td>\n<\/tr>\n<tr class=\"ProdSupplierGN_ProductA_2\">\n<td bgcolor=\"#FFFFFF\">Synonyms:<\/td>\n<td bgcolor=\"#FFFFFF\"><span>Dodecanoic acid 2-(sodiooxysulfonyl)ethyl ester<\/span>;<span>Igepon A<\/span>;<span>Sodium 2-(dodecanoyloxy)ethanesulfonate<\/span>;<span>2-Sulfoethyl dodecanoate sodium salt<\/span>;<span>2-Sulfoethyl laurate sodium salt<\/span>;<span>Ccris 528<\/span>;<span>Dodecanoic acid, 2-sulfoethyl ester, sodium salt<\/span>;<span>Dodecanoic acid, 2-sulfoethyl ester, sodium salt (1:1)<\/span><\/td>\n<\/tr>\n<tr class=\"ProdSupplierGN_ProductA_1\">\n<td class=\"td1\">CAS:<\/td>\n<td bgcolor=\"#fafafa\"><a href=\"https:\/\/www.chemicalbook.com\/CASEN_7381-01-3.htm\" target=\"_blank\" rel=\"noopener\"><b>7381-01-3<\/b><\/a><\/td>\n<\/tr>\n<tr class=\"ProdSupplierGN_ProductA_2\">\n<td bgcolor=\"#FFFFFF\">MF:<\/td>\n<td bgcolor=\"#FFFFFF\">C14H29NaO5S<\/td>\n<\/tr>\n<tr class=\"ProdSupplierGN_ProductA_1\">\n<td class=\"td1\">MW:<\/td>\n<td bgcolor=\"#fafafa\">332.43<\/td>\n<\/tr>\n<tr class=\"ProdSupplierGN_ProductA_2\">\n<td bgcolor=\"#FFFFFF\">EINECS:<\/td>\n<td bgcolor=\"#FFFFFF\">230-949-8<\/td>\n<\/tr>\n<tr class=\"ProdSupplierGN_ProductA_1\">\n<td class=\"td1\">Product Categories:<\/td>\n<td bgcolor=\"#fafafa\"><\/td>\n<\/tr>\n<tr class=\"ProdSupplierGN_ProductA_1\">\n<td class=\"td1\">Mol File:<\/td>\n<td bgcolor=\"#fafafa\"><a href=\"https:\/\/www.chemicalbook.com\/CAS\/mol\/7381-01-3.mol\" target=\"_blank\" rel=\"noopener\">7381-01-3.mol<\/a><\/td>\n<\/tr>\n<tr class=\"ProdSupplierGN_ProductA_2\">\n<td colspan=\"2\" align=\"center\" bgcolor=\"#FFFFFF\"><\/td>\n<\/tr>\n<\/tbody>\n<\/table>\n<\/div>\n<div id=\"ContentPlaceHolder1_ProductChemPropertyA\">\n<table border=\"0\" width=\"100%\" cellspacing=\"0\" cellpadding=\"0\" align=\"center\">\n<tbody>\n<tr>\n<td bgcolor=\"64B7D7\" height=\"1\"><\/td>\n<\/tr>\n<tr>\n<td class=\"td6\" bgcolor=\"DEEEF4\" width=\"611\" height=\"23\">SODIUM ETHYL 2-SULFOLAURATE Chemical Properties<\/td>\n<\/tr>\n<\/tbody>\n<\/table>\n<table border=\"0\" width=\"100%\" cellspacing=\"1\" cellpadding=\"2\" bgcolor=\"d5d5d5\">\n<tbody>\n<tr class=\"ProdSupplierGN_ProductA_1\">\n<td class=\"td12\">densidade<\/td>\n<td bgcolor=\"#fafafa\"><span style=\"color: #0066cc;\">1.21[at 20\u2103]<\/span><\/td>\n<\/tr>\n<tr class=\"ProdSupplierGN_ProductA_2\">\n<td bgcolor=\"#FFFFFF\">vapor pressure<\/td>\n<td bgcolor=\"#FFFFFF\"><span style=\"color: #0066cc;\">0Pa at 25\u2103<\/span><\/td>\n<\/tr>\n<tr class=\"ProdSupplierGN_ProductA_1\">\n<td class=\"td12\">storage temp.<\/td>\n<td bgcolor=\"#fafafa\"><span style=\"color: #0066cc;\">Sealed in dry,Room Temperature<\/span><\/td>\n<\/tr>\n<tr class=\"ProdSupplierGN_ProductA_2\">\n<td bgcolor=\"#FFFFFF\">pka<\/td>\n<td bgcolor=\"#FFFFFF\"><span style=\"color: #0066cc;\">0.36[at 20 \u2103]<\/span><\/td>\n<\/tr>\n<tr class=\"ProdSupplierGN_ProductA_1\">\n<td class=\"td12\">Water Solubility<\/td>\n<td bgcolor=\"#fafafa\"><span style=\"color: #0066cc;\">1.29g\/L at 20\u2103<\/span><\/td>\n<\/tr>\n<tr class=\"ProdSupplierGN_ProductA_2\">\n<td bgcolor=\"#FFFFFF\">LogP<\/td>\n<td bgcolor=\"#FFFFFF\"><span style=\"color: #0066cc;\">0.6 at 22\u2103<\/span><\/td>\n<\/tr>\n<tr class=\"ProdSupplierGN_ProductA_1\">\n<td class=\"td12\">Sistema de Registo de Subst\u00e2ncias da EPA<\/td>\n<td bgcolor=\"#fafafa\"><span style=\"color: #0066cc;\"><a title=\"Sodium 2-sulfoethyl laurate (7381-01-3)\" href=\"https:\/\/ofmpub.epa.gov\/sor_internet\/registry\/substreg\/searchandretrieve\/substancesearch\/search.do?details=displayDetails&amp;selectedSubstanceId=88041\" rel=\"nofollow noopener\" target=\"_blank\">Sodium 2-sulfoethyl laurate (7381-01-3)<\/a><\/span><\/td>\n<\/tr>\n<\/tbody>\n<\/table>\n<\/div>","protected":false},"excerpt":{"rendered":"<p>O 2-Sulfolaurato de Etilo e S\u00f3dio \u00e9 um agente tensioativo com uma combina\u00e7\u00e3o \u00fanica de propriedades. \u00c9 um composto ani\u00f3nico, derivado da sulfona\u00e7\u00e3o do laurato de etilo, que \u00e9 depois neutralizado com hidr\u00f3xido de s\u00f3dio. Isto resulta num produto que \u00e9 altamente eficaz na redu\u00e7\u00e3o da tens\u00e3o superficial da \u00e1gua, tornando-o um excelente agente molhante e emulsionante. \u00c9 normalmente utilizado em produtos de higiene pessoal, detergentes e aplica\u00e7\u00f5es industriais devido \u00e0s suas capacidades de forma\u00e7\u00e3o de espuma e dispers\u00e3o. Sendo um ingrediente suave e biodegrad\u00e1vel, \u00e9 preferido pelos seus atributos ambientais e amigos da pele, garantindo seguran\u00e7a e desempenho numa variedade de formula\u00e7\u00f5es.<\/p>","protected":false},"featured_media":205,"comment_status":"closed","ping_status":"closed","template":"","meta":[],"product_brand":[],"product_cat":[22],"product_tag":[27],"class_list":{"0":"post-134","1":"product","2":"type-product","3":"status-publish","4":"has-post-thumbnail","6":"product_cat-daily-chemicals","7":"product_tag-sodium-ethyl-2-sulfolaurate","9":"first","10":"instock","11":"shipping-taxable","12":"product-type-simple"},"_links":{"self":[{"href":"https:\/\/chemneo.com\/pt\/wp-json\/wp\/v2\/product\/134","targetHints":{"allow":["GET"]}}],"collection":[{"href":"https:\/\/chemneo.com\/pt\/wp-json\/wp\/v2\/product"}],"about":[{"href":"https:\/\/chemneo.com\/pt\/wp-json\/wp\/v2\/types\/product"}],"replies":[{"embeddable":true,"href":"https:\/\/chemneo.com\/pt\/wp-json\/wp\/v2\/comments?post=134"}],"wp:featuredmedia":[{"embeddable":true,"href":"https:\/\/chemneo.com\/pt\/wp-json\/wp\/v2\/media\/205"}],"wp:attachment":[{"href":"https:\/\/chemneo.com\/pt\/wp-json\/wp\/v2\/media?parent=134"}],"wp:term":[{"taxonomy":"product_brand","embeddable":true,"href":"https:\/\/chemneo.com\/pt\/wp-json\/wp\/v2\/product_brand?post=134"},{"taxonomy":"product_cat","embeddable":true,"href":"https:\/\/chemneo.com\/pt\/wp-json\/wp\/v2\/product_cat?post=134"},{"taxonomy":"product_tag","embeddable":true,"href":"https:\/\/chemneo.com\/pt\/wp-json\/wp\/v2\/product_tag?post=134"}],"curies":[{"name":"wp","href":"https:\/\/api.w.org\/{rel}","templated":true}]}}