{"id":14210,"date":"2024-11-13T15:43:07","date_gmt":"2024-11-13T07:43:07","guid":{"rendered":"https:\/\/chemneo.com\/product\/14210.html"},"modified":"2024-11-13T15:43:07","modified_gmt":"2024-11-13T07:43:07","slug":"folcisteine-cas-5025-82-1","status":"publish","type":"product","link":"https:\/\/chemneo.com\/pt\/product\/14210.html","title":{"rendered":"folciste\u00edna cas 5025-82-1"},"content":{"rendered":"<p>Descri\u00e7\u00e3o<\/p>\n<p>\tFolcisteineQuick Details<br \/>\nNome qu\u00edmico: Folciste\u00edna<br \/>\nCAS:5025-82-1<br \/>\nF\u00f3rmula molecular :C6H9NO3S<br \/>\nEINECSNO\uff1a225-713-6<br \/>\nAspeto: P\u00f3 branco ou esbranqui\u00e7ado<br \/>\nEnsaio: \u226599%<br \/>\nFolcisteineTypical Properties<\/p>\n<p>Item<br \/>\nSpecifications<\/p>\n<p>Apar\u00eancia<br \/>\nWhiteor off-white powder<\/p>\n<p>Ensaio<br \/>\n\u226599%<\/p>\n<p>Specific Rotation[\u03b1]20\/D<br \/>\n-131\u00b0\u00b15\u00b0(C=2,H2O)<\/p>\n<p>Transmittance<br \/>\n\u226599.0%<\/p>\n<p>Chloride\uff08CL\uff09<br \/>\n\u22641.0%<\/p>\n<p>Iron(Fe)<br \/>\n\u226410ppm<\/p>\n<p>Heavy metal(Pb)<br \/>\n\u226410ppm<\/p>\n<p>Arsenic<br \/>\n\u22641ppm<\/p>\n<p>Melting point<br \/>\n142\u2103-149\u2103<\/p>\n<p>TCL Analysis<br \/>\n\u226599.0%<\/p>\n<p>Loss on drying<br \/>\n\u22640,5%<\/p>\n<p>FolcisteineUsage<br \/>\nImportant organic synthesis intermediates. Promote seed germination and plant cell division and growth, maintain chlorophyll loss, increase fruit setting rate and fruit yield, and combine with folic acid to perform foliar application as a biological stimulant.<br \/>\nFolcisteinePacking<br \/>\n25kg\/drum; as your requirement<\/p>","protected":false},"excerpt":{"rendered":"<p>Nome qu\u00edmico: Folciste\u00edna<br \/>\nCAS:5025-82-1<br \/>\nF\u00f3rmula molecular :C6H9NO3S<br \/>\nEINECSNO\uff1a225-713-6<br \/>\nAspeto: P\u00f3 branco ou esbranqui\u00e7ado<br \/>\nEnsaio: \u226599%<\/p>","protected":false},"featured_media":14209,"comment_status":"open","ping_status":"closed","template":"","meta":[],"product_brand":[],"product_cat":[17],"product_tag":[],"class_list":{"0":"post-14210","1":"product","2":"type-product","3":"status-publish","4":"has-post-thumbnail","6":"product_cat-uncategorized","8":"first","9":"instock","10":"shipping-taxable","11":"product-type-simple"},"_links":{"self":[{"href":"https:\/\/chemneo.com\/pt\/wp-json\/wp\/v2\/product\/14210","targetHints":{"allow":["GET"]}}],"collection":[{"href":"https:\/\/chemneo.com\/pt\/wp-json\/wp\/v2\/product"}],"about":[{"href":"https:\/\/chemneo.com\/pt\/wp-json\/wp\/v2\/types\/product"}],"replies":[{"embeddable":true,"href":"https:\/\/chemneo.com\/pt\/wp-json\/wp\/v2\/comments?post=14210"}],"wp:featuredmedia":[{"embeddable":true,"href":"https:\/\/chemneo.com\/pt\/wp-json\/wp\/v2\/media\/14209"}],"wp:attachment":[{"href":"https:\/\/chemneo.com\/pt\/wp-json\/wp\/v2\/media?parent=14210"}],"wp:term":[{"taxonomy":"product_brand","embeddable":true,"href":"https:\/\/chemneo.com\/pt\/wp-json\/wp\/v2\/product_brand?post=14210"},{"taxonomy":"product_cat","embeddable":true,"href":"https:\/\/chemneo.com\/pt\/wp-json\/wp\/v2\/product_cat?post=14210"},{"taxonomy":"product_tag","embeddable":true,"href":"https:\/\/chemneo.com\/pt\/wp-json\/wp\/v2\/product_tag?post=14210"}],"curies":[{"name":"wp","href":"https:\/\/api.w.org\/{rel}","templated":true}]}}