{"id":14256,"date":"2024-11-13T15:43:32","date_gmt":"2024-11-13T07:43:32","guid":{"rendered":"https:\/\/chemneo.com\/product\/14256.html"},"modified":"2024-11-13T15:43:32","modified_gmt":"2024-11-13T07:43:32","slug":"tetrahydrofurfuryl-alcohol-cas-97-99-4","status":"publish","type":"product","link":"https:\/\/chemneo.com\/pt\/product\/14256.html","title":{"rendered":"\u00c1lcool tetrahidrofurfur\u00edlico CAS 97-99-4"},"content":{"rendered":"<p>Descri\u00e7\u00e3o<\/p>\n<p>\tTetrahydrofurfuryl alcohol Quick Details<br \/>\nProduct Name: Tetrahydrofurfuryl alcohol<br \/>\nCAS: 97-99-4<br \/>\nMF: C5H10O2<br \/>\nMW: 102.13<br \/>\nTypical Properties<\/p>\n<p>Ensaio<br \/>\n99% min<\/p>\n<p>Water<br \/>\n0.2% max<\/p>\n<p>Furfuryl Alcohol<br \/>\n0.2% max<\/p>\n<p>Specific optical rotation<br \/>\n1.449\u20141.453<\/p>\n<p>Specific density<br \/>\n1.050-1.054<\/p>\n<p>Color (hazen)<br \/>\n15 max<\/p>\n<p>\u00a0<br \/>\nTetrahydrofurfuryl alcohol Usage<br \/>\nIt is the raw material for making dihydropyran, tetrahydrofuran, lysine, and long-effective Vitamin<br \/>\nB1.It can also be used for making amino plastics and a fine solution to resin, coating material and gease. In printing and dyeing, it can be used as lubricant and dispersing agent, as decolorant and deodorant for making medicine<br \/>\nTetrahydrofurfuryl alcohol Packing<br \/>\n220kgnet perirondrum, 1FCL=17.6MT;1 X ISO TANK =20MT<br \/>\nTetrahydrofurfuryl alcohol Storage<br \/>\nStored in cool, dry place, keeping away from sunlight<\/p>","protected":false},"excerpt":{"rendered":"<p>Product Name: Tetrahydrofurfuryl alcohol<br \/>\nCAS: 97-99-4<br \/>\nMF: C5H10O2<br \/>\nMW: 102.13<\/p>","protected":false},"featured_media":14255,"comment_status":"open","ping_status":"closed","template":"","meta":[],"product_brand":[],"product_cat":[17],"product_tag":[],"class_list":{"0":"post-14256","1":"product","2":"type-product","3":"status-publish","4":"has-post-thumbnail","6":"product_cat-uncategorized","8":"first","9":"instock","10":"shipping-taxable","11":"product-type-simple"},"_links":{"self":[{"href":"https:\/\/chemneo.com\/pt\/wp-json\/wp\/v2\/product\/14256","targetHints":{"allow":["GET"]}}],"collection":[{"href":"https:\/\/chemneo.com\/pt\/wp-json\/wp\/v2\/product"}],"about":[{"href":"https:\/\/chemneo.com\/pt\/wp-json\/wp\/v2\/types\/product"}],"replies":[{"embeddable":true,"href":"https:\/\/chemneo.com\/pt\/wp-json\/wp\/v2\/comments?post=14256"}],"wp:featuredmedia":[{"embeddable":true,"href":"https:\/\/chemneo.com\/pt\/wp-json\/wp\/v2\/media\/14255"}],"wp:attachment":[{"href":"https:\/\/chemneo.com\/pt\/wp-json\/wp\/v2\/media?parent=14256"}],"wp:term":[{"taxonomy":"product_brand","embeddable":true,"href":"https:\/\/chemneo.com\/pt\/wp-json\/wp\/v2\/product_brand?post=14256"},{"taxonomy":"product_cat","embeddable":true,"href":"https:\/\/chemneo.com\/pt\/wp-json\/wp\/v2\/product_cat?post=14256"},{"taxonomy":"product_tag","embeddable":true,"href":"https:\/\/chemneo.com\/pt\/wp-json\/wp\/v2\/product_tag?post=14256"}],"curies":[{"name":"wp","href":"https:\/\/api.w.org\/{rel}","templated":true}]}}