{"id":14286,"date":"2024-11-13T15:43:49","date_gmt":"2024-11-13T07:43:49","guid":{"rendered":"https:\/\/chemneo.com\/product\/14286.html"},"modified":"2024-11-13T15:43:49","modified_gmt":"2024-11-13T07:43:49","slug":"tetramethylammonium-chloride-cas-75-57-0","status":"publish","type":"product","link":"https:\/\/chemneo.com\/pt\/product\/14286.html","title":{"rendered":"Cloreto de tetrametilam\u00f3nio Cas 75-57-0"},"content":{"rendered":"<p>Descri\u00e7\u00e3o<\/p>\n<p>\tQuick Details<br \/>\nChemical Name: Tetramethylammonium chloride<br \/>\nSynonyms: N,N,N-trimethylmethanaminium chloride; TMAC; tetramethyl-ammoniuchloride; Tetramethylazanium chloride; Tetramethylamine chloride<br \/>\nCAS No.: 75-57-0<br \/>\nMolecular Fomula: C4H12ClN<br \/>\nMolecular weight: 109.6<br \/>\nChemical Structure:<br \/>\nAssay: 50% and 99%<br \/>\nTypical Properties<\/p>\n<p>Item<br \/>\nSpecifications<\/p>\n<p>Apar\u00eancia<br \/>\nColorless to light yellow transparent liquid.<\/p>\n<p>Assay\u00a0%<br \/>\n\u226550%<\/p>\n<p>PH value<br \/>\n5~10<\/p>\n<p>Free amine value<br \/>\n\u22643.0<\/p>\n<p>Item<br \/>\nSpecifications<\/p>\n<p>Apar\u00eancia<br \/>\nWhite to almost white powder<\/p>\n<p>Assay\u00a0%<br \/>\n>99%<\/p>\n<p>Amine value(mg KOH\/g)<br \/>\n<3.0\n\n\nWater\n<0.5\n\n\n\nPackaging: 25KG\/drum or bag\nUsage\nTetramethylammonium\u00a0chloride is white to almost white powder.\nTetramethylammonium\u00a0chloride is a phase transfer catalyst for organic synthesis. It has stronger catalytic activity than triphenylphosphine and triethylamine. It is a white crystalline powder at room temperature. It is volatile, irritating, hygroscopic, soluble in methanol, soluble in water and hot ethanol. Do not dissolve in ether and chloroform. It is decomposed into trimethylamine and methyl chloride by heating to above 230 \u00b0C. Also used in the synthesis of liquid crystal epoxy compounds, polarography and pop analysis, the electronics industry.\nStorage\nKeep in the original packaging in a clean,dry,low humidity environment.\n<\/p>","protected":false},"excerpt":{"rendered":"<p>Assay: 50% and 99%<br \/>\nAppearance: Colorless to light yellow transparent liquid and White to almost white powder<br \/>\nPackage: 200KG\/drum or bag<br \/>\nCapacity: 600MT\/year<br \/>\nAmostra: Dispon\u00edvel<br \/>\ndocumentos relacionados:<\/p>\n<p>TDS of Tetramethylammonium Chloride Cas 75-57-0<br \/>\nCOA of Tetramethylammonium Chloride 50% Cas 75-57-0<br \/>\nCOA of Tetramethylammonium Chloride 99% Cas 75-57-0<\/p>\n<p> Pedido de documentos de produtos<\/p>","protected":false},"featured_media":14285,"comment_status":"open","ping_status":"closed","template":"","meta":[],"product_brand":[],"product_cat":[17],"product_tag":[],"class_list":{"0":"post-14286","1":"product","2":"type-product","3":"status-publish","4":"has-post-thumbnail","6":"product_cat-uncategorized","8":"first","9":"instock","10":"shipping-taxable","11":"product-type-simple"},"_links":{"self":[{"href":"https:\/\/chemneo.com\/pt\/wp-json\/wp\/v2\/product\/14286","targetHints":{"allow":["GET"]}}],"collection":[{"href":"https:\/\/chemneo.com\/pt\/wp-json\/wp\/v2\/product"}],"about":[{"href":"https:\/\/chemneo.com\/pt\/wp-json\/wp\/v2\/types\/product"}],"replies":[{"embeddable":true,"href":"https:\/\/chemneo.com\/pt\/wp-json\/wp\/v2\/comments?post=14286"}],"wp:featuredmedia":[{"embeddable":true,"href":"https:\/\/chemneo.com\/pt\/wp-json\/wp\/v2\/media\/14285"}],"wp:attachment":[{"href":"https:\/\/chemneo.com\/pt\/wp-json\/wp\/v2\/media?parent=14286"}],"wp:term":[{"taxonomy":"product_brand","embeddable":true,"href":"https:\/\/chemneo.com\/pt\/wp-json\/wp\/v2\/product_brand?post=14286"},{"taxonomy":"product_cat","embeddable":true,"href":"https:\/\/chemneo.com\/pt\/wp-json\/wp\/v2\/product_cat?post=14286"},{"taxonomy":"product_tag","embeddable":true,"href":"https:\/\/chemneo.com\/pt\/wp-json\/wp\/v2\/product_tag?post=14286"}],"curies":[{"name":"wp","href":"https:\/\/api.w.org\/{rel}","templated":true}]}}