{"id":14298,"date":"2024-11-13T15:43:54","date_gmt":"2024-11-13T07:43:54","guid":{"rendered":"https:\/\/chemneo.com\/product\/14298.html"},"modified":"2024-11-13T15:43:54","modified_gmt":"2024-11-13T07:43:54","slug":"13-propanediol-cas-504-63-2","status":"publish","type":"product","link":"https:\/\/chemneo.com\/pt\/product\/14298.html","title":{"rendered":"1,3-Propanediol CAS 504-63-2"},"content":{"rendered":"<p>Descri\u00e7\u00e3o<\/p>\n<p>\t1,3-Propanediol Quick Details<br \/>\nChemical Name: 1,3-Propanediol<br \/>\nCAS No.: 504-63-2<br \/>\nMolecular Fomula: C3H8O2<br \/>\nMolecular weight: 76.09<br \/>\nChemical Structure:<br \/>\nAspeto: L\u00edquido transparente incolor<br \/>\nPureza: 95%<br \/>\nTypical Properties<\/p>\n<p>EINECS<br \/>\n207-997-3<\/p>\n<p>Apar\u00eancia<br \/>\nColorless Clear Liquid<\/p>\n<p>Pureza<br \/>\n99% Min<\/p>\n<p>Densidade<br \/>\n1.052<\/p>\n<p>M.P.<br \/>\n-32 \u00baC<\/p>\n<p>B.P.<br \/>\n214 \u00baC<\/p>\n<p>\u00cdndice de refra\u00e7\u00e3o<br \/>\n1.438-1.44<\/p>\n<p>Ponto de inflama\u00e7\u00e3o<br \/>\n140 \u00baC<\/p>\n<p>Water solubility<br \/>\n100 g\/L<\/p>\n<p>1,3-Propanediol Usage<br \/>\nIt can be used in the synthesis of various drugs, new polyester PTT, pharmaceutical intermediates and new antioxidants.<br \/>\n1,3-Propanediol Packaging<br \/>\n10kg\/25kg\/200kg or as your special request.<\/p>","protected":false},"excerpt":{"rendered":"<p>Ensaio: 99%<br \/>\nSynonyms: 1,3-Dihydroxypropane<br \/>\nCAS: 504-63-2<br \/>\nAppearance: Colorless or light yellow viscous liquid<br \/>\nCapacity: 15000MT per year<br \/>\nPackaging: 200kg plastic drum; IBC drum<br \/>\nAmostra: dispon\u00edvel<\/p>","protected":false},"featured_media":14297,"comment_status":"open","ping_status":"closed","template":"","meta":[],"product_brand":[],"product_cat":[17],"product_tag":[],"class_list":{"0":"post-14298","1":"product","2":"type-product","3":"status-publish","4":"has-post-thumbnail","6":"product_cat-uncategorized","8":"first","9":"instock","10":"shipping-taxable","11":"product-type-simple"},"_links":{"self":[{"href":"https:\/\/chemneo.com\/pt\/wp-json\/wp\/v2\/product\/14298","targetHints":{"allow":["GET"]}}],"collection":[{"href":"https:\/\/chemneo.com\/pt\/wp-json\/wp\/v2\/product"}],"about":[{"href":"https:\/\/chemneo.com\/pt\/wp-json\/wp\/v2\/types\/product"}],"replies":[{"embeddable":true,"href":"https:\/\/chemneo.com\/pt\/wp-json\/wp\/v2\/comments?post=14298"}],"wp:featuredmedia":[{"embeddable":true,"href":"https:\/\/chemneo.com\/pt\/wp-json\/wp\/v2\/media\/14297"}],"wp:attachment":[{"href":"https:\/\/chemneo.com\/pt\/wp-json\/wp\/v2\/media?parent=14298"}],"wp:term":[{"taxonomy":"product_brand","embeddable":true,"href":"https:\/\/chemneo.com\/pt\/wp-json\/wp\/v2\/product_brand?post=14298"},{"taxonomy":"product_cat","embeddable":true,"href":"https:\/\/chemneo.com\/pt\/wp-json\/wp\/v2\/product_cat?post=14298"},{"taxonomy":"product_tag","embeddable":true,"href":"https:\/\/chemneo.com\/pt\/wp-json\/wp\/v2\/product_tag?post=14298"}],"curies":[{"name":"wp","href":"https:\/\/api.w.org\/{rel}","templated":true}]}}