{"id":14318,"date":"2024-11-13T15:44:05","date_gmt":"2024-11-13T07:44:05","guid":{"rendered":"https:\/\/chemneo.com\/product\/14318.html"},"modified":"2024-11-13T15:44:05","modified_gmt":"2024-11-13T07:44:05","slug":"2-chloro-4-amino-67-dimethoxyquinazoline-cas-23680-84-4","status":"publish","type":"product","link":"https:\/\/chemneo.com\/pt\/product\/14318.html","title":{"rendered":"2-cloro-4-amino-6,7-dimetoxiquinazolina cas 23680-84-4"},"content":{"rendered":"<p>Descri\u00e7\u00e3o<\/p>\n<p>\t2-Chloro-4-amino-6,7-dimethoxyquinazolineQuick Details<br \/>\nDenomina\u00e7\u00e3o qu\u00edmica:2-Cloro-4-amino-6,7-dimetoxiquinazolina<br \/>\nN.\u00ba CAS: 23680-84-4<br \/>\nF\u00f3rmula molecular:C10H10ClN3O2<br \/>\nPeso molecular: 239,66<br \/>\nAspeto: s\u00f3lido esbranqui\u00e7ado<br \/>\nPureza: 99,5%<br \/>\n2-Chloro-4-amino-6,7-dimethoxyquinazolineTypical Properties<\/p>\n<p>Item<br \/>\nEspecifica\u00e7\u00e3o<\/p>\n<p>Apar\u00eancia<br \/>\noff-white solid<\/p>\n<p>Densidade<br \/>\n1.391 g\/cm3<\/p>\n<p>Ponto de fus\u00e3o<br \/>\n262-278C (dec.)<\/p>\n<p>Ponto de ebuli\u00e7\u00e3o<br \/>\n374C at 760 mmHg<\/p>\n<p>Refractive Index:<br \/>\n1.649<\/p>\n<p>Vapor Pressure:<br \/>\n8.63E-06mmHg at 25\u00b0C<\/p>\n<p>2-Chloro-4-amino-6,7-dimethoxyquinazoline Usage<br \/>\nPharmaceutical intermediates for the synthesis of prazosin, doxazosin, terazosin, alfuzosin, etc.<br \/>\n2-Chloro-4-amino-6,7-dimethoxyquinazolinePackaging<br \/>\n25kg\/drum or 200kg\/drum<br \/>\n2-Chloro-4-amino-6,7-dimethoxyquinazolineStorage<br \/>\nStore in a cool, dry place. Store in a tightly closed container<\/p>","protected":false},"excerpt":{"rendered":"<p>Denomina\u00e7\u00e3o qu\u00edmica:2-Cloro-4-amino-6,7-dimetoxiquinazolina<br \/>\nN.\u00ba CAS: 23680-84-4<br \/>\nF\u00f3rmula molecular:C10H10ClN3O2<br \/>\nPeso molecular: 239,66<br \/>\nAspeto: s\u00f3lido esbranqui\u00e7ado<br \/>\nPureza: 99,5%<\/p>","protected":false},"featured_media":14317,"comment_status":"open","ping_status":"closed","template":"","meta":[],"product_brand":[],"product_cat":[17],"product_tag":[],"class_list":{"0":"post-14318","1":"product","2":"type-product","3":"status-publish","4":"has-post-thumbnail","6":"product_cat-uncategorized","8":"first","9":"instock","10":"shipping-taxable","11":"product-type-simple"},"_links":{"self":[{"href":"https:\/\/chemneo.com\/pt\/wp-json\/wp\/v2\/product\/14318","targetHints":{"allow":["GET"]}}],"collection":[{"href":"https:\/\/chemneo.com\/pt\/wp-json\/wp\/v2\/product"}],"about":[{"href":"https:\/\/chemneo.com\/pt\/wp-json\/wp\/v2\/types\/product"}],"replies":[{"embeddable":true,"href":"https:\/\/chemneo.com\/pt\/wp-json\/wp\/v2\/comments?post=14318"}],"wp:featuredmedia":[{"embeddable":true,"href":"https:\/\/chemneo.com\/pt\/wp-json\/wp\/v2\/media\/14317"}],"wp:attachment":[{"href":"https:\/\/chemneo.com\/pt\/wp-json\/wp\/v2\/media?parent=14318"}],"wp:term":[{"taxonomy":"product_brand","embeddable":true,"href":"https:\/\/chemneo.com\/pt\/wp-json\/wp\/v2\/product_brand?post=14318"},{"taxonomy":"product_cat","embeddable":true,"href":"https:\/\/chemneo.com\/pt\/wp-json\/wp\/v2\/product_cat?post=14318"},{"taxonomy":"product_tag","embeddable":true,"href":"https:\/\/chemneo.com\/pt\/wp-json\/wp\/v2\/product_tag?post=14318"}],"curies":[{"name":"wp","href":"https:\/\/api.w.org\/{rel}","templated":true}]}}