{"id":14408,"date":"2024-11-13T15:45:10","date_gmt":"2024-11-13T07:45:10","guid":{"rendered":"https:\/\/chemneo.com\/product\/14408.html"},"modified":"2024-11-13T15:45:11","modified_gmt":"2024-11-13T07:45:11","slug":"1-aminohydantoin-hydrochloride-cas-2827-56-7","status":"publish","type":"product","link":"https:\/\/chemneo.com\/pt\/product\/14408.html","title":{"rendered":"Cloridrato de 1-aminohidanto\u00edna cas 2827-56-7"},"content":{"rendered":"<p>Descri\u00e7\u00e3o<\/p>\n<p>\t1-Aminohydantoin hydrochloride<br \/>\n1-Aminohydantoin hydrochloride Quick Details<br \/>\nChemical Name: 1-Aminohydantoin hydrochloride<br \/>\nCAS No.: 2827-56-7<br \/>\nMolecular Fomula:C3H6ClN3O2<br \/>\nMolecular Weight:151.55<br \/>\nChemical Structure:<br \/>\nAppearance:Almost white or yellowish crystalline powder<br \/>\nAssay:98.0%<br \/>\n1-Aminohydantoin hydrochlorideTypical Properties<\/p>\n<p>Items<br \/>\nSpecifications<\/p>\n<p>Melting point (\u2103)<br \/>\n195 min.<\/p>\n<p>Sulphated ash (%)<br \/>\n0.5max<\/p>\n<p>Loss on drying (%)<br \/>\n2.0max<\/p>\n<p>Assay (HPLC,%)<br \/>\n98min<\/p>\n<p>1-Aminohydantoin hydrochloride Usage<br \/>\nUsed as medicine, pesticide intermediate.<br \/>\n1-Aminohydantoin hydrochloride Packaging<br \/>\n25kg\/drum<\/p>","protected":false},"excerpt":{"rendered":"<p>Ensaio: 99%<br \/>\nAspeto: P\u00f3 branco<br \/>\nCapacity: 800MT per year<br \/>\nEmbalagem: tambor de fibra de 25 kg<br \/>\nAmostra: dispon\u00edvel<br \/>\n\u00a0<br \/>\ndocumentos relacionados:<\/p>\n<p>COA of 1-Aminohydantoin hydrochloride<br \/>\nTDS of 1-Aminohydantoin hydrochloride<\/p>\n<p> Pedido de documentos de produtos<\/p>","protected":false},"featured_media":14407,"comment_status":"open","ping_status":"closed","template":"","meta":[],"product_brand":[],"product_cat":[17],"product_tag":[],"class_list":{"0":"post-14408","1":"product","2":"type-product","3":"status-publish","4":"has-post-thumbnail","6":"product_cat-uncategorized","8":"first","9":"instock","10":"shipping-taxable","11":"product-type-simple"},"_links":{"self":[{"href":"https:\/\/chemneo.com\/pt\/wp-json\/wp\/v2\/product\/14408","targetHints":{"allow":["GET"]}}],"collection":[{"href":"https:\/\/chemneo.com\/pt\/wp-json\/wp\/v2\/product"}],"about":[{"href":"https:\/\/chemneo.com\/pt\/wp-json\/wp\/v2\/types\/product"}],"replies":[{"embeddable":true,"href":"https:\/\/chemneo.com\/pt\/wp-json\/wp\/v2\/comments?post=14408"}],"wp:featuredmedia":[{"embeddable":true,"href":"https:\/\/chemneo.com\/pt\/wp-json\/wp\/v2\/media\/14407"}],"wp:attachment":[{"href":"https:\/\/chemneo.com\/pt\/wp-json\/wp\/v2\/media?parent=14408"}],"wp:term":[{"taxonomy":"product_brand","embeddable":true,"href":"https:\/\/chemneo.com\/pt\/wp-json\/wp\/v2\/product_brand?post=14408"},{"taxonomy":"product_cat","embeddable":true,"href":"https:\/\/chemneo.com\/pt\/wp-json\/wp\/v2\/product_cat?post=14408"},{"taxonomy":"product_tag","embeddable":true,"href":"https:\/\/chemneo.com\/pt\/wp-json\/wp\/v2\/product_tag?post=14408"}],"curies":[{"name":"wp","href":"https:\/\/api.w.org\/{rel}","templated":true}]}}