{"id":14574,"date":"2024-11-13T15:46:47","date_gmt":"2024-11-13T07:46:47","guid":{"rendered":"https:\/\/chemneo.com\/product\/14574.html"},"modified":"2024-11-13T15:46:47","modified_gmt":"2024-11-13T07:46:47","slug":"photoinitiator-819-cas-162881-26-7-powder","status":"publish","type":"product","link":"https:\/\/chemneo.com\/pt\/product\/14574.html","title":{"rendered":"fotoiniciador 819 (cas 162881-26-7) p\u00f3"},"content":{"rendered":"<p>Descri\u00e7\u00e3o<\/p>\n<p>\tPhotoinitiator 819<br \/>\nPhotoinitiator 819 Quick Details<br \/>\nChemical Name:Photoinitiator 819<br \/>\nOther name: Irgacure 819; phenylbis(2,4,6-trimethylbenzoyl)phosphine oxide<br \/>\nMolecular Fomula:C26H27O3P<br \/>\nMolecular Weight:418.46<br \/>\nAspeto: P\u00f3 amarelo p\u00e1lido<br \/>\nAssay: 99.0\uff05<br \/>\nPhotoinitiator 819 Typical Properties<\/p>\n<p>Items<br \/>\nSpecifications<\/p>\n<p>Apar\u00eancia<br \/>\nPale yellow powder<\/p>\n<p>Assay (HPLC)<br \/>\n\u226599.0\uff05<\/p>\n<p>Melting point<br \/>\n131~135\u00b0C<\/p>\n<p>Volatile matter<br \/>\n\u22640.3%<\/p>\n<p>Clarity<br \/>\nClear<\/p>\n<p>Photoinitiator 819 function<br \/>\nPhotoinitiator 819 can also be used in colored UV-curable plastic coatings. UV coatings have been widely used in plastic housings of various electronic and home appliance products due to their excellent performance and efficient production, but UV coatings are added after coloring. Poor curing, resulting in poor adhesion of the coating film, and poor dispersion of the pigment by the UV resin, seriously affecting the appearance of the coating film, so the traditional construction process is first painted with a solvent-based colored primer for coloring, after baking Apply UV varnish to improve the physical properties of the paint film surface.<br \/>\nUV-curable varnishes and paint systems, such as wood, paper, metal, plastic, fiber optics, and printing inks and prepreg systems.<br \/>\nPhotoinitiator 819 Packaging and Shipping<br \/>\nPacking:20kg\/carton box.<br \/>\nDelivery:with in 5-7 working days.<br \/>\nPhotoinitiator 819 storage<br \/>\nStored in a cool dry place out of direct sunlight.<\/p>","protected":false},"excerpt":{"rendered":"<p>Ensaio: 99% min<br \/>\nAspeto: P\u00f3 amarelo p\u00e1lido<br \/>\nCapacidade: 1000MT por ano<br \/>\nEmbalagem: 20 kg\/caixa<br \/>\nAmostra: dispon\u00edvel<br \/>\ndocumentos relacionados:<\/p>\n<p>COA de irgacure 819 CAS 162881-26-7<br \/>\nTDS de irgacure 819 CAS 162881-26-7<\/p>\n<p> Pedido de documentos de produtos<\/p>","protected":false},"featured_media":14573,"comment_status":"open","ping_status":"closed","template":"","meta":[],"product_brand":[],"product_cat":[17],"product_tag":[],"class_list":{"0":"post-14574","1":"product","2":"type-product","3":"status-publish","4":"has-post-thumbnail","6":"product_cat-uncategorized","8":"first","9":"instock","10":"shipping-taxable","11":"product-type-simple"},"_links":{"self":[{"href":"https:\/\/chemneo.com\/pt\/wp-json\/wp\/v2\/product\/14574","targetHints":{"allow":["GET"]}}],"collection":[{"href":"https:\/\/chemneo.com\/pt\/wp-json\/wp\/v2\/product"}],"about":[{"href":"https:\/\/chemneo.com\/pt\/wp-json\/wp\/v2\/types\/product"}],"replies":[{"embeddable":true,"href":"https:\/\/chemneo.com\/pt\/wp-json\/wp\/v2\/comments?post=14574"}],"wp:featuredmedia":[{"embeddable":true,"href":"https:\/\/chemneo.com\/pt\/wp-json\/wp\/v2\/media\/14573"}],"wp:attachment":[{"href":"https:\/\/chemneo.com\/pt\/wp-json\/wp\/v2\/media?parent=14574"}],"wp:term":[{"taxonomy":"product_brand","embeddable":true,"href":"https:\/\/chemneo.com\/pt\/wp-json\/wp\/v2\/product_brand?post=14574"},{"taxonomy":"product_cat","embeddable":true,"href":"https:\/\/chemneo.com\/pt\/wp-json\/wp\/v2\/product_cat?post=14574"},{"taxonomy":"product_tag","embeddable":true,"href":"https:\/\/chemneo.com\/pt\/wp-json\/wp\/v2\/product_tag?post=14574"}],"curies":[{"name":"wp","href":"https:\/\/api.w.org\/{rel}","templated":true}]}}