{"id":15014,"date":"2024-11-13T15:50:54","date_gmt":"2024-11-13T07:50:54","guid":{"rendered":"https:\/\/chemneo.com\/product\/15014.html"},"modified":"2024-11-13T15:50:54","modified_gmt":"2024-11-13T07:50:54","slug":"3-nitrobenzaldehyde-cas-99-61-6","status":"publish","type":"product","link":"https:\/\/chemneo.com\/pt\/product\/15014.html","title":{"rendered":"3-nitrobenzalde\u00eddo cas 99-61-6"},"content":{"rendered":"<p>Descri\u00e7\u00e3o<\/p>\n<p>\t3-Nitrobenzaldehyde<br \/>\n3-Nitrobenzaldehyde Quick Details<br \/>\nChemical Name: 3-Nitrobenzaldehyde<br \/>\nCAS No: 99-61-6<br \/>\nMolecular Formula: C7H5NO3<br \/>\nMolecular Weight: 151.12<br \/>\nMolecular Structure:<br \/>\nAspeto: p\u00f3 amarelo ou amarelo claro<br \/>\nEnsaio: 99%min<br \/>\n3-Nitrobenzaldehyde Typical Properties<\/p>\n<p>Item<br \/>\nSpecifications<\/p>\n<p>Apar\u00eancia<br \/>\nyellow or light yellow powder<\/p>\n<p>Assay\uff08GC\uff09<br \/>\n\u226599.0%<\/p>\n<p>Melting point<br \/>\n56\u2103-58\u2103<\/p>\n<p>Loss on drying<br \/>\n\u22640.5 %<\/p>\n<p>Ignition residue<br \/>\n\u22640.3%<\/p>\n<p>Impurity<br \/>\n\u22640.4%<\/p>\n<p>3-Nitrobenzaldehyde Usage<br \/>\nThis product is an intermediate for organic synthesis such as medicines, dyes, and surfactants. Used in the pharmaceutical industry for the synthesis of calcium iodate, iodanoic acid, metaxylamine heavy tartrate, nimodipine, nicardipine, nitrendipine, niludi<br \/>\n3-Nitrobenzaldehyde Packaging and Shipping<br \/>\nEmbalagem: 25KG\/ tambor<br \/>\nDelivery: 7-10 days after receipt the payment<br \/>\n3-Nitrobenzaldehyde Storage<br \/>\nThe package is complete and lightly loaded; the warehouse is ventilated, away from open flames, high temperature, and stored separately from oxidants and acids.<\/p>","protected":false},"excerpt":{"rendered":"<p>Aspeto: p\u00f3 amarelo ou amarelo claro<br \/>\nEnsaio: 99%min<br \/>\nEmbalagem: 25KG\/ tambor<br \/>\nAmostra: Dispon\u00edvel<\/p>","protected":false},"featured_media":15013,"comment_status":"open","ping_status":"closed","template":"","meta":[],"product_brand":[],"product_cat":[17],"product_tag":[],"class_list":{"0":"post-15014","1":"product","2":"type-product","3":"status-publish","4":"has-post-thumbnail","6":"product_cat-uncategorized","8":"first","9":"instock","10":"shipping-taxable","11":"product-type-simple"},"_links":{"self":[{"href":"https:\/\/chemneo.com\/pt\/wp-json\/wp\/v2\/product\/15014","targetHints":{"allow":["GET"]}}],"collection":[{"href":"https:\/\/chemneo.com\/pt\/wp-json\/wp\/v2\/product"}],"about":[{"href":"https:\/\/chemneo.com\/pt\/wp-json\/wp\/v2\/types\/product"}],"replies":[{"embeddable":true,"href":"https:\/\/chemneo.com\/pt\/wp-json\/wp\/v2\/comments?post=15014"}],"wp:featuredmedia":[{"embeddable":true,"href":"https:\/\/chemneo.com\/pt\/wp-json\/wp\/v2\/media\/15013"}],"wp:attachment":[{"href":"https:\/\/chemneo.com\/pt\/wp-json\/wp\/v2\/media?parent=15014"}],"wp:term":[{"taxonomy":"product_brand","embeddable":true,"href":"https:\/\/chemneo.com\/pt\/wp-json\/wp\/v2\/product_brand?post=15014"},{"taxonomy":"product_cat","embeddable":true,"href":"https:\/\/chemneo.com\/pt\/wp-json\/wp\/v2\/product_cat?post=15014"},{"taxonomy":"product_tag","embeddable":true,"href":"https:\/\/chemneo.com\/pt\/wp-json\/wp\/v2\/product_tag?post=15014"}],"curies":[{"name":"wp","href":"https:\/\/api.w.org\/{rel}","templated":true}]}}