{"id":173,"date":"2024-08-06T01:56:55","date_gmt":"2024-08-06T01:56:55","guid":{"rendered":"https:\/\/chemneo.com\/?post_type=product&#038;p=173"},"modified":"2024-08-06T01:57:20","modified_gmt":"2024-08-06T01:57:20","slug":"isothiazolinones-cas26172-55-4","status":"publish","type":"product","link":"https:\/\/chemneo.com\/pt\/product\/173.html","title":{"rendered":"Isothiazolinones CAS#26172-55-4"},"content":{"rendered":"<div id=\"ContentPlaceHolder1_ProductChemPropertyA\">\n<table border=\"0\" width=\"100%\" cellspacing=\"0\" cellpadding=\"0\" align=\"center\">\n<tbody>\n<tr>\n<td class=\"td6\" bgcolor=\"DEEEF4\" width=\"611\" height=\"23\">Isothiazolinones Chemical Properties<\/td>\n<\/tr>\n<\/tbody>\n<\/table>\n<table border=\"0\" width=\"100%\" cellspacing=\"1\" cellpadding=\"2\" bgcolor=\"d5d5d5\">\n<tbody>\n<tr class=\"ProdSupplierGN_ProductA_1\">\n<td class=\"td12\">Melting point<\/td>\n<td bgcolor=\"#fafafa\"><span style=\"color: #0066cc;\">42-45?C<\/span><\/td>\n<\/tr>\n<tr class=\"ProdSupplierGN_ProductA_2\">\n<td bgcolor=\"#FFFFFF\">Ponto de ebuli\u00e7\u00e3o<\/td>\n<td bgcolor=\"#FFFFFF\"><span style=\"color: #0066cc;\">109.7\u00b0C<\/span><\/td>\n<\/tr>\n<tr class=\"ProdSupplierGN_ProductA_1\">\n<td class=\"td12\">densidade<\/td>\n<td bgcolor=\"#fafafa\"><span style=\"color: #0066cc;\">1.25 (14% aq.)<\/span><\/td>\n<\/tr>\n<tr class=\"ProdSupplierGN_ProductA_2\">\n<td bgcolor=\"#FFFFFF\">\u00edndice de refra\u00e7\u00e3o<\/td>\n<td bgcolor=\"#FFFFFF\"><span style=\"color: #0066cc;\"><i>n<\/i>20\/D 1.378<\/span><\/td>\n<\/tr>\n<tr class=\"ProdSupplierGN_ProductA_1\">\n<td class=\"td12\">storage temp.<\/td>\n<td bgcolor=\"#fafafa\"><span style=\"color: #0066cc;\">Refrigerator<\/span><\/td>\n<\/tr>\n<tr class=\"ProdSupplierGN_ProductA_2\">\n<td bgcolor=\"#FFFFFF\">solubility<\/td>\n<td bgcolor=\"#FFFFFF\"><span style=\"color: #0066cc;\">Chloroform (Slightly), DMSO (Slightly), Methanol (Slightly, Heated)<\/span><\/td>\n<\/tr>\n<tr class=\"ProdSupplierGN_ProductA_1\">\n<td class=\"td12\">forma<\/td>\n<td bgcolor=\"#fafafa\"><span style=\"color: #0066cc;\">L\u00edquido<\/span><\/td>\n<\/tr>\n<tr class=\"ProdSupplierGN_ProductA_2\">\n<td bgcolor=\"#FFFFFF\">pka<\/td>\n<td bgcolor=\"#FFFFFF\"><span style=\"color: #0066cc;\">-4.06\u00b10.40(Predicted)<\/span><\/td>\n<\/tr>\n<tr class=\"ProdSupplierGN_ProductA_1\">\n<td class=\"td12\">Estabilidade:<\/td>\n<td bgcolor=\"#fafafa\"><span style=\"color: #0066cc;\">Stable. Incompatible with strong oxidizing agents.<\/span><\/td>\n<\/tr>\n<tr class=\"ProdSupplierGN_ProductA_2\">\n<td bgcolor=\"#FFFFFF\">LogP<\/td>\n<td bgcolor=\"#FFFFFF\"><span style=\"color: #0066cc;\">0.240 (est)<\/span><\/td>\n<\/tr>\n<tr class=\"ProdSupplierGN_ProductA_1\">\n<td class=\"td12\">CAS DataBase Reference<\/td>\n<td bgcolor=\"#fafafa\"><span style=\"color: #0066cc;\"><a title=\"26172-55-4(CAS DataBase Reference)\" href=\"https:\/\/www.chemicalbook.com\/CAS_26172-55-4.htm\" target=\"_blank\" rel=\"noopener\">26172-55-4(CAS DataBase Reference)<\/a><\/span><\/td>\n<\/tr>\n<tr class=\"ProdSupplierGN_ProductA_2\">\n<td bgcolor=\"#FFFFFF\">NIST Chemistry Reference<\/td>\n<td bgcolor=\"#FFFFFF\"><span style=\"color: #0066cc;\"><a title=\"5-Chloro-2-methyl-3(2h)-isothiazolone(26172-55-4)\" href=\"http:\/\/webbook.nist.gov\/cgi\/cbook.cgi?ID=26172-55-4&amp;Units=SI\" rel=\"nofollow noopener\" target=\"_blank\">5-Chloro-2-methyl-3(2h)-isothiazolone(26172-55-4)<\/a><\/span><\/td>\n<\/tr>\n<tr class=\"ProdSupplierGN_ProductA_1\">\n<td class=\"td12\">Sistema de Registo de Subst\u00e2ncias da EPA<\/td>\n<td bgcolor=\"#fafafa\"><span style=\"color: #0066cc;\"><a title=\"5-Chloro-2-methyl-4-isothiazolin-3-one (26172-55-4)\" href=\"https:\/\/ofmpub.epa.gov\/sor_internet\/registry\/substreg\/searchandretrieve\/substancesearch\/search.do?details=displayDetails&amp;selectedSubstanceId=57230\" rel=\"nofollow noopener\" target=\"_blank\">5-Chloro-2-methyl-4-isothiazolin-3-one (26172-55-4)<\/a><\/span><\/td>\n<\/tr>\n<\/tbody>\n<\/table>\n<\/div>\n<div id=\"ContentPlaceHolder1_ProductChemSafePropertyA\">\n<table border=\"0\" width=\"100%\" cellspacing=\"0\" cellpadding=\"0\" align=\"center\">\n<tbody>\n<tr>\n<td bgcolor=\"64B7D7\" height=\"1\"><\/td>\n<\/tr>\n<tr>\n<td class=\"td6\" bgcolor=\"DEEEF4\" width=\"611\" height=\"23\">Informa\u00e7\u00f5es de seguran\u00e7a<\/td>\n<\/tr>\n<\/tbody>\n<\/table>\n<table border=\"0\" width=\"100%\" cellspacing=\"1\" cellpadding=\"2\" bgcolor=\"d5d5d5\">\n<tbody>\n<tr class=\"ProdSupplierGN_ProductA_1\">\n<td class=\"td12\">Hazard Codes<\/td>\n<td bgcolor=\"#fafafa\"><span style=\"color: #0066cc;\"><a href=\"https:\/\/www.chemicalbook.com\/RiskAndSafety.htm#hazards\" target=\"_blank\" rel=\"noopener\">C,N,T,Xn<\/a><\/span><\/td>\n<\/tr>\n<tr class=\"ProdSupplierGN_ProductA_2\">\n<td bgcolor=\"#FFFFFF\">Risk Statements<\/td>\n<td bgcolor=\"#FFFFFF\"><span style=\"color: #0066cc;\"><a href=\"https:\/\/www.chemicalbook.com\/RiskAndSafety.htm#Risk\" target=\"_blank\" rel=\"noopener\">34-43-50-20\/21\/22-50\/53-23\/24\/25-42\/43<\/a><\/span><\/td>\n<\/tr>\n<tr class=\"ProdSupplierGN_ProductA_1\">\n<td class=\"td12\">Safety Statements<\/td>\n<td bgcolor=\"#fafafa\"><span style=\"color: #0066cc;\"><a href=\"https:\/\/www.chemicalbook.com\/RiskAndSafety.htm#Safety\" target=\"_blank\" rel=\"noopener\">26-36\/37\/39-45-60-61-24-28-36\/37-23<\/a><\/span><\/td>\n<\/tr>\n<tr class=\"ProdSupplierGN_ProductA_2\">\n<td bgcolor=\"#FFFFFF\">RIDADR<\/td>\n<td bgcolor=\"#FFFFFF\"><span style=\"color: #0066cc;\">UN 1760 8\/PG 2<\/span><\/td>\n<\/tr>\n<tr class=\"ProdSupplierGN_ProductA_1\">\n<td class=\"td12\">WGK Germany<\/td>\n<td bgcolor=\"#fafafa\"><span style=\"color: #0066cc;\">1<\/span><\/td>\n<\/tr>\n<tr class=\"ProdSupplierGN_ProductA_2\">\n<td bgcolor=\"#FFFFFF\">RTECS<\/td>\n<td bgcolor=\"#FFFFFF\"><span style=\"color: #0066cc;\">NX8156850<\/span><\/td>\n<\/tr>\n<tr class=\"ProdSupplierGN_ProductA_1\">\n<td class=\"td12\">HazardClass<\/td>\n<td bgcolor=\"#fafafa\"><span style=\"color: #0066cc;\">8<\/span><\/td>\n<\/tr>\n<tr class=\"ProdSupplierGN_ProductA_2\">\n<td bgcolor=\"#FFFFFF\">PackingGroup<\/td>\n<td bgcolor=\"#FFFFFF\"><span style=\"color: #0066cc;\">III<\/span><\/td>\n<\/tr>\n<tr class=\"ProdSupplierGN_ProductA_1\">\n<td class=\"td12\">HS Code<\/td>\n<td bgcolor=\"#fafafa\"><span style=\"color: #0066cc;\">3808929090<\/span><\/td>\n<\/tr>\n<tr class=\"ProdSupplierGN_ProductA_2\">\n<td bgcolor=\"#FFFFFF\">Hazardous Substances Data<\/td>\n<td bgcolor=\"#FFFFFF\"><span style=\"color: #0066cc;\"><a title=\"26172-55-4(Hazardous Substances Data)\" href=\"https:\/\/pubchem.ncbi.nlm.nih.gov\/source\/hsdb\/8270\" rel=\"nofollow noopener\" target=\"_blank\">26172-55-4(Hazardous Substances Data)<\/a><\/span><\/td>\n<\/tr>\n<\/tbody>\n<\/table>\n<\/div>","protected":false},"excerpt":{"rendered":"<p>As isotiazolinonas s\u00e3o uma classe de fungicidas e biocidas de largo espetro e altamente eficazes, compostos por 5-cloro-2-metil-4-tiazolina-3-ona (CMI) e 2-metil-4-tiazolina-3-ona (MI). Estes compostos s\u00e3o reconhecidos pela sua a\u00e7\u00e3o r\u00e1pida contra os micr\u00f3bios, inibindo o seu crescimento por contacto e provocando a morte celular <span class=\"ragTag___IXxub\"><span class=\"refIndex___iN7ZN ragIndex___HYxyx\">9<\/span><\/span>. Caracterizam-se por uma elevada efic\u00e1cia biocida, boa degrada\u00e7\u00e3o, aus\u00eancia de res\u00edduos, seguran\u00e7a de funcionamento, compatibilidade, estabiliza\u00e7\u00e3o e baixos custos operacionais <span class=\"ragTag___IXxub\"><span class=\"refIndex___iN7ZN ragIndex___HYxyx\">9<\/span><\/span>.<\/p>\n<p>As isotiazolinonas s\u00e3o utilizadas em v\u00e1rias aplica\u00e7\u00f5es industriais, incluindo sistemas de arrefecimento de \u00e1gua e tratamento de \u00e1guas residuais em dom\u00ednios como o petr\u00f3leo, fabrico de papel, pesticidas, \u00f3leos de corte, couro, detergentes e cosm\u00e9ticos. S\u00e3o compat\u00edveis com o cloro e com a maioria dos tensioactivos cati\u00f3nicos, ani\u00f3nicos e n\u00e3o i\u00f3nicos e, em dosagens mais elevadas, apresentam excelentes efeitos de remo\u00e7\u00e3o de lamas biol\u00f3gicas <span class=\"ragTag___IXxub\"><span class=\"refIndex___iN7ZN ragIndex___HYxyx\">9<\/span><\/span>.<\/p>\n<p class=\"last-node\">O conte\u00fado ativo dos produtos \u00e0 base de isotiazolinonas varia normalmente entre 1,5% e 15%, com um valor de pH entre 1,0 e 5,0, dependendo do grau. Est\u00e3o dispon\u00edveis em v\u00e1rias formas, como l\u00edquidos transparentes, e s\u00e3o embalados em quantidades que podem ser adaptadas a necessidades industriais espec\u00edficas <span class=\"ragTag___IXxub\"><span class=\"refIndex___iN7ZN ragIndex___HYxyx\">10<\/span><\/span>. S\u00e3o essenciais precau\u00e7\u00f5es de seguran\u00e7a ao manusear isotiazolinonas devido \u00e0 sua natureza corrosiva; n\u00e3o devem entrar em contacto com a pele ou os olhos e recomenda-se a utiliza\u00e7\u00e3o de equipamento de prote\u00e7\u00e3o durante a utiliza\u00e7\u00e3o<\/p>","protected":false},"featured_media":210,"comment_status":"closed","ping_status":"closed","template":"","meta":[],"product_brand":[],"product_cat":[22],"product_tag":[24],"class_list":{"0":"post-173","1":"product","2":"type-product","3":"status-publish","4":"has-post-thumbnail","6":"product_cat-daily-chemicals","7":"product_tag-daily-chemicals","9":"first","10":"instock","11":"shipping-taxable","12":"product-type-simple"},"_links":{"self":[{"href":"https:\/\/chemneo.com\/pt\/wp-json\/wp\/v2\/product\/173","targetHints":{"allow":["GET"]}}],"collection":[{"href":"https:\/\/chemneo.com\/pt\/wp-json\/wp\/v2\/product"}],"about":[{"href":"https:\/\/chemneo.com\/pt\/wp-json\/wp\/v2\/types\/product"}],"replies":[{"embeddable":true,"href":"https:\/\/chemneo.com\/pt\/wp-json\/wp\/v2\/comments?post=173"}],"wp:featuredmedia":[{"embeddable":true,"href":"https:\/\/chemneo.com\/pt\/wp-json\/wp\/v2\/media\/210"}],"wp:attachment":[{"href":"https:\/\/chemneo.com\/pt\/wp-json\/wp\/v2\/media?parent=173"}],"wp:term":[{"taxonomy":"product_brand","embeddable":true,"href":"https:\/\/chemneo.com\/pt\/wp-json\/wp\/v2\/product_brand?post=173"},{"taxonomy":"product_cat","embeddable":true,"href":"https:\/\/chemneo.com\/pt\/wp-json\/wp\/v2\/product_cat?post=173"},{"taxonomy":"product_tag","embeddable":true,"href":"https:\/\/chemneo.com\/pt\/wp-json\/wp\/v2\/product_tag?post=173"}],"curies":[{"name":"wp","href":"https:\/\/api.w.org\/{rel}","templated":true}]}}